{"id":9211,"date":"2026-04-16T13:08:20","date_gmt":"2026-04-16T11:08:20","guid":{"rendered":"https:\/\/www.gallun-shop.com\/produkt\/reinigungsspray-ecs-02-contact-cleaner-400ml-sprayflasche\/"},"modified":"2026-05-13T22:00:53","modified_gmt":"2026-05-13T20:00:53","slug":"reinigungsspray-ecs-02-contact-cleaner-400ml-sprayflasche","status":"publish","type":"product","link":"https:\/\/www.gallun-shop.com\/en\/produkt\/reinigungsspray-ecs-02-contact-cleaner-400ml-sprayflasche\/","title":{"rendered":"Cleaning spray ECS 02 Contact Cleaner, 400ml, spray bottle"},"content":{"rendered":"<p class=\"qtranxs-available-languages-message qtranxs-available-languages-message-en\">Sorry, this entry is only available in <a href=\"https:\/\/www.gallun-shop.com\/de\/wp-json\/wp\/v2\/product\/9211\" class=\"qtranxs-available-language-link qtranxs-available-language-link-de\" title=\"Deutsch\">Deutsch<\/a>.<\/p><p>Reinigungsspray ECS 02 Contact Cleaner, 400ml, Sprayflasche<\/p>\n<p>Die Wirkung von CONTACT CLEANER beruht auf besonders hochwertigen, wirkungsvollen und speziell abgestimmten L\u00f6sungsmitteln. Die Inhaltsstoffe verdunsten schnell und vollkommen r\u00fcckstandsfrei. Aufgrund der besonderen Wirkstoffkombination ist CONTACT CLEANER sehr universell einsetzbar.<\/p>\n<p>CONTACT CLEANER ist \u00fcberall dort einsetzbar, wo eine schonende, aber wirksame Reinigung von elektronischen Bauteilen gew\u00fcnscht wird, z.B. bei elektromagnetischen Kontakten, Relais, Sensoren, Verteilern, aber auch fertigen Leiterplatten. Besonders geeignet auch f\u00fcr die Anwendung bei empfindlichen Pr\u00e4zisionsinstrumenten. <\/p>\n<p>CONTACT CLEANER kann auch als Erg\u00e4nzung oder als Ersatz zur Ultraschallreinigung verwendet werden.<\/p>\n<p>CONTACT CLEANER bietet eine rasche und zuverl\u00e4ssige Reinigung. Die zu reinigenden Stellen mit kr\u00e4ftigen Spr\u00fchst\u00f6\u00dfen s\u00e4ubern. Bei schwer zug\u00e4nglichen Stellen Spr\u00fchrohr aufsetzen und mittels gezieltem Spr\u00fchstrahl reinigen.<br \/>\nNicht in der N\u00e4he von Flammen oder hei\u00dfen Gegenst\u00e4ndern verwenden. Spannungsf\u00fchrende Ger\u00e4te vor der Verwendung ausschalten. L\u00f6semittel vor dem<br \/>\nEinschalten vollst\u00e4ndig verdunsten lassen. Reinigungshinweise des Ger\u00e4teherstellers beachten!<\/p>\n<p>&#8211; Beschaffenheit: farblos, klare Fl\u00fcssigkeit<br \/>\n&#8211; Geruch: nach Alkohol<br \/>\n&#8211; verdunstet rasch<br \/>\n&#8211; Dichte bei 20\u00b0C: 0,67g\/cm3<br \/>\n&#8211; keine R\u00fcckst\u00e4nde<br \/>\n&#8211; Flammpunkt: &lt; 0\u00b0C<br \/>\n&#8211; Materialvertr\u00e4glichkeit: gut<br \/>\n&#8211; Oberfl\u00e4chenspannung: 22mN\/m<\/p>\n<p>Bei sachgem\u00e4\u00dfer Lagerung betr\u00e4gt die Haltbarkeit 2 Jahre.<br \/>\nCleaning Spray ECS 02 Contact Cleaner, 400ml, Spray Bottle<\/p>\n<p>CONTACT CLEANER is based on particularly high-quality, effective and specially formulated solvents. The ingredients evaporate quickly and completely residue-free. Due to the special combination of active ingredients, CONTACT CLEANER is very universally applicable.<\/p>\n<p>CONTACT CLEANER can be used wherever gentle but effective cleaning of electronic components is required, e.g. for electromagnetic contacts, relays, sensors, distributors, but also for finished printed circuit boards. It is particularly suitable for use with sensitive precision instruments. <\/p>\n<p>CONTACT CLEANER can also be used as a supplement or replacement for ultrasonic cleaning.<\/p>\n<p>CONTACT CLEANER offers a quick and reliable cleaning. Clean the parts to be cleaned with strong sprays. For hard-to-reach places, attach a spray tube and clean with a targeted spray.<br \/>\nDo not use near flames or hot objects. Switch off live devices before use.<br \/>\nAllow the solvent to evaporate completely before switching on. Follow the device manufacturer&#039;s cleaning instructions!<\/p>\n<p>&#8211; Consistency: colorless, clear liquid<br \/>\n&#8211; Smell: like alcohol<br \/>\n&#8211; Evaporates quickly<br \/>\n&#8211; Density at 20\u00b0C: 0.67g\/cm3<br \/>\n&#8211; No residue<br \/>\n&#8211; Flash point:<\/p>","protected":false},"excerpt":{"rendered":"<p>Sorry, this entry is only available in Deutsch.Reinigungsspray ECS 02 Contact Cleaner, 400ml, Sprayflasche Die Wirkung von CONTACT CLEANER beruht auf besonders hochwertigen, wirkungsvollen und speziell abgestimmten L\u00f6sungsmitteln. Die Inhaltsstoffe verdunsten schnell und vollkommen r\u00fcckstandsfrei. Aufgrund der besonderen Wirkstoffkombination ist CONTACT CLEANER sehr universell einsetzbar. CONTACT CLEANER ist \u00fcberall dort einsetzbar, wo eine schonende, aber [&hellip;]<\/p>\n","protected":false},"featured_media":73763,"template":"","meta":{"ep_exclude_from_search":false},"product_cat":[197],"product_tag":[],"class_list":{"0":"post-9211","1":"product","2":"type-product","3":"status-publish","4":"has-post-thumbnail","6":"product_cat-sprays","7":"product_shipping_class-postwarenpost-individuell","9":"first","10":"instock","11":"taxable","12":"shipping-taxable","13":"purchasable","14":"product-type-simple","15":"has-discount-price"},"_links":{"self":[{"href":"https:\/\/www.gallun-shop.com\/en\/wp-json\/wp\/v2\/product\/9211"}],"collection":[{"href":"https:\/\/www.gallun-shop.com\/en\/wp-json\/wp\/v2\/product"}],"about":[{"href":"https:\/\/www.gallun-shop.com\/en\/wp-json\/wp\/v2\/types\/product"}],"wp:featuredmedia":[{"embeddable":true,"href":"https:\/\/www.gallun-shop.com\/en\/wp-json\/wp\/v2\/media\/73763"}],"wp:attachment":[{"href":"https:\/\/www.gallun-shop.com\/en\/wp-json\/wp\/v2\/media?parent=9211"}],"wp:term":[{"taxonomy":"product_cat","embeddable":true,"href":"https:\/\/www.gallun-shop.com\/en\/wp-json\/wp\/v2\/product_cat?post=9211"},{"taxonomy":"product_tag","embeddable":true,"href":"https:\/\/www.gallun-shop.com\/en\/wp-json\/wp\/v2\/product_tag?post=9211"}],"curies":[{"name":"wp","href":"https:\/\/api.w.org\/{rel}","templated":true}]}}