{"id":9208,"date":"2026-04-16T13:08:26","date_gmt":"2026-04-16T11:08:26","guid":{"rendered":"https:\/\/www.gallun-shop.com\/produkt\/kaeltespray-ecs-62-freezer-fl-bis-50c-400ml-sprayflasche\/"},"modified":"2026-04-22T10:00:35","modified_gmt":"2026-04-22T08:00:35","slug":"kaeltespray-ecs-62-freezer-fl-bis-50c-400ml-sprayflasche","status":"publish","type":"product","link":"https:\/\/www.gallun-shop.com\/en\/produkt\/kaeltespray-ecs-62-freezer-fl-bis-50c-400ml-sprayflasche\/","title":{"rendered":"Cold spray ECS 62 Freezer-FL, up to -50\u00b0C, 400ml, spray bottle"},"content":{"rendered":"<p class=\"qtranxs-available-languages-message qtranxs-available-languages-message-en\">Sorry, this entry is only available in <a href=\"https:\/\/www.gallun-shop.com\/de\/wp-json\/wp\/v2\/product\/9208\" class=\"qtranxs-available-language-link qtranxs-available-language-link-de\" title=\"Deutsch\">Deutsch<\/a>.<\/p><p>K\u00e4ltespray ECS 62 Freezer-FL, 400ml, Sprayflasche<\/p>\n<p>Zur thermischen Fehlererkennung, K\u00fchlung bis -50\u00b0C. FREEZER-FL gew\u00e4hrleistet eine rasche und zuverl\u00e4ssige K\u00fchlung bis -50\u00b0C, ist chemisch rein, verdampft sofort ohne R\u00fcckst\u00e4nde und greift die g\u00e4ngigsten Materialien nicht an.<\/p>\n<p>Das Spray findet Anwendung bei der Pr\u00fcfung von elektronischen System und hitzeempfindlichen Komponenten wie z.B. IC \u0301s, Transistoren, Dioden, Widerst\u00e4nde, Kondensatoren. Geeignet zum Hitzeschutz w\u00e4hrend dem L\u00f6ten und Entl\u00f6ten. Zur schnellen Beeinflussung von Thermostaten, Thermoschaltern zu Testzwecken. Ideal zum Abk\u00fchlen von Metallteilen bei der Darstellung von Schrumpf-und Presspassungen. Lokalisiert Haarrisse auf Leiterplatten.<\/p>\n<p>FREEZER-FL gew\u00e4hrleistet eine rasche und zuverl\u00e4ssige K\u00fchlung bis -50\u00b0C, ist chemisch rein, verdampft sofort ohne R\u00fcckst\u00e4nde und greift die g\u00e4ngigsten Materialien nicht an.<\/p>\n<p>&#8211; Weissblechdose mit Spr\u00fchkopf und Kapillarrohr<br \/>\n&#8211; Dichte bei 25\u00b0C: 0,55g\/cm3<br \/>\n&#8211; Geruchslos<br \/>\n&#8211; Verdunstet komplett<br \/>\n&#8211; Erreichbare Temperatur: bis -50\u00b0C<br \/>\n&#8211; Flammpunkt: &lt; 0\u00b0C<br \/>\n&#8211; Druck: 4,8 bar Druck (+20\u00b0C)<br \/>\n&#8211; Materialvertr\u00e4glichkeit: sehr gut<\/p>\n<p>Bei sachgem\u00e4\u00dfer Lagerung betr\u00e4gt die Haltbarkeit 2 Jahre.<br \/>\nCold spray ECS 62 Freezer-FL, 400ml, spray bottle<\/p>\n<p>For thermal fault detection, cooling down to -50\u00b0C. FREEZER-FL ensures rapid and reliable cooling down to -50\u00b0C, is chemically pure, evaporates immediately without leaving any residue and does not attack the most common materials.<\/p>\n<p>The spray is used to test electronic systems and heat-sensitive components such as ICs, transistors, diodes, resistors and capacitors. Suitable for heat protection during soldering and desoldering. For quickly influencing thermostats and thermoswitches for testing purposes. Ideal for cooling metal parts when demonstrating shrink and press fits. Localizes hairline cracks on printed circuit boards.<\/p>\n<p>FREEZER-FL ensures rapid and reliable cooling down to -50\u00b0C. It is chemically pure, evaporates immediately without leaving any residue and does not attack the most common materials.<\/p>\n<p>&#8211; Tinplate can with spray head and capillary tube<br \/>\n&#8211; Density at 25\u00b0C: 0.55g\/cm3<br \/>\n&#8211; Odorless<br \/>\n&#8211; Evaporates completely<br \/>\n&#8211; Achievable temperature: down to -50\u00b0C<br \/>\n&#8211; Flash point:<\/p>","protected":false},"excerpt":{"rendered":"<p>Sorry, this entry is only available in Deutsch.K\u00e4ltespray ECS 62 Freezer-FL, 400ml, Sprayflasche Zur thermischen Fehlererkennung, K\u00fchlung bis -50\u00b0C. FREEZER-FL gew\u00e4hrleistet eine rasche und zuverl\u00e4ssige K\u00fchlung bis -50\u00b0C, ist chemisch rein, verdampft sofort ohne R\u00fcckst\u00e4nde und greift die g\u00e4ngigsten Materialien nicht an. Das Spray findet Anwendung bei der Pr\u00fcfung von elektronischen System und hitzeempfindlichen Komponenten [&hellip;]<\/p>\n","protected":false},"featured_media":73774,"template":"","meta":{"ep_exclude_from_search":false},"product_cat":[197],"product_tag":[],"class_list":{"0":"post-9208","1":"product","2":"type-product","3":"status-publish","4":"has-post-thumbnail","6":"product_cat-sprays","7":"product_shipping_class-postwarenpost-individuell","9":"first","10":"instock","11":"taxable","12":"shipping-taxable","13":"purchasable","14":"product-type-simple","15":"has-discount-price"},"_links":{"self":[{"href":"https:\/\/www.gallun-shop.com\/en\/wp-json\/wp\/v2\/product\/9208"}],"collection":[{"href":"https:\/\/www.gallun-shop.com\/en\/wp-json\/wp\/v2\/product"}],"about":[{"href":"https:\/\/www.gallun-shop.com\/en\/wp-json\/wp\/v2\/types\/product"}],"wp:featuredmedia":[{"embeddable":true,"href":"https:\/\/www.gallun-shop.com\/en\/wp-json\/wp\/v2\/media\/73774"}],"wp:attachment":[{"href":"https:\/\/www.gallun-shop.com\/en\/wp-json\/wp\/v2\/media?parent=9208"}],"wp:term":[{"taxonomy":"product_cat","embeddable":true,"href":"https:\/\/www.gallun-shop.com\/en\/wp-json\/wp\/v2\/product_cat?post=9208"},{"taxonomy":"product_tag","embeddable":true,"href":"https:\/\/www.gallun-shop.com\/en\/wp-json\/wp\/v2\/product_tag?post=9208"}],"curies":[{"name":"wp","href":"https:\/\/api.w.org\/{rel}","templated":true}]}}