{"id":8673,"date":"2026-04-30T08:56:03","date_gmt":"2026-04-30T06:56:03","guid":{"rendered":"https:\/\/www.gallun-shop.com\/produkt\/maxell-plugz-ohrhoerer-pink\/"},"modified":"2026-04-30T21:57:05","modified_gmt":"2026-04-30T19:57:05","slug":"maxell-plugz-ohrhoerer-pink","status":"publish","type":"product","link":"https:\/\/www.gallun-shop.com\/en\/produkt\/maxell-plugz-ohrhoerer-pink\/","title":{"rendered":"MAXELL PLUGZ earphones, pink"},"content":{"rendered":"<p class=\"qtranxs-available-languages-message qtranxs-available-languages-message-en\">Sorry, this entry is only available in <a href=\"https:\/\/www.gallun-shop.com\/de\/wp-json\/wp\/v2\/product\/8673\" class=\"qtranxs-available-language-link qtranxs-available-language-link-de\" title=\"Deutsch\">Deutsch<\/a>.<\/p><p>Die Plugz Ohrh\u00f6rer sind kleine, leichte Ohrh\u00f6rer und ideal f\u00fcr unterwegs oder zu Hause. Sie sitzen dank der weichen Ohrst\u00f6psel und der kleinen Form bequem im Ohr und sind deshalb gut zum langen H\u00f6ren geeignet.<\/p>\n<p>Merkmale: <\/p>\n<p>F\u00fcr den allt\u00e4glichen Gebrauch geeignet<br \/>\nDer Knopf im Ohr f\u00fcr eine nat\u00fcrliche Rauschunterdr\u00fcckung<br \/>\nPassend f\u00fcr alle Ger\u00e4te mit 3,5 mm Kopfh\u00f6rerbuchse<br \/>\nTreiber 9mm<br \/>\nImpedanz 16ohms at 1kHz<br \/>\nMagnet Neodymium (NdFeB)<br \/>\nFilm 0.006mm<br \/>\nSpule 7.4mm<br \/>\nEmpfindlichkeit 95dB +\/- 3dB (1kHz)<br \/>\nKanalabweichung &lt;3dB<br \/>\nEingangsempfindlichkeit 1mW<br \/>\nMaximale Eingangsempfindlichkeit 5mW<br \/>\nFrequenzgang 20Hz &#8211; 20kHz<br \/>\nStecker 3.5mm Straight Plug<br \/>\nKabell\u00e4nge 1.2m<br \/>\nPlugz earphones are small, lightweight earphones that are ideal for use on the go or at home. Thanks to their soft earbuds and small size, they fit comfortably in the ear and are therefore well suited for long periods of listening.<\/p>\n<p>Features: <\/p>\n<p>Suitable for everyday use<br \/>\nThe button in the ear for natural noise reduction<br \/>\nCompatible with all devices with a 3.5 mm headphone jack<br \/>\n9 mm driver<br \/>\nImpedance 16 ohms at 1 kHz<br \/>\nMagnet: Neodymium (NdFeB)<br \/>\nFilm 0.006 mm<br \/>\nCoil 7.4 mm<br \/>\nSensitivity 95dB +\/- 3dB (1kHz)<br \/>\nChannel deviation<\/p>","protected":false},"excerpt":{"rendered":"<p>Sorry, this entry is only available in Deutsch.Die Plugz Ohrh\u00f6rer sind kleine, leichte Ohrh\u00f6rer und ideal f\u00fcr unterwegs oder zu Hause. Sie sitzen dank der weichen Ohrst\u00f6psel und der kleinen Form bequem im Ohr und sind deshalb gut zum langen H\u00f6ren geeignet. Merkmale: F\u00fcr den allt\u00e4glichen Gebrauch geeignet Der Knopf im Ohr f\u00fcr eine nat\u00fcrliche [&hellip;]<\/p>\n","protected":false},"featured_media":60105,"template":"","meta":{"ep_exclude_from_search":false},"product_cat":[146],"product_tag":[],"class_list":{"0":"post-8673","1":"product","2":"type-product","3":"status-publish","4":"has-post-thumbnail","6":"product_cat-ohrhoerer","7":"product_shipping_class-postwarenpost-individuell","9":"first","10":"onbackorder","11":"taxable","12":"shipping-taxable","13":"purchasable","14":"product-type-simple"},"_links":{"self":[{"href":"https:\/\/www.gallun-shop.com\/en\/wp-json\/wp\/v2\/product\/8673"}],"collection":[{"href":"https:\/\/www.gallun-shop.com\/en\/wp-json\/wp\/v2\/product"}],"about":[{"href":"https:\/\/www.gallun-shop.com\/en\/wp-json\/wp\/v2\/types\/product"}],"wp:featuredmedia":[{"embeddable":true,"href":"https:\/\/www.gallun-shop.com\/en\/wp-json\/wp\/v2\/media\/60105"}],"wp:attachment":[{"href":"https:\/\/www.gallun-shop.com\/en\/wp-json\/wp\/v2\/media?parent=8673"}],"wp:term":[{"taxonomy":"product_cat","embeddable":true,"href":"https:\/\/www.gallun-shop.com\/en\/wp-json\/wp\/v2\/product_cat?post=8673"},{"taxonomy":"product_tag","embeddable":true,"href":"https:\/\/www.gallun-shop.com\/en\/wp-json\/wp\/v2\/product_tag?post=8673"}],"curies":[{"name":"wp","href":"https:\/\/api.w.org\/{rel}","templated":true}]}}