{"id":8369,"date":"2026-04-13T13:16:11","date_gmt":"2026-04-13T11:16:11","guid":{"rendered":"https:\/\/www.gallun-shop.com\/produkt\/ankaro-dvb-t2-aussenantenne\/"},"modified":"2026-05-13T21:55:10","modified_gmt":"2026-05-13T19:55:10","slug":"ankaro-dvb-t2-aussenantenne","status":"publish","type":"product","link":"https:\/\/www.gallun-shop.com\/en\/produkt\/ankaro-dvb-t2-aussenantenne\/","title":{"rendered":"ANKARO DVB-T\/DVB-T2\/FM and DAB+ outdoor antenna"},"content":{"rendered":"<p class=\"qtranxs-available-languages-message qtranxs-available-languages-message-en\">Sorry, this entry is only available in <a href=\"https:\/\/www.gallun-shop.com\/de\/wp-json\/wp\/v2\/product\/8369\" class=\"qtranxs-available-language-link qtranxs-available-language-link-de\" title=\"Deutsch\">Deutsch<\/a>.<\/p><p>ANKARO DVB-T2 Au\u00dfenantenne<\/p>\n<p>Diese neu konzipierte speziell entworfene Ankaro DVB -T Antenne eignet sich bestens f\u00fcr den Empfang digitaler terrestrischer Signale f\u00fcr zu Hause, Kleing\u00e4rten\/Wohnwagen oder f\u00fcr Unterwegs. Der Satz enth\u00e4lt ein komplettes Wand- oder Mastmontagezubeh\u00f6r. Die Antenne hat ein gegen UV-Strahlen best\u00e4ndiges Geh\u00e4use und sie ist gleichzeitig wasserabweisend, deshalb kann sie innen und au\u00dfen eingesetzt werden.<\/p>\n<p>Technische Daten:<br \/>\n&#8211; unterst\u00fctzte Frequenzbereiche<br \/>\n   FM: 87-108 Mhz<br \/>\n   VHF: 174-230 Mhz<br \/>\n   UHF: 470-790 MHz<br \/>\n&#8211; Verst\u00e4rkung: FM:25dB, VHF:32 dB, UHF:32dB.<br \/>\n&#8211; Max.Ausgangsniveau: 100dB\u03bcV<br \/>\n&#8211; Impedanz: 75 \u03a9<br \/>\n&#8211; Rauschma\u00df &lt;3,5dB<br \/>\n&#8211; LTE abgeschirmt<br \/>\n&#8211; Geh\u00e4use Wassergesch\u00fctzt und UV-resistent<br \/>\n&#8211; Versorgung: AC\/DC Netzteil (DC 12V\/50mA)<br \/>\nANKAR DVB-T\/DVB-T2\/FM and DAB+ outdoor antenna<\/p>\n<p>This newly designed Ankaro DVB-T antenna is ideal for receiving DVB-T\/DVB-T2\/FM and DAB+ signals at home, in allotments\/caravans or on the road. The set includes complete wall or pole mounting accessories. The antenna has a UV-resistant and water-repellent housing, so it can be used indoors and outdoors.<\/p>\n<p>Technical data:<br \/>\n&#8211; Supported frequency ranges<br \/>\nFM: 87-108 Mhz<br \/>\nVHF: 174-230 Mhz<br \/>\nUHF: 470-790 MHz<br \/>\n&#8211; Gain: FM:25dB, VHF:32 dB, UHF:32dB.<br \/>\nMax. output level: 100dB\u03bcV<br \/>\nImpedance: 75 \u03a9<br \/>\nNoise factor<\/p>","protected":false},"excerpt":{"rendered":"<p>Sorry, this entry is only available in Deutsch.ANKARO DVB-T2 Au\u00dfenantenne Diese neu konzipierte speziell entworfene Ankaro DVB -T Antenne eignet sich bestens f\u00fcr den Empfang digitaler terrestrischer Signale f\u00fcr zu Hause, Kleing\u00e4rten\/Wohnwagen oder f\u00fcr Unterwegs. Der Satz enth\u00e4lt ein komplettes Wand- oder Mastmontagezubeh\u00f6r. Die Antenne hat ein gegen UV-Strahlen best\u00e4ndiges Geh\u00e4use und sie ist gleichzeitig [&hellip;]<\/p>\n","protected":false},"featured_media":56326,"template":"","meta":{"ep_exclude_from_search":false},"product_cat":[347],"product_tag":[],"class_list":{"0":"post-8369","1":"product","2":"type-product","3":"status-publish","4":"has-post-thumbnail","6":"product_cat-terrestrische-antennen","7":"product_shipping_class-paket","9":"first","10":"instock","11":"taxable","12":"shipping-taxable","13":"purchasable","14":"product-type-simple"},"_links":{"self":[{"href":"https:\/\/www.gallun-shop.com\/en\/wp-json\/wp\/v2\/product\/8369"}],"collection":[{"href":"https:\/\/www.gallun-shop.com\/en\/wp-json\/wp\/v2\/product"}],"about":[{"href":"https:\/\/www.gallun-shop.com\/en\/wp-json\/wp\/v2\/types\/product"}],"wp:featuredmedia":[{"embeddable":true,"href":"https:\/\/www.gallun-shop.com\/en\/wp-json\/wp\/v2\/media\/56326"}],"wp:attachment":[{"href":"https:\/\/www.gallun-shop.com\/en\/wp-json\/wp\/v2\/media?parent=8369"}],"wp:term":[{"taxonomy":"product_cat","embeddable":true,"href":"https:\/\/www.gallun-shop.com\/en\/wp-json\/wp\/v2\/product_cat?post=8369"},{"taxonomy":"product_tag","embeddable":true,"href":"https:\/\/www.gallun-shop.com\/en\/wp-json\/wp\/v2\/product_tag?post=8369"}],"curies":[{"name":"wp","href":"https:\/\/api.w.org\/{rel}","templated":true}]}}