{"id":83552,"date":"2026-04-05T09:01:49","date_gmt":"2026-04-05T07:01:49","guid":{"rendered":"https:\/\/www.gallun-shop.com\/produkt\/gallunoptimal-kabelflussmittel-iso-flux-fuer-kabel-und-spulen-mittel-aktiviert-orm1-voc-arm-halogenh-05-1-l-flasche\/"},"modified":"2026-04-05T09:50:25","modified_gmt":"2026-04-05T07:50:25","slug":"gallunoptimal-kabelflussmittel-iso-flux-fuer-kabel-und-spulen-mittel-aktiviert-orm1-voc-arm-halogenh-05-1-l-flasche","status":"publish","type":"product","link":"https:\/\/www.gallun-shop.com\/en\/produkt\/gallunoptimal-kabelflussmittel-iso-flux-fuer-kabel-und-spulen-mittel-aktiviert-orm1-voc-arm-halogenh-05-1-l-flasche\/","title":{"rendered":"GALLUNOPTIMAL cable flux ISO-Flux for cables and coils, medium activated, ORM1, low-VOC, halogen-free < 0.5 %, 1 L bottle"},"content":{"rendered":"<p class=\"qtranxs-available-languages-message qtranxs-available-languages-message-en\">Sorry, this entry is only available in <a href=\"https:\/\/www.gallun-shop.com\/de\/wp-json\/wp\/v2\/product\/83552\" class=\"qtranxs-available-language-link qtranxs-available-language-link-de\" title=\"Deutsch\">Deutsch<\/a>.<\/p><p>GALLUNOPTIMAL Kabelflussmittel ISO-Flux f\u00fcr Tauchverzinnung von Kabelenden und das Tauch- und Wellenl\u00f6ten von Kupferlackdr\u00e4hten, mittel aktiviert, geringste Kapillarwirkung, DIN EN ISO 9454-1 2123, ORM1, VOC-arm, Halogenidgehalt &lt; 0,5 %, Feststoffanteil 3<br \/>\nGALLUNOPTIMAL cable flux ISO-Flux for dip tinning cable ends and dip and wave soldering of enameled copper wires, medium activation, minimal capillary action, DIN EN ISO 9454-1 2123, ORM1, low VOC, halogen content<\/p>","protected":false},"excerpt":{"rendered":"<p>Sorry, this entry is only available in Deutsch.GALLUNOPTIMAL Kabelflussmittel ISO-Flux f\u00fcr Tauchverzinnung von Kabelenden und das Tauch- und Wellenl\u00f6ten von Kupferlackdr\u00e4hten, mittel aktiviert, geringste Kapillarwirkung, DIN EN ISO 9454-1 2123, ORM1, VOC-arm, Halogenidgehalt &lt; 0,5 %, Feststoffanteil 3 GALLUNOPTIMAL cable flux ISO-Flux for dip tinning cable ends and dip and wave soldering of enameled copper [&hellip;]<\/p>\n","protected":false},"featured_media":83702,"template":"","meta":{"ep_exclude_from_search":false},"product_cat":[263],"product_tag":[],"class_list":{"0":"post-83552","1":"product","2":"type-product","3":"status-publish","4":"has-post-thumbnail","6":"product_cat-loet-flussmittel","7":"product_shipping_class-paket","9":"first","10":"instock","11":"taxable","12":"shipping-taxable","13":"purchasable","14":"product-type-simple"},"_links":{"self":[{"href":"https:\/\/www.gallun-shop.com\/en\/wp-json\/wp\/v2\/product\/83552"}],"collection":[{"href":"https:\/\/www.gallun-shop.com\/en\/wp-json\/wp\/v2\/product"}],"about":[{"href":"https:\/\/www.gallun-shop.com\/en\/wp-json\/wp\/v2\/types\/product"}],"wp:featuredmedia":[{"embeddable":true,"href":"https:\/\/www.gallun-shop.com\/en\/wp-json\/wp\/v2\/media\/83702"}],"wp:attachment":[{"href":"https:\/\/www.gallun-shop.com\/en\/wp-json\/wp\/v2\/media?parent=83552"}],"wp:term":[{"taxonomy":"product_cat","embeddable":true,"href":"https:\/\/www.gallun-shop.com\/en\/wp-json\/wp\/v2\/product_cat?post=83552"},{"taxonomy":"product_tag","embeddable":true,"href":"https:\/\/www.gallun-shop.com\/en\/wp-json\/wp\/v2\/product_tag?post=83552"}],"curies":[{"name":"wp","href":"https:\/\/api.w.org\/{rel}","templated":true}]}}