{"id":83019,"date":"2026-04-29T12:46:13","date_gmt":"2026-04-29T10:46:13","guid":{"rendered":"https:\/\/www.gallun-shop.com\/produkt\/bernstein-pruefspitzen-paar-rot-und-schwarz\/"},"modified":"2026-05-13T21:55:33","modified_gmt":"2026-05-13T19:55:33","slug":"bernstein-pruefspitzen-paar-rot-und-schwarz","status":"publish","type":"product","link":"https:\/\/www.gallun-shop.com\/en\/produkt\/bernstein-pruefspitzen-paar-rot-und-schwarz\/","title":{"rendered":"Bernstein Pr\u00fcfspitzen-Paar, rot und schwarz"},"content":{"rendered":"<p class=\"qtranxs-available-languages-message qtranxs-available-languages-message-en\">Sorry, this entry is only available in <a href=\"https:\/\/www.gallun-shop.com\/de\/wp-json\/wp\/v2\/product\/83019\" class=\"qtranxs-available-language-link qtranxs-available-language-link-de\" title=\"Deutsch\">Deutsch<\/a>.<\/p><p>Bernstein Pr\u00fcfspitzen-Paar, rot und schwarz, besonders d\u00fcnn, spitz und biegsam, Klinge aus 1 mm Stahldraht, Bananenstecker-Anschlu\u00df, L\u00e4nge 155 mm<\/p>\n<p>BERNSTEIN Pr\u00fcfspitzen sind besonders d\u00fcnn, spitz und biegsam. Die vollisolierte und flexible Ausf\u00fchrung der Pr\u00fcfspitze verhindert beim Testen und Messen Kurzschl\u00fcsse und Besch\u00e4digungen, auch bei eng aneinandergereihten Kontakten<\/p>\n<p>&#8211; Messkategorie CAT I<br \/>\n&#8211; Bemessungspsannung 30 V\/AC und 60 V\/DC<br \/>\n&#8211; besonders feine, d\u00fcnne, biegsame Spitze<br \/>\n&#8211; 1 mm Stahldraht mit fein angeschliffener Spitze<br \/>\n&#8211; Anschluss f\u00fcr 4 mm Buchse<br \/>\n&#8211; Kunststoff-Griff<br \/>\n&#8211; bis auf die Spitze vollst\u00e4ndig isoliert<br \/>\n&#8211; Gesamtl\u00e4nge 155 mm<br \/>\n&#8211; Gewicht 18 g<br \/>\n<\/p>","protected":false},"excerpt":{"rendered":"<p>Sorry, this entry is only available in Deutsch.Bernstein Pr\u00fcfspitzen-Paar, rot und schwarz, besonders d\u00fcnn, spitz und biegsam, Klinge aus 1 mm Stahldraht, Bananenstecker-Anschlu\u00df, L\u00e4nge 155 mm BERNSTEIN Pr\u00fcfspitzen sind besonders d\u00fcnn, spitz und biegsam. Die vollisolierte und flexible Ausf\u00fchrung der Pr\u00fcfspitze verhindert beim Testen und Messen Kurzschl\u00fcsse und Besch\u00e4digungen, auch bei eng aneinandergereihten Kontakten &#8211; [&hellip;]<\/p>\n","protected":false},"featured_media":83031,"template":"","meta":{"ep_exclude_from_search":false},"product_cat":[384],"product_tag":[],"class_list":{"0":"post-83019","1":"product","2":"type-product","3":"status-publish","4":"has-post-thumbnail","6":"product_cat-spezialwerkzeuge","7":"product_shipping_class-postwarenpost-individuell","9":"first","10":"instock","11":"taxable","12":"shipping-taxable","13":"purchasable","14":"product-type-simple"},"_links":{"self":[{"href":"https:\/\/www.gallun-shop.com\/en\/wp-json\/wp\/v2\/product\/83019"}],"collection":[{"href":"https:\/\/www.gallun-shop.com\/en\/wp-json\/wp\/v2\/product"}],"about":[{"href":"https:\/\/www.gallun-shop.com\/en\/wp-json\/wp\/v2\/types\/product"}],"wp:featuredmedia":[{"embeddable":true,"href":"https:\/\/www.gallun-shop.com\/en\/wp-json\/wp\/v2\/media\/83031"}],"wp:attachment":[{"href":"https:\/\/www.gallun-shop.com\/en\/wp-json\/wp\/v2\/media?parent=83019"}],"wp:term":[{"taxonomy":"product_cat","embeddable":true,"href":"https:\/\/www.gallun-shop.com\/en\/wp-json\/wp\/v2\/product_cat?post=83019"},{"taxonomy":"product_tag","embeddable":true,"href":"https:\/\/www.gallun-shop.com\/en\/wp-json\/wp\/v2\/product_tag?post=83019"}],"curies":[{"name":"wp","href":"https:\/\/api.w.org\/{rel}","templated":true}]}}