{"id":82611,"date":"2026-05-12T12:42:11","date_gmt":"2026-05-12T10:42:11","guid":{"rendered":"https:\/\/www.gallun-shop.com\/produkt\/esd-klebebandabroller\/"},"modified":"2026-05-16T21:54:49","modified_gmt":"2026-05-16T19:54:49","slug":"esd-klebebandabroller","status":"publish","type":"product","link":"https:\/\/www.gallun-shop.com\/en\/produkt\/esd-klebebandabroller\/","title":{"rendered":"ESD adhesive tape dispenser"},"content":{"rendered":"<p class=\"qtranxs-available-languages-message qtranxs-available-languages-message-en\">Sorry, this entry is only available in <a href=\"https:\/\/www.gallun-shop.com\/de\/wp-json\/wp\/v2\/product\/82611\" class=\"qtranxs-available-language-link qtranxs-available-language-link-de\" title=\"Deutsch\">Deutsch<\/a>.<\/p><p>Der ESD Klebebandabroller 2890.A.50 ist ein robuster Tischabroller f\u00fcr Pack- und Kennzeichnungsb\u00e4nder bis 50 mm Breite \u2013 speziell f\u00fcr den Einsatz an ESD-Arbeitspl\u00e4tzen (EPA), in Elektronikfertigung, Lager und Versand. Das Metallgeh\u00e4use sorgt f\u00fcr sicheren Stand am Packtisch; die ableitf\u00e4hige Pulverbeschichtung und die ESD-Kennzeichnung machen den Abroller zur passenden Wahl, wenn elektrostatische Aufladung beim Verpacken minimiert werden soll.<\/p>\n<p>Anwendung \/ Verwendungsart<\/p>\n<p>ESD-gerechtes Verpacken &#038; Versenden: Ideal zum schnellen, sauberen Verschlie\u00dfen von Kartons und Umverpackungen mit ESD-nahen Materialien (z. B. beim Verpacken von Leiterplatten, Baugruppen, ICs oder ESD-Beuteln).<\/p>\n<p>Kennzeichnung im Warenausgang: Perfekt, um Warn- oder Hinweisb\u00e4nder (z. B. ESD-Warnklebeband) effizient zu verarbeiten \u2013 sauber abrollen, ansetzen, abtrennen.<\/p>\n<p>F\u00fcr Packtisch &#038; Linie: Geeignet f\u00fcr wiederkehrende Packprozesse in Produktion\/Logistik, bei denen Bandrollen h\u00e4ufig gewechselt und pr\u00e4zise verarbeitet werden m\u00fcssen.<\/p>\n<p>Technische Daten:<\/p>\n<p>&#8211; Ger\u00e4teabmessung: 225 \u00d7 63 \u00d7 95 mm (L \u00d7 B \u00d7 H)<br \/>\n&#8211; Material: Metallgeh\u00e4use<br \/>\n&#8211; Max. Klebebandbreite: 50 mm<br \/>\n&#8211; F\u00fcr Rollenkern: \u00d8 76 mm<br \/>\n&#8211; ESD-Eigenschaft: ableitf\u00e4hige Pulverbeschichtung, typischer Ableitwiderstand Rgp &lt; 10\u2075 Ohm<\/p>\n<p>Artikelnummer: 2890.A.50<br \/>\nEAN: 4052339007270<br \/>\nThe ESD tape dispenser 2890.A.50 is a robust tabletop dispenser for packing and labeling tapes up to 50 mm wide \u2013 specially designed for use at ESD workstations (EPA), in electronics manufacturing, warehouses, and shipping. The metal housing ensures a secure footing on the packing table; the conductive powder coating and ESD marking make the dispenser the right choice when electrostatic charging needs to be minimized during packaging.<\/p>\n<p>Application \/ Type of use<\/p>\n<p>ESD-compliant packaging &amp; shipping: Ideal for fast, clean sealing of cartons and outer packaging with ESD-related materials (e.g., when packaging circuit boards, assemblies, ICs, or ESD bags).<\/p>\n<p>Marking in goods issue: Perfect for efficient processing of warning or information tapes (e.g., ESD warning tape) \u2013 clean unrolling, application, and cutting.<\/p>\n<p>For packing tables and lines: Suitable for recurring packing processes in production\/logistics where tape rolls need to be changed frequently and processed precisely.<\/p>\n<p>Technical data:<\/p>\n<p>&#8211; Device dimensions: 225 \u00d7 63 \u00d7 95 mm (L \u00d7 W \u00d7 H)<br \/>\n&#8211; Material: Metal housing<br \/>\n&#8211; Max. adhesive tape width: 50 mm<br \/>\n&#8211; For roll core: \u00d8 76 mm<br \/>\n&#8211; ESD property: conductive powder coating, typical discharge resistance Rgp<\/p>","protected":false},"excerpt":{"rendered":"<p>Sorry, this entry is only available in Deutsch.Der ESD Klebebandabroller 2890.A.50 ist ein robuster Tischabroller f\u00fcr Pack- und Kennzeichnungsb\u00e4nder bis 50 mm Breite \u2013 speziell f\u00fcr den Einsatz an ESD-Arbeitspl\u00e4tzen (EPA), in Elektronikfertigung, Lager und Versand. Das Metallgeh\u00e4use sorgt f\u00fcr sicheren Stand am Packtisch; die ableitf\u00e4hige Pulverbeschichtung und die ESD-Kennzeichnung machen den Abroller zur passenden [&hellip;]<\/p>\n","protected":false},"featured_media":82623,"template":"","meta":{"ep_exclude_from_search":false},"product_cat":[195],"product_tag":[],"class_list":{"0":"post-82611","1":"product","2":"type-product","3":"status-publish","4":"has-post-thumbnail","6":"product_cat-klebebaender","7":"product_shipping_class-postwarenpost-individuell","9":"first","10":"instock","11":"taxable","12":"shipping-taxable","13":"purchasable","14":"product-type-simple"},"_links":{"self":[{"href":"https:\/\/www.gallun-shop.com\/en\/wp-json\/wp\/v2\/product\/82611"}],"collection":[{"href":"https:\/\/www.gallun-shop.com\/en\/wp-json\/wp\/v2\/product"}],"about":[{"href":"https:\/\/www.gallun-shop.com\/en\/wp-json\/wp\/v2\/types\/product"}],"wp:featuredmedia":[{"embeddable":true,"href":"https:\/\/www.gallun-shop.com\/en\/wp-json\/wp\/v2\/media\/82623"}],"wp:attachment":[{"href":"https:\/\/www.gallun-shop.com\/en\/wp-json\/wp\/v2\/media?parent=82611"}],"wp:term":[{"taxonomy":"product_cat","embeddable":true,"href":"https:\/\/www.gallun-shop.com\/en\/wp-json\/wp\/v2\/product_cat?post=82611"},{"taxonomy":"product_tag","embeddable":true,"href":"https:\/\/www.gallun-shop.com\/en\/wp-json\/wp\/v2\/product_tag?post=82611"}],"curies":[{"name":"wp","href":"https:\/\/api.w.org\/{rel}","templated":true}]}}