{"id":8125,"date":"2026-05-13T16:41:07","date_gmt":"2026-05-13T14:41:07","guid":{"rendered":"https:\/\/www.gallun-shop.com\/produkt\/ersa-filtergeraet-easy-arm-1-mit-schnittstelle-fuer-i-con-c-und-vario\/"},"modified":"2026-05-13T21:47:44","modified_gmt":"2026-05-13T19:47:44","slug":"ersa-filtergeraet-easy-arm-1-mit-schnittstelle-fuer-i-con-c-und-vario","status":"publish","type":"product","link":"https:\/\/www.gallun-shop.com\/en\/produkt\/ersa-filtergeraet-easy-arm-1-mit-schnittstelle-fuer-i-con-c-und-vario\/","title":{"rendered":"ERSA filter unit EASY ARM 1, with interface for i-Con C and Vario"},"content":{"rendered":"<p class=\"qtranxs-available-languages-message qtranxs-available-languages-message-en\">Sorry, this entry is only available in <a href=\"https:\/\/www.gallun-shop.com\/de\/wp-json\/wp\/v2\/product\/8125\" class=\"qtranxs-available-language-link qtranxs-available-language-link-de\" title=\"Deutsch\">Deutsch<\/a>.<\/p><p>ERSA Filterger\u00e4t Ersa EASY ARM 1 mit Schnittstelle zum Anschluss von i-CON C, i-CON VARIO<\/p>\n<p>Die Ersa L\u00f6trauchabsaugungen EASY ARM 1 und EASY ARM 2 basieren auf mehr als 15 Jahren Erfahrung in diesem Spezialgebiet. Die zwei Ger\u00e4te in funktionalem Design zeichnen sich durch hohe Absaugleistung, eine effiziente Filterleistung und zugleich sehr leisen Betrieb aus. Pro Absaugarm kann ein Volumen von 110 m\u00b3\/h abgesaugt werden. Die Reinigung der Prozessluft erfolgt in drei Stufen: Ein Vorfilter (Klasse F7) h\u00e4lt St\u00e4ube und Partikel zur\u00fcck, die gr\u00f6\u00dfer sind als 1\u00b5m sind. Der Hauptfilter (Klasse H13) bindet Mikropartikel, die kleiner als 1\u00b5m sind , wie sie beim L\u00f6ten entstehen und der Aktivkohlefilter bindet sch\u00e4dliche Gase.<\/p>\n<p>&#8211; effiziente, 3-stufige Partikel- und Gasfilterung<br \/>\n&#8211; extrem leiser Betrieb<br \/>\n&#8211; optische und akustische Anzeige zum Filterwechsel<br \/>\n&#8211; schneller und einfacher Filterwechsel<br \/>\n&#8211; baugleiche Filter f\u00fcr EASY ARM 1 und EASY ARM 2<br \/>\n&#8211; Schnittstellen zum Anschluss von i-CON-L\u00f6tstationen<br \/>\n&#8211; Energieverbrauch im Standby ca. 6W<br \/>\n&#8211; Ger\u00e4uschpegel: 50 dB (A)<br \/>\n&#8211; Volumenstrom je Anschluss 110 m\u00b3\/h (freilaufend\/mit neuem Filter)<br \/>\n&#8211; Unterdruck: 1800 Pa<br \/>\n&#8211; Filterklasse: F7 Vorfilter (Vlies)\/H13 Kombifilter<br \/>\n&#8211; Abscheidegrad (HEPA):<br \/>\nVorfilter 1- 10 \u03bcm Partikel &#8211; 80 \u2013 90 %;<br \/>\nKombifilter &lt; 1 \u03bcm Partikel &#8211; 99,95 %<br \/>\n&#8211; Filterfl\u00e4che Kombifilter: 2,2 m\u00b2<br \/>\n&#8211; Gasfilter: Aktivkohle<br \/>\n&#8211; Lebensdauer Kombifilter: 1.500 h (bei Einschichtbetrieb, Handl\u00f6ten)<br \/>\n&#8211; Anschl\u00fcsse: Schnittstelle zu i-CON L\u00f6tstationen oder Remote Schalter<br \/>\nERSA filter unit Ersa EASY ARM 1 with interface for connecting i-CON C, i-CON VARIO and rework-systems<\/p>\n<p>The Ersa solder fume extraction units EASY ARM 1 and EASY ARM 2 are based on more than 15 years of experience in this specialized field. The two units in a functional design are characterized by high extraction performance, efficient filter performance and, at the same time, very quiet operation. A volume of 110 m\u00b3\/h can be extracted per extraction arm. The process air is cleaned in three stages: A pre-filter (class F7) retains dusts and particles larger than 1\u00b5m. The main filter (class H13) binds micro-particles smaller than 1\u00b5m , such as those produced during soldering, and the activated carbon filter binds harmful gases.<\/p>\n<p>&#8211; efficient, 3-stage particle and gas filtration<br \/>\n&#8211; Extremely quiet operation<br \/>\n&#8211; Visual and audible filter change indicator<br \/>\n&#8211; Quick and easy filter change<br \/>\n&#8211; Identical filters for EASY ARM 1 and EASY ARM 2<br \/>\n&#8211; Interfaces for connecting i-CON soldering stations<br \/>\n&#8211; Energy consumption in standby mode approx. 6W<br \/>\n&#8211; Noise level: 50 dB (A)<br \/>\n&#8211; Airflow rate per connection 110 m\u00b3\/h (free-running\/with new filter)<br \/>\n&#8211; Negative pressure: 1800 Pa<br \/>\n&#8211; Filter class: F7 prefilter (fleece)\/H13 combi filter<br \/>\n&#8211; Filtration efficiency (HEPA):<br \/>\nPrefilter 1- 10 \u03bcm particles &#8211; 80 \u2013 90 %;<br \/>\ncombination filter<\/p>","protected":false},"excerpt":{"rendered":"<p>Sorry, this entry is only available in Deutsch.ERSA Filterger\u00e4t Ersa EASY ARM 1 mit Schnittstelle zum Anschluss von i-CON C, i-CON VARIO Die Ersa L\u00f6trauchabsaugungen EASY ARM 1 und EASY ARM 2 basieren auf mehr als 15 Jahren Erfahrung in diesem Spezialgebiet. Die zwei Ger\u00e4te in funktionalem Design zeichnen sich durch hohe Absaugleistung, eine effiziente [&hellip;]<\/p>\n","protected":false},"featured_media":51151,"template":"","meta":{"ep_exclude_from_search":false},"product_cat":[280],"product_tag":[],"class_list":{"0":"post-8125","1":"product","2":"type-product","3":"status-publish","4":"has-post-thumbnail","6":"product_cat-filterstationen","7":"product_shipping_class-paket","9":"first","10":"instock","11":"taxable","12":"shipping-taxable","13":"purchasable","14":"product-type-simple"},"_links":{"self":[{"href":"https:\/\/www.gallun-shop.com\/en\/wp-json\/wp\/v2\/product\/8125"}],"collection":[{"href":"https:\/\/www.gallun-shop.com\/en\/wp-json\/wp\/v2\/product"}],"about":[{"href":"https:\/\/www.gallun-shop.com\/en\/wp-json\/wp\/v2\/types\/product"}],"wp:featuredmedia":[{"embeddable":true,"href":"https:\/\/www.gallun-shop.com\/en\/wp-json\/wp\/v2\/media\/51151"}],"wp:attachment":[{"href":"https:\/\/www.gallun-shop.com\/en\/wp-json\/wp\/v2\/media?parent=8125"}],"wp:term":[{"taxonomy":"product_cat","embeddable":true,"href":"https:\/\/www.gallun-shop.com\/en\/wp-json\/wp\/v2\/product_cat?post=8125"},{"taxonomy":"product_tag","embeddable":true,"href":"https:\/\/www.gallun-shop.com\/en\/wp-json\/wp\/v2\/product_tag?post=8125"}],"curies":[{"name":"wp","href":"https:\/\/api.w.org\/{rel}","templated":true}]}}