{"id":80551,"date":"2026-04-23T16:51:28","date_gmt":"2026-04-23T14:51:28","guid":{"rendered":"https:\/\/www.gallun-shop.com\/produkt\/stirri-v3-tf-rework-flussmittel-no-clean-10-g-uv-tracer\/"},"modified":"2026-04-23T21:13:55","modified_gmt":"2026-04-23T19:13:55","slug":"stirri-v3-tf-rework-flussmittel-no-clean-10-g-uv-tracer","status":"publish","type":"product","link":"https:\/\/www.gallun-shop.com\/en\/produkt\/stirri-v3-tf-rework-flussmittel-no-clean-10-g-uv-tracer\/","title":{"rendered":"STIRRI-V3-TF Rework Flux no clean 10 g, UV-Tracer"},"content":{"rendered":"<p class=\"qtranxs-available-languages-message qtranxs-available-languages-message-en\">Sorry, this entry is only available in <a href=\"https:\/\/www.gallun-shop.com\/de\/wp-json\/wp\/v2\/product\/80551\" class=\"qtranxs-available-language-link qtranxs-available-language-link-de\" title=\"Deutsch\">Deutsch<\/a>.<\/p><p>Bei der Flussmittelcreme STIRRI-V3-TF von STIRRI handelt es sich um ein ganz besonderes Material.<\/p>\n<p>V3 ist die neueste No-Clean-Rezeptur, die die Leistung der STIRRI-Serie in einem einzigen universellen, REACH-konformen Flussmittel mit optischem UV-Tracer vereint.<br \/>\nAu\u00dferdem besitzt es einen angenehmen nicht chemischen Duft welcher von den Nutzern als sehr angenehm empfunden wird.<\/p>\n<p>Aktivierte R\u00fcckst\u00e4nde sind klar und nicht korrosiv.<\/p>\n<p>Der Hersteller empfiehlt, stets alle Flussmittelr\u00fcckst\u00e4nde zu entfernen, um eine Verunreinigung der Platine oder einen Spannungsabfall bei Schaltkreisen mit hoher Impedanz zu vermeiden; au\u00dferdem k\u00f6nnen nicht aktivierte R\u00fcckst\u00e4nde Feuchtigkeit aus der Luft aufnehmen und anschlie\u00dfend Korrosion verursachen.<\/p>\n<p>Nach der Reinigung der Platine macht der integrierete UV-Tracer verbliebene Flussmittelreste unter UV-Licht sichtbar.<\/p>\n<p>Das universelle No-Clean-Lotflussmittel ist f\u00fcr Zinn\/Blei und bleifreie Anwendungen geeignet und erf\u00fcllt die REACH-Anforderungen.<\/p>\n<p>&#8211; ROL0-Flussmittelklassifizierung , Kupferspiegeltest nach JIS-Z-3197 (1986) Abschnitt 6.6.2. ( IPC J STD 004 Test Methode IPC TM 650 2.3.32) erfolgreich bestanden.<\/p>\n<p>&#8211; Ausgezeichnete Benetzungskompatibilit\u00e4t auf den meisten Leiterplattenoberfl\u00e4chen<\/p>\n<p>&#8211; kolophoniumbasiertes, klebriges No-Clean-L\u00f6tflussmittel mit geringer Aktivit\u00e4t f\u00fcr den professionellen\/industriellen Einsatz. Hochgelobt von professionellen Anwendern f\u00fcr seine starke, lang anhaltende Wirkung und einfache Reinigung .<br \/>\nDickfl\u00fcssiger (im Vergleich zu STIRRI-V2-TF) und somit ideal f\u00fcr die mechanische Best\u00fcckung von Bauteilen und die industrielle Verarbeitung\/Reinigung.<\/p>\n<p>&#8211; Anwendbar f\u00fcr Spritzen, Schablonendruck, Rework, BGA-Kugelbefestigung und Reballing mit Standard-Zinn\/Blei-Legierungen <\/p>\n<p>&#8211; Optimale Viskosit\u00e4t &#8211; &#8211; 38-51 (Malcom @ 10 RPM\/25\u00b0C (x103mPa\/s)<\/p>\n<p>&#8211; Breites Prozessfenster &#8211; hervorragende Leistung beim Flip-Chip-Bumping und Chip Scale Packaging. -machen Sie dort weiter, wo Sie aufgeh\u00f6rt haben<\/p>\n<p>&#8211; Hochtemperaturvertr\u00e4glich (bis zu 300\u00b0C\/600\u00b0F)<\/p>\n<p>&#8211; Geringe elektrochemische Migration (&lt;1 Dekade Abfall).<\/p>\n<p>&#8211; Die Spritzen k\u00f6nnen in industriellen Dosiermaschinen oder im Handbetrieb verwendet werden und sind mit einem Kolbenstopper ausgestattet. Der  eingesetzte Kolben sollte nach Nutzung nicht wieder entfernt werden, da er die beste Abdichtung bietet, um den Kontakt mit Luft zu verhindern. <\/p>\n<p>Lieferumfang:<br \/>\n&#8211; 10 g Flussmittelcreme STIRRI-V3-TF in praktischer Dosierspritze.<br \/>\n&#8211; Dosieraufsatz mit Metallspitze<br \/>\n&#8211; inkl. St\u00f6\u00dfel zur manuellen Dosierung<br \/>\n&#8211; \u00dcbersichtskarte mit Prozesstemperaturen f\u00fcr die beliebtesten L\u00f6tzinnlegierungen<br \/>\nThe flux cream STIRRI-V3-TF from STIRRI is a very special material.<\/p>\n<p>V3 is the latest no-clean formulation to combine the performance of the STIRRI series in a single universal, REACH-compliant flux with a UV optical tracer.<br \/>\nIt also has a pleasant non-chemical scent that is very pleasant for users.<\/p>\n<p>Activated residues are clear and non-corrosive.<\/p>\n<p>The manufacturer recommends that all flux residues should always be removed to avoid contaminating the board or causing a voltage drop in circuits with high impedance; furthermore, non-activated residues can absorb moisture from the air and subsequently cause corrosion.<\/p>\n<p>After cleaning the board, the integrated UV tracer makes any remaining flux residue visible under UV light.<\/p>\n<p>The universal no-clean solder flux is suitable for tin\/lead and lead-free applications and meets REACH requirements.<\/p>\n<p>ROL0 flux classification, copper mirror test according to JIS-Z-3197 (1986) section 6.6.2. ( IPC J STD 004 Test Method IPC TM 650 2.3.32) successfully passed.<\/p>\n<p>Excellent wetting compatibility on most PCB surfaces<\/p>\n<p>&#8211; Rosin-based, tacky, low-activity no-clean soldering flux for professional\/industrial use. Highly praised by professional users for its strong, long-lasting effect and easy cleaning .<br \/>\n&#8211; Thicker (compared to STIRRI-V2-TF) and therefore ideal for the mechanical assembly of components and industrial processing\/cleaning.<\/p>\n<p>&#8211; Applicable for syringe, stencil printing, rework, BGA ball attach and reballing with standard tin\/lead alloy <\/p>\n<p>&#8211; Optimal viscosity &#8211; &#8211; 38-51 (Malcom @ 10 RPM\/25\u00b0C (x103mPa\/s)<\/p>\n<p>&#8211; Wide process window &#8211; excellent performance in flip chip bumping and chip scale packaging &#8211; pick up where you left off<\/p>\n<p>&#8211; High temperature compatibility (up to 300\u00b0C\/600\u00b0F)<\/p>\n<p>&#8211; Low electrochemical migration (<\/p>","protected":false},"excerpt":{"rendered":"<p>Sorry, this entry is only available in Deutsch.Bei der Flussmittelcreme STIRRI-V3-TF von STIRRI handelt es sich um ein ganz besonderes Material. V3 ist die neueste No-Clean-Rezeptur, die die Leistung der STIRRI-Serie in einem einzigen universellen, REACH-konformen Flussmittel mit optischem UV-Tracer vereint. Au\u00dferdem besitzt es einen angenehmen nicht chemischen Duft welcher von den Nutzern als sehr [&hellip;]<\/p>\n","protected":false},"featured_media":81927,"template":"","meta":{"ep_exclude_from_search":false},"product_cat":[263],"product_tag":[],"class_list":{"0":"post-80551","1":"product","2":"type-product","3":"status-publish","4":"has-post-thumbnail","6":"product_cat-loet-flussmittel","7":"product_shipping_class-postwarenpost-individuell","8":"pa_rwstirv3-10-g","10":"first","11":"instock","12":"taxable","13":"shipping-taxable","14":"purchasable","15":"product-type-simple"},"_links":{"self":[{"href":"https:\/\/www.gallun-shop.com\/en\/wp-json\/wp\/v2\/product\/80551"}],"collection":[{"href":"https:\/\/www.gallun-shop.com\/en\/wp-json\/wp\/v2\/product"}],"about":[{"href":"https:\/\/www.gallun-shop.com\/en\/wp-json\/wp\/v2\/types\/product"}],"wp:featuredmedia":[{"embeddable":true,"href":"https:\/\/www.gallun-shop.com\/en\/wp-json\/wp\/v2\/media\/81927"}],"wp:attachment":[{"href":"https:\/\/www.gallun-shop.com\/en\/wp-json\/wp\/v2\/media?parent=80551"}],"wp:term":[{"taxonomy":"product_cat","embeddable":true,"href":"https:\/\/www.gallun-shop.com\/en\/wp-json\/wp\/v2\/product_cat?post=80551"},{"taxonomy":"product_tag","embeddable":true,"href":"https:\/\/www.gallun-shop.com\/en\/wp-json\/wp\/v2\/product_tag?post=80551"}],"curies":[{"name":"wp","href":"https:\/\/api.w.org\/{rel}","templated":true}]}}