{"id":80545,"date":"2026-05-12T13:00:11","date_gmt":"2026-05-12T11:00:11","guid":{"rendered":"https:\/\/www.gallun-shop.com\/produkt\/quick-industrie-loetstation-120-watt-mit-rapid-kartuschen-loetspitzen\/"},"modified":"2026-05-13T21:59:24","modified_gmt":"2026-05-13T19:59:24","slug":"quick-industrie-loetstation-120-watt-mit-rapid-kartuschen-loetspitzen","status":"publish","type":"product","link":"https:\/\/www.gallun-shop.com\/en\/produkt\/quick-industrie-loetstation-120-watt-mit-rapid-kartuschen-loetspitzen\/","title":{"rendered":"QUICK Industry Soldering Station 120 Watt with Rapid Cartridge Soldering Tip"},"content":{"rendered":"<p class=\"qtranxs-available-languages-message qtranxs-available-languages-message-en\">Sorry, this entry is only available in <a href=\"https:\/\/www.gallun-shop.com\/de\/wp-json\/wp\/v2\/product\/80545\" class=\"qtranxs-available-language-link qtranxs-available-language-link-de\" title=\"Deutsch\">Deutsch<\/a>.<\/p><p>Digitale L\u00f6tstation QUICK TS1200D mit LCD-Display, Auto-Standby, kalibrierbar, ESD-Test-Funktion und 3 Temperaturspeicher, 200-420\u00b0C. Dank prozessor- und sensorgesteuerter Temperaturregelung und hoher Leistungsreserven wird die Soll-Temperatur sehr schnell erreicht (350\u00b0C in 7 sek.) und stabil gehalten. Somit ist die Station bestens zum bleifreien L\u00f6ten geeignet.<\/p>\n<p>Eigenschaften:<\/p>\n<p>&#8211; geeignet f\u00fcr bleihaltiges und bleifreies L\u00f6ten<br \/>\n&#8211; sehr geringe Aufheiz-Zeit (ca. 7s auf 350\u00b0C)<br \/>\n&#8211; automatische Standby-Funktion von 5 s &#8211; 99 min. w\u00e4hlbar<br \/>\n&#8211; programmierbare Abschaltfunktion<br \/>\n&#8211; digitale IST und SOLL-Temperaturanzeige<br \/>\n&#8211; kalibrierbar<br \/>\n&#8211; Passwortschutz<br \/>\n&#8211; 3 vorprogrammierte Festtemperaturen (200\u00b0\/320\u00b0\/380\u00b0C) die sich variabel anpassen lassen<br \/>\n&#8211; Temperatur kann in 1\u00b0C Schritten erh\u00f6ht\/verringert werden<br \/>\n&#8211; 2 Reinigungsm\u00f6glichkeiten, Trocken- und Viskoseschwamm<br \/>\n&#8211; Alarmfunktion f\u00fcr Temperaturfenster<br \/>\n&#8211; Sensor gesteuerte Echtzeit\u00fcberwachung der Temperatur an der L\u00f6tspitze &#038; somit ein sehr gutes Temperatur-Regel-Verhalten<br \/>\n&#8211; sehr einfaches und schnelles Wechseln der L\u00f6tspitze<br \/>\n&#8211; der Heizk\u00f6rper ist in der L\u00f6tspitze als Kartusche integriert<br \/>\n&#8211; L\u00f6tkolben mit 1,2m flexiblem Silikonanschlusskabel<br \/>\n&#8211; deutsches Bedienmenu welches sich alternativ auf englische Sprache umstellen l\u00e4sst<br \/>\n&#8211; ESD-Schutz und ESD-Testfunktion<\/p>\n<p>Ist die  ESD Testfunktion aktiviert, pr\u00fcft die Station stetig ob eine Erdung der Station vorhanden ist. Sollte dies nicht der Fall sein wird ein Warnsymbol deutlich sichtbar im Display angezeigt<\/p>\n<p>Technischen Daten<\/p>\n<p>Anzeige: Farb-LCD-TFT<br \/>\nNennleistung: 120 Watt<br \/>\nBetriebs-Spannung: 230 Volt \/ 50 Hz<br \/>\nL\u00f6tkolben-Spannung: 27V (AC)<br \/>\nArbeits-Temperaturbereich: 200 &#8211; 420\u00b0C<br \/>\nTemperatur-Stabilit\u00e4t: +\/- 2\u00b0C (ohne Belastung)<br \/>\nMax. Umgebungstemperatur: 40\u00b0C<br \/>\nErdungswiderstand: &lt;2 \u03a9<br \/>\nMasse-Leck-Spannung: &lt;2 mV<br \/>\nLotkolben-Anschluss-Leitung: 1200 mm<br \/>\nAbmessungen B-H-T: 137 x 114 x 168 mm<br \/>\nGewicht: 1,5kg<br \/>\nKonformit\u00e4t: RoHS, CE<\/p>\n<p>Lieferumfang:<\/p>\n<p>&#8211; TS1200-Basisstation<br \/>\n&#8211; QUELKTSS30B L\u00f6tkolben mit montierter TSS02-1B Rapid-Kartuschen-L\u00f6tspitze \u00d8 1 mm<br \/>\n&#8211; QUAS1200 Ablagest\u00e4nder inkl. Metallwolle und Viskoseschwamm QUSCHW01 55&#215;35 mm<br \/>\n&#8211; QUSILKPAD Silikonpad f\u00fcr Spitzenwechsel<br \/>\n&#8211; ESD-Anschlusskabel mit Krokodilklemme<br \/>\nDigital soldering station QUICK TS1200D with LCD display, auto-standby, can be calibrated, ESD test function and 3 temperature memories, 200-420\u00b0C. Thanks to processor and sensor-controlled temperature regulation and high power reserves, the set temperature is reached very quickly (350\u00b0C in 7 sec.) and kept stable. This makes the station ideal for lead-free soldering.<\/p>\n<p>Properties:<\/p>\n<p>&#8211; suitable for leaded and lead-free soldering<br \/>\n&#8211; very short heat-up time (approx. 7s to 350\u00b0C)<br \/>\n&#8211; automatic standby function from 5 s &#8211; 99 min. selectable<br \/>\n&#8211; programmable switch-off function<br \/>\n&#8211; digital actual and set temperature display<br \/>\n&#8211; can be calibrated<br \/>\n&#8211; password protection<br \/>\n&#8211; 3 pre-programmed fixed temperatures (200\u00b0\/320\u00b0\/380\u00b0C) that can be variably adjusted<br \/>\n&#8211; temperature can be increased\/decreased in 1\u00b0C steps<br \/>\n&#8211; 2 cleaning options, dry and viscose sponge<br \/>\n&#8211; alarm function for temperature window<br \/>\n&#8211; Sensor-controlled real-time monitoring of the temperature at the soldering tip &amp; thus a very good temperature control behavior<br \/>\n&#8211; Very easy and quick to change the soldering tip<br \/>\n&#8211; The radiator is integrated in the soldering tip as a cartridge<br \/>\n&#8211; Soldering iron with 1.2m flexible silicone connection cable<br \/>\n&#8211; German operating menu, which can alternatively be switched to English<br \/>\n&#8211; ESD protection and ESD test function<\/p>\n<p>If the ESD test function is activated, the station constantly checks whether the station is grounded. If this is not the case, a warning symbol is clearly visible on the display.<\/p>\n<p>Technical data<\/p>\n<p>Display: color LCD TFT<br \/>\nRated power: 120 watts<br \/>\nOperating voltage: 230 volts \/ 50 Hz<br \/>\nSoldering iron voltage: 27V (AC)<br \/>\nOperating temperature range: 200 &#8211; 420\u00b0C<br \/>\nTemperature stability: +\/- 2\u00b0C (without load)<br \/>\nMax. ambient temperature: 40\u00b0C<br \/>\nEarth resistance:&lt;2 \u03a9<br \/>\nMass leakage voltage: <\/p>","protected":false},"excerpt":{"rendered":"<p>Sorry, this entry is only available in Deutsch.Digitale L\u00f6tstation QUICK TS1200D mit LCD-Display, Auto-Standby, kalibrierbar, ESD-Test-Funktion und 3 Temperaturspeicher, 200-420\u00b0C. Dank prozessor- und sensorgesteuerter Temperaturregelung und hoher Leistungsreserven wird die Soll-Temperatur sehr schnell erreicht (350\u00b0C in 7 sek.) und stabil gehalten. Somit ist die Station bestens zum bleifreien L\u00f6ten geeignet. Eigenschaften: &#8211; geeignet f\u00fcr bleihaltiges [&hellip;]<\/p>\n","protected":false},"featured_media":83246,"template":"","meta":{"ep_exclude_from_search":false},"product_cat":[289],"product_tag":[],"class_list":{"0":"post-80545","1":"product","2":"type-product","3":"status-publish","4":"has-post-thumbnail","6":"product_cat-quick","7":"product_shipping_class-paket","8":"pa_qutsls-eigenschaft-1-ohne-schnittstelle","9":"pa_qutsls-eigenschaft-2-120-watt","11":"first","12":"instock","13":"taxable","14":"shipping-taxable","15":"purchasable","16":"product-type-simple","17":"has-discount-price"},"_links":{"self":[{"href":"https:\/\/www.gallun-shop.com\/en\/wp-json\/wp\/v2\/product\/80545"}],"collection":[{"href":"https:\/\/www.gallun-shop.com\/en\/wp-json\/wp\/v2\/product"}],"about":[{"href":"https:\/\/www.gallun-shop.com\/en\/wp-json\/wp\/v2\/types\/product"}],"wp:featuredmedia":[{"embeddable":true,"href":"https:\/\/www.gallun-shop.com\/en\/wp-json\/wp\/v2\/media\/83246"}],"wp:attachment":[{"href":"https:\/\/www.gallun-shop.com\/en\/wp-json\/wp\/v2\/media?parent=80545"}],"wp:term":[{"taxonomy":"product_cat","embeddable":true,"href":"https:\/\/www.gallun-shop.com\/en\/wp-json\/wp\/v2\/product_cat?post=80545"},{"taxonomy":"product_tag","embeddable":true,"href":"https:\/\/www.gallun-shop.com\/en\/wp-json\/wp\/v2\/product_tag?post=80545"}],"curies":[{"name":"wp","href":"https:\/\/api.w.org\/{rel}","templated":true}]}}