{"id":80534,"date":"2026-05-13T08:54:13","date_gmt":"2026-05-13T06:54:13","guid":{"rendered":"https:\/\/www.gallun-shop.com\/produkt\/quick-969a-analoge-industrie-handloetstation-70w-230v-kalibrierbar-200-450c\/"},"modified":"2026-05-13T17:57:40","modified_gmt":"2026-05-13T15:57:40","slug":"quick-969a-analoge-industrie-handloetstation-70w-230v-kalibrierbar-200-450c","status":"publish","type":"product","link":"https:\/\/www.gallun-shop.com\/en\/produkt\/quick-969a-analoge-industrie-handloetstation-70w-230v-kalibrierbar-200-450c\/","title":{"rendered":"QUICK 969A+ analog industrial hand soldering station 70W, 230V, calibratable, 200\u00b0-450\u00b0C"},"content":{"rendered":"<p class=\"qtranxs-available-languages-message qtranxs-available-languages-message-en\">Sorry, this entry is only available in <a href=\"https:\/\/www.gallun-shop.com\/de\/wp-json\/wp\/v2\/product\/80534\" class=\"qtranxs-available-language-link qtranxs-available-language-link-de\" title=\"Deutsch\">Deutsch<\/a>.<\/p><p>QUICK 969A+ analoge Industrie-Handl\u00f6tstation 70W, 230V, 200\u00b0-450\u00b0C, kalibrierbar<\/p>\n<p>&#8211; geeignet f\u00fcr bleihaltiges und bleifreies L\u00f6ten<br \/>\n&#8211; einfache Inbetriebnahme, Bedienung und Temperatureinstellung.<br \/>\n&#8211; geringe Aufheiz-Zeit<br \/>\n&#8211; leichter L\u00f6tkolben f\u00fcr komfortables Arbeiten<br \/>\n&#8211; keramisches Heizelement mit langer Lebensdauer<br \/>\n&#8211; L\u00f6tkolben mit 1,2m flexiblem Silikonanschlusskabel<\/p>\n<p>Technische Daten:<\/p>\n<p>Nennleistung: 70 Watt<br \/>\nBetriebs-Spannung: 230 Volt \/ 50 Hz<br \/>\nArbeits-Temperaturbereich: 200 &#8211; 450 \u00b0C<br \/>\nTemperatur-Toleranz: \u00b1 2\u00b0C<br \/>\nUmgebungstemperatur: 0-40 \u00b0C<br \/>\nErdungswiderstand: &lt;2 \u03a9<br \/>\nMasse-Potential: &lt;2 mV<br \/>\nAbmessungen B-H-T: 87&#215;118,7&#215;140 mm<br \/>\nGewicht: 1,38 kg, davon Ablage 285g<br \/>\nKonformit\u00e4t: RoHS, CE<\/p>\n<p>Lieferumfang:<\/p>\n<p>&#8211; QUICK analoge Industrie-Handl\u00f6tstation QU969A+<br \/>\n&#8211; Ablagest\u00e4nder mit Messingwolle und Spitzenhalter<br \/>\n&#8211; 960-B QUICK Dauerl\u00f6tspitze gerade, bleistiftspitz, \u00d8 0,5 mm<br \/>\nQUICK 969A+ analog industrial hand soldering station 70W, 230V, 200\u00b0-450\u00b0C, calibratable<\/p>\n<p>&#8211; suitable for leaded and lead-free soldering<br \/>\n&#8211; easy to start up, operate and adjust the temperature<br \/>\n&#8211; lightweight soldering iron for comfortable working<br \/>\n&#8211; ceramic heating element with a long service life<br \/>\n&#8211; soldering iron with 1.2m flexible silicone connection cable<\/p>\n<p>Technical data:<\/p>\n<p>Rated power: 70 watts<br \/>\nOperating voltage: 230 volts \/ 50 Hz<br \/>\nOperating temperature range: 200 &#8211; 450 \u00b0C<br \/>\nHeating time from 20\u00b0C to 350\u00b0C: 60 seconds<br \/>\nTemperature tolerance: \u00b1 2\u00b0C<br \/>\nAmbient temperature: 0-40 \u00b0C<br \/>\nGround resistance:&lt;2 \u03a9<br \/>\nGround potential: <\/p>","protected":false},"excerpt":{"rendered":"<p>Sorry, this entry is only available in Deutsch.QUICK 969A+ analoge Industrie-Handl\u00f6tstation 70W, 230V, 200\u00b0-450\u00b0C, kalibrierbar &#8211; geeignet f\u00fcr bleihaltiges und bleifreies L\u00f6ten &#8211; einfache Inbetriebnahme, Bedienung und Temperatureinstellung. &#8211; geringe Aufheiz-Zeit &#8211; leichter L\u00f6tkolben f\u00fcr komfortables Arbeiten &#8211; keramisches Heizelement mit langer Lebensdauer &#8211; L\u00f6tkolben mit 1,2m flexiblem Silikonanschlusskabel Technische Daten: Nennleistung: 70 Watt Betriebs-Spannung: [&hellip;]<\/p>\n","protected":false},"featured_media":81863,"template":"","meta":{"ep_exclude_from_search":false},"product_cat":[289],"product_tag":[],"class_list":{"0":"post-80534","1":"product","2":"type-product","3":"status-publish","4":"has-post-thumbnail","6":"product_cat-quick","7":"product_shipping_class-paket","8":"pa_qu969-quick-969a-analog-70w","9":"pa_qu9692-standard","11":"first","12":"instock","13":"taxable","14":"shipping-taxable","15":"purchasable","16":"product-type-simple","17":"has-discount-price"},"_links":{"self":[{"href":"https:\/\/www.gallun-shop.com\/en\/wp-json\/wp\/v2\/product\/80534"}],"collection":[{"href":"https:\/\/www.gallun-shop.com\/en\/wp-json\/wp\/v2\/product"}],"about":[{"href":"https:\/\/www.gallun-shop.com\/en\/wp-json\/wp\/v2\/types\/product"}],"wp:featuredmedia":[{"embeddable":true,"href":"https:\/\/www.gallun-shop.com\/en\/wp-json\/wp\/v2\/media\/81863"}],"wp:attachment":[{"href":"https:\/\/www.gallun-shop.com\/en\/wp-json\/wp\/v2\/media?parent=80534"}],"wp:term":[{"taxonomy":"product_cat","embeddable":true,"href":"https:\/\/www.gallun-shop.com\/en\/wp-json\/wp\/v2\/product_cat?post=80534"},{"taxonomy":"product_tag","embeddable":true,"href":"https:\/\/www.gallun-shop.com\/en\/wp-json\/wp\/v2\/product_tag?post=80534"}],"curies":[{"name":"wp","href":"https:\/\/api.w.org\/{rel}","templated":true}]}}