{"id":80530,"date":"2026-04-14T13:01:09","date_gmt":"2026-04-14T11:01:09","guid":{"rendered":"https:\/\/www.gallun-shop.com\/produkt\/quick-2in1-reworkstation-digital-800w-heissluft-bis-500c-70w-loetstation-bis-480c-auto-standby-fuer-heissluft\/"},"modified":"2026-04-14T22:00:53","modified_gmt":"2026-04-14T20:00:53","slug":"quick-2in1-reworkstation-digital-800w-heissluft-bis-500c-70w-loetstation-bis-480c-auto-standby-fuer-heissluft","status":"publish","type":"product","link":"https:\/\/www.gallun-shop.com\/en\/produkt\/quick-2in1-reworkstation-digital-800w-heissluft-bis-500c-70w-loetstation-bis-480c-auto-standby-fuer-heissluft\/","title":{"rendered":"QUICK 2in1 Reworkstation digital, 800W hot air up to 500\u00b0C, 70W soldering station up to 480\u00b0C, auto-standby for hot air"},"content":{"rendered":"<p class=\"qtranxs-available-languages-message qtranxs-available-languages-message-en\">Sorry, this entry is only available in <a href=\"https:\/\/www.gallun-shop.com\/de\/wp-json\/wp\/v2\/product\/80530\" class=\"qtranxs-available-language-link qtranxs-available-language-link-de\" title=\"Deutsch\">Deutsch<\/a>.<\/p><p>QUICK 2in1 Reworkstation digital, 800W Hei\u00dfluft bis 500\u00b0C, 10 stufig max. 30 L\/min., 70W L\u00f6tstation bis 480\u00b0C, Auto-Standby f\u00fcr Hei\u00dfluft, Kalibrierfunktion, konstante Ausgangstemperatur<\/p>\n<p>Mit der digitalen QUICK 2-in-1 Reworkstation QU707D+ erhalten Sie ein hochwertiges Ger\u00e4t, das allen Anforderungen Ihrer L\u00f6t- und Nacharbeitungsbed\u00fcrfnissen gerecht wird.<br \/>\nMit einer schnellen Erw\u00e4rmung, reichlicher W\u00e4rmekapazit\u00e4t und hoher Heizeffizienz erzielt diese Hei\u00dfluftstation erstklassige Leistungen.<br \/>\nDie b\u00fcrstenlose Vortex-Einheit bietet einen gleichm\u00e4\u00dfigen Luftstrom. Der D\u00fcsenwechsel ist einfach durchzuf\u00fchren. 3 D\u00fcsen und ein Montageschl\u00fcssel f\u00fcr den Wechsel im hei\u00dfen Zustand sind im Lieferumfang enthalten.<br \/>\nDas moderne LCD-Display erm\u00f6glicht eine dynamische visuelle Anzeige der Temperatur, zudem sorgt die digitale Temperaturkalibrierung f\u00fcr pr\u00e4zise Einstellungen.<br \/>\nDer Standby Modus spart Energie und verl\u00e4ngert zudem die Lebensdauer des Heizelements und der L\u00f6tspitzen.<br \/>\nDer ergonomische L\u00f6tkolben-Griff ist leicht und bequem zu halten.<br \/>\nEin standfester Ablagest\u00e4nder mit rutschfesten F\u00fc\u00dfen sorgt f\u00fcr Stabilit\u00e4t. Die Reworkstation bietet eine perfekte Kombination von Hei\u00dfluft- und L\u00f6tstation sowie eine automatische K\u00fchlfunktion. Der Kolben verf\u00fcgt \u00fcber einen flexiblen Silikonschlauch f\u00fcr eine einfache Handhabung.<br \/>\nDie digitale Doppel-L\u00f6tstation QU707D+ ist ein leistungsstarkes und vielseitiges Ger\u00e4t, das sowohl f\u00fcr professionelle Anwender als auch f\u00fcr Hobbyisten geeignet ist.<\/p>\n<p>Technische Daten:<\/p>\n<p>Leistung: Hei\u00dfluft 800W \/  L\u00f6tkolben 70W<br \/>\nDisplay: LCD<br \/>\nBetriebsspannung: 230V \/ 50Hz<br \/>\nTemperaturbereich: Hei\u00dfluft 100-500\u00b0C \/ L\u00f6tkolben 100-480\u00b0C<br \/>\nTemperaturstabilit\u00e4t: Hei\u00dfluft +\/- 5\u00b0C ohne Belastung \/ L\u00f6tkolben +\/- 2\u00b0C ohne Belastung<br \/>\nHei\u00dfluftmenge: maximal 30l\/min<br \/>\nUmgebungstemperatur: 0-40\u00b0C<br \/>\nSpannung Spitze\/Erde: &lt;2mV<br \/>\nWiderstand Spitz\/Erde: &lt;2 Ohm<br \/>\nAbmessungen: 89x170x151mm<br \/>\nGewicht: 2,6kg<\/p>\n<p>Lieferumfang:<\/p>\n<p>&#8211; QUICK 2 in1 Reworkstation digital<br \/>\n&#8211; L\u00f6tkolben 907A<br \/>\n&#8211; Hei\u00dfluftkolben 858<br \/>\n&#8211; Ablagest\u00e4nder mit Messing-Reinigungs-Wolle<br \/>\n&#8211; 3x Hei\u00dfluftd\u00fcsen A2025 (3mm), A2064 (6,4mm) und A2084 (8,4mm)<br \/>\n&#8211; Dauerl\u00f6tspitze gerade, nadelspitz, \u00d8 0,2 mm<br \/>\nQUICK 2-in-1 Reworkstation digital, 800W hot air up to 500\u00b0C, 10 levels, 70W solder station up to 480\u00b0C, 30 L\/min., auto-standby for hot air, calibration function, constant output temperature<\/p>\n<p>With the digital QUICK 2-in-1 rework station QU707D+, you get a high-quality device that meets all your soldering and rework needs.<br \/>\nWith fast heating, ample heat capacity and high heating efficiency, this hot air station delivers top performance.<br \/>\nThe brushless vortex unit provides consistent airflow. Changing nozzles is easy. 3 nozzles and a wrench for changing nozzles while hot are included.<br \/>\nThe modern LCD display provides a dynamic visual temperature display, and the digital temperature calibration ensures precise settings.<br \/>\nThe standby mode saves energy and also extends the service life of the heating element and soldering tips.<br \/>\nThe ergonomic soldering iron handle is light and comfortable to hold.<br \/>\nA stable storage stand with non-slip feet ensures stability. The rework station offers a perfect combination of hot air and soldering station, as well as an automatic cooling function. The soldering iron has a flexible silicone hose for easy handling.<br \/>\nThe QU707D+ digital dual soldering station is a powerful and versatile device suitable for both professional and hobby users.<\/p>\n<p>Technical data:<\/p>\n<p>Power: Hot air 800W \/ Soldering iron 70W<br \/>\nDisplay: LCD<br \/>\nOperating voltage: 230V \/ 50Hz<br \/>\nTemperature range: Hot air 100-500\u00b0C \/ Soldering iron 100-480\u00b0C<br \/>\nTemperature stability: Hot air +\/- 5\u00b0C without load \/ Soldering iron +\/- 2\u00b0C without load<br \/>\nHot air volume: maximum 30l\/min<br \/>\nAmbient temperature: 0-40\u00b0C<br \/>\nVoltage tip\/earth:&lt;2mV<br \/>\nResistance tip\/earth: <\/p>","protected":false},"excerpt":{"rendered":"<p>Sorry, this entry is only available in Deutsch.QUICK 2in1 Reworkstation digital, 800W Hei\u00dfluft bis 500\u00b0C, 10 stufig max. 30 L\/min., 70W L\u00f6tstation bis 480\u00b0C, Auto-Standby f\u00fcr Hei\u00dfluft, Kalibrierfunktion, konstante Ausgangstemperatur Mit der digitalen QUICK 2-in-1 Reworkstation QU707D+ erhalten Sie ein hochwertiges Ger\u00e4t, das allen Anforderungen Ihrer L\u00f6t- und Nacharbeitungsbed\u00fcrfnissen gerecht wird. Mit einer schnellen Erw\u00e4rmung, [&hellip;]<\/p>\n","protected":false},"featured_media":81796,"template":"","meta":{"ep_exclude_from_search":false},"product_cat":[286,289],"product_tag":[],"class_list":{"0":"post-80530","1":"product","2":"type-product","3":"status-publish","4":"has-post-thumbnail","6":"product_cat-heissluftstationen","7":"product_cat-quick","8":"product_shipping_class-paket","9":"pa_qu70xd-eigenschaft-1-870w-30l","10":"pa_qu70xd-eigenschaft-2-ohne-zubehoer-set","12":"first","13":"instock","14":"taxable","15":"shipping-taxable","16":"purchasable","17":"product-type-simple"},"_links":{"self":[{"href":"https:\/\/www.gallun-shop.com\/en\/wp-json\/wp\/v2\/product\/80530"}],"collection":[{"href":"https:\/\/www.gallun-shop.com\/en\/wp-json\/wp\/v2\/product"}],"about":[{"href":"https:\/\/www.gallun-shop.com\/en\/wp-json\/wp\/v2\/types\/product"}],"wp:featuredmedia":[{"embeddable":true,"href":"https:\/\/www.gallun-shop.com\/en\/wp-json\/wp\/v2\/media\/81796"}],"wp:attachment":[{"href":"https:\/\/www.gallun-shop.com\/en\/wp-json\/wp\/v2\/media?parent=80530"}],"wp:term":[{"taxonomy":"product_cat","embeddable":true,"href":"https:\/\/www.gallun-shop.com\/en\/wp-json\/wp\/v2\/product_cat?post=80530"},{"taxonomy":"product_tag","embeddable":true,"href":"https:\/\/www.gallun-shop.com\/en\/wp-json\/wp\/v2\/product_tag?post=80530"}],"curies":[{"name":"wp","href":"https:\/\/api.w.org\/{rel}","templated":true}]}}