{"id":805,"date":"2026-04-13T13:27:36","date_gmt":"2026-04-13T11:27:36","guid":{"rendered":"https:\/\/www.gallun-shop.com\/produkt\/quick-digitale-industrie-handloetstation-80w-230v-kalibrierbar-3-festspeicher-100-450c-passwort-und-esd-schutz\/"},"modified":"2026-04-14T22:00:49","modified_gmt":"2026-04-14T20:00:49","slug":"quick-digitale-industrie-handloetstation-80w-230v-kalibrierbar-3-festspeicher-100-450c-passwort-und-esd-schutz","status":"publish","type":"product","link":"https:\/\/www.gallun-shop.com\/en\/produkt\/quick-digitale-industrie-handloetstation-80w-230v-kalibrierbar-3-festspeicher-100-450c-passwort-und-esd-schutz\/","title":{"rendered":"QUICK digital industrial hand soldering station 80W, 230V, calibratable, 3 fixed memories, 100\u00b0-450\u00b0C, password and ESD protection"},"content":{"rendered":"<p class=\"qtranxs-available-languages-message qtranxs-available-languages-message-en\">Sorry, this entry is only available in <a href=\"https:\/\/www.gallun-shop.com\/de\/wp-json\/wp\/v2\/product\/805\" class=\"qtranxs-available-language-link qtranxs-available-language-link-de\" title=\"Deutsch\">Deutsch<\/a>.<\/p><p>Leistungsstarke und kompakte L\u00f6tstation mit 80W f\u00fcr den professionellen Experten sowie Handwerker.<br \/>\nQUICK steht f\u00fcr eine \u00e4u\u00dferst robuste, hochwertige Verarbeitung sowie dem flexiblen Einsatzbereich. Dazu geh\u00f6ren Eigenschaften wie die Verwendung von Keramikheizelementen, innenbeheizte L\u00f6tspitzen und Messung der Temperatur in der L\u00f6tspitze f\u00fcr ein schnelles und effektives Heizregelverhalten, eine perfekte Standsicherheit von Station und Ablage auf dem Arbeitsplatz sowie eine \u00e4u\u00dferst flexible Zuleitung zum L\u00f6t-Tool.<\/p>\n<p>Diese verwendeten Komponenten erreichen eine hohe Lebensdauer und eine sehr gute Praxistauglichkeit.  <\/p>\n<p>Das Ger\u00e4t ist einfach einzurichten und in wenigen Minuten einsatzbereit. Der separate und frei positionierbare Ablagest\u00e4nder mit integriertem sowie wechselbaren Trockenreiniger erm\u00f6glicht die spitzenschonende Reinigung und Einrichtung des L\u00f6tplatzes ganz nach den Bed\u00fcrfnissen des Anwenders. Ersatzl\u00f6tspitzen k\u00f6nnen praktisch in der Halterung des rutschfesten Ablagest\u00e4nders aufbewahrt und abgelegt werden. Die bequeme Handhabung des L\u00f6tkolbens ist durch den ergonomischen Griff mit Griffpolster und seiner \u00e4u\u00dferst flexiblen Zuleitung garantiert.<\/p>\n<p>Die L\u00f6ttemperatur l\u00e4sst sich einfach \u00fcber die Tasten in 1\u00b0C- Schritten im Temperaturbereich von 100\u00b0 bis 450\u00b0 C einstellen. Sie k\u00f6nnen jederzeit die Ist-Temperatur \u00fcber das gut ablesbare Display im Blick behalten und sogar bis zu 3 Favoriten im Ger\u00e4t speichern. Die Temperaturgenauigkeit betr\u00e4gt +\/- 2\u00b0 C und ist kalibrierbar, z.B. nach einer Alterung des Heizelementes.<br \/>\nDie Station ist \u00fcber einen Passwortschutz vor ungewollten Ver\u00e4nderungen sicherbar.<\/p>\n<p>Dank eines beiliegenden Silikon-Pads als W\u00e4rmeschutz l\u00e4sst sich die L\u00f6tspitze unkompliziert sogar im hei\u00dfen Zustand wechseln. <\/p>\n<p>Zum Schutz der L\u00f6tspitze vor unn\u00f6tiger Oxidationen schalten Sie die Station bei Nichtbenutzung bitte am Netzschalter aus.<\/p>\n<p>F\u00fcr den sicheren ESD- Schutz der L\u00f6tstation verbinden Sie es bitte fest mit Ihrem ESD sicheren Arbeitsplatz an der Buchse des Ger\u00e4tes. Das beiliegende Kabel mit einer Krokodilklemme ist lediglich eine tempor\u00e4re M\u00f6glichkeit hohe statische Aufladungen zu verhindern.<\/p>\n<p>Typ: digitale Industrie-Handl\u00f6tstation 230V, 50Hz<br \/>\nLeistung: 80 Watt Keramikheizung<br \/>\nL\u00f6tkolben 1,2m Anschlusskabel, silikonummantelt, sehr flexibel<br \/>\nHeizk\u00f6rper: gesteckt, wechselbar<br \/>\nAnzeige: digitale IST &#038; SOLL Temperatur, kalibrierbar<br \/>\nFesttemperaturtasten: 3 (voreingestellt auf 200\u00b0\/300\u00b0\/380\u00b0C)<br \/>\nPasswortschutz: ja<br \/>\nAufheizzeit: ca. 39s auf 350\u00b0C<br \/>\nTemperaturbereich: 100\u00b0-450\u00b0C<br \/>\nTemperaturtoleranz: +\/- 2\u00b0C<br \/>\nESD-Schutz: ja<br \/>\nL\u00f6tspitzenreinigung: Trockenwolle<br \/>\nErdungswiderstand: &lt; 2 ohm<br \/>\nMasse-Potential: &lt; 2 mV<br \/>\nKonformit\u00e4t: CE, RoHS<br \/>\nAbmessungen: 83x125x140mm<br \/>\nGewicht: 1,38 kg, davon 285g Ablagest\u00e4nder<br \/>\nL\u00f6tspitzenreihe: QUICK 960<\/p>\n<p>Lieferumfang:<br \/>\n&#8211; QUICK 3104 L\u00f6tstation<br \/>\n&#8211; L\u00f6tkolben mit L\u00f6tspitze 960-I nadelspitz, \u00d8 0,2 mm<br \/>\n&#8211; Ablagest\u00e4nder mit integrierter Trockenreinigung aus Messingwolle<br \/>\n&#8211; Silikonpad f\u00fcr einfachen L\u00f6tspitzenwechsel<br \/>\n&#8211; Kabel f\u00fcr den Potentialausgleich mit Krokodilklemme<br \/>\n&#8211; Bedienungsanleitung in deutscher Sprache<br \/>\nPowerful and compact 80W soldering station for professional experts and craftsmen.<br \/>\nQUICK stands for extremely robust, high-quality workmanship and flexible application. This includes features such as the use of ceramic heating elements, internally heated soldering tips and temperature measurement in the soldering tip for fast and effective heating control, perfect stability of the station and storage on the workbench, and an extremely flexible supply cable to the soldering tool.<\/p>\n<p>These components achieve a long service life and excellent practicality.  <\/p>\n<p>The device is easy to set up and ready for use in just a few minutes. The separate and freely positionable storage stand with integrated and replaceable dry cleaner allows for tip-friendly cleaning and setup of the soldering station according to the user&#039;s needs. Replacement soldering tips can be conveniently stored and placed in the holder of the non-slip storage stand. The soldering iron is easy to handle thanks to its ergonomic handle with grip padding and its extremely flexible cable.<\/p>\n<p>The soldering temperature can be easily adjusted in 1\u00b0C increments in the temperature range from 100\u00b0 to 450\u00b0C using the buttons. You can keep an eye on the actual temperature at any time via the easy-to-read display and even save up to 3 favorites in the device. The temperature accuracy is +\/- 2\u00b0C and can be calibrated, e.g., after the heating element has aged.<br \/>\nThe station can be secured against unwanted changes with password protection.<\/p>\n<p>Thanks to an enclosed silicone pad for heat protection, the soldering tip can be easily changed even when hot. <\/p>\n<p>To protect the soldering tip from unnecessary oxidation, please switch off the station at the power switch when not in use.<\/p>\n<p>For reliable ESD protection of the soldering station, please connect it securely to your ESD-safe workstation at the device&#039;s socket. The included cable with an alligator clip is only a temporary option for preventing high static charges.<\/p>\n<p>Type: digital industrial hand soldering station 230V, 50Hz<br \/>\nPower: 80 watts ceramic heater<br \/>\nSoldering iron 1.2 m connection cable, silicone-coated, very flexible<br \/>\nHeating element: plugged in, replaceable<br \/>\nDisplay: digital ACTUAL &amp; TARGET temperature, calibratable<br \/>\nFixed temperature buttons: 3 (preset to 200\u00b0\/300\u00b0\/380\u00b0C)<br \/>\nPassword protection: yes<br \/>\nHeating time: approx. 39s to 350\u00b0C<br \/>\nTemperature range: 100\u00b0-450\u00b0C<br \/>\nTemperature tolerance: +\/- 2\u00b0C<br \/>\nESD protection: yes<br \/>\nSoldering tip cleaning: dry wool<br \/>\nGrounding resistance:&lt; 2 ohms<br \/>\nGround potential: <\/p>","protected":false},"excerpt":{"rendered":"<p>Sorry, this entry is only available in Deutsch.Leistungsstarke und kompakte L\u00f6tstation mit 80W f\u00fcr den professionellen Experten sowie Handwerker. QUICK steht f\u00fcr eine \u00e4u\u00dferst robuste, hochwertige Verarbeitung sowie dem flexiblen Einsatzbereich. Dazu geh\u00f6ren Eigenschaften wie die Verwendung von Keramikheizelementen, innenbeheizte L\u00f6tspitzen und Messung der Temperatur in der L\u00f6tspitze f\u00fcr ein schnelles und effektives Heizregelverhalten, eine [&hellip;]<\/p>\n","protected":false},"featured_media":82295,"template":"","meta":{"ep_exclude_from_search":false},"product_cat":[289],"product_tag":[],"class_list":{"0":"post-805","1":"product","2":"type-product","3":"status-publish","4":"has-post-thumbnail","6":"product_cat-quick","7":"product_shipping_class-paket","9":"first","10":"instock","11":"taxable","12":"shipping-taxable","13":"purchasable","14":"product-type-simple"},"_links":{"self":[{"href":"https:\/\/www.gallun-shop.com\/en\/wp-json\/wp\/v2\/product\/805"}],"collection":[{"href":"https:\/\/www.gallun-shop.com\/en\/wp-json\/wp\/v2\/product"}],"about":[{"href":"https:\/\/www.gallun-shop.com\/en\/wp-json\/wp\/v2\/types\/product"}],"wp:featuredmedia":[{"embeddable":true,"href":"https:\/\/www.gallun-shop.com\/en\/wp-json\/wp\/v2\/media\/82295"}],"wp:attachment":[{"href":"https:\/\/www.gallun-shop.com\/en\/wp-json\/wp\/v2\/media?parent=805"}],"wp:term":[{"taxonomy":"product_cat","embeddable":true,"href":"https:\/\/www.gallun-shop.com\/en\/wp-json\/wp\/v2\/product_cat?post=805"},{"taxonomy":"product_tag","embeddable":true,"href":"https:\/\/www.gallun-shop.com\/en\/wp-json\/wp\/v2\/product_tag?post=805"}],"curies":[{"name":"wp","href":"https:\/\/api.w.org\/{rel}","templated":true}]}}