{"id":80476,"date":"2026-05-11T08:59:51","date_gmt":"2026-05-11T06:59:51","guid":{"rendered":"https:\/\/www.gallun-shop.com\/produkt\/gallunoptimal-sprint80d-loetkolben-80w-230v-geregelt-ueber-digitaldisplay-mit-kartuschen-loetspitze-standby-auto-sleep\/"},"modified":"2026-05-13T21:57:47","modified_gmt":"2026-05-13T19:57:47","slug":"gallunoptimal-sprint80d-loetkolben-80w-230v-geregelt-ueber-digitaldisplay-mit-kartuschen-loetspitze-standby-auto-sleep","status":"publish","type":"product","link":"https:\/\/www.gallun-shop.com\/en\/produkt\/gallunoptimal-sprint80d-loetkolben-80w-230v-geregelt-ueber-digitaldisplay-mit-kartuschen-loetspitze-standby-auto-sleep\/","title":{"rendered":"GALLUNOPTIMAL Sprint80D+ soldering iron 80W, 230V, controlled by digital display, with cartridge soldering tip, standby &#038; auto-sleep"},"content":{"rendered":"<p class=\"qtranxs-available-languages-message qtranxs-available-languages-message-en\">Sorry, this entry is only available in <a href=\"https:\/\/www.gallun-shop.com\/de\/wp-json\/wp\/v2\/product\/80476\" class=\"qtranxs-available-language-link qtranxs-available-language-link-de\" title=\"Deutsch\">Deutsch<\/a>.<\/p><p>GALLUNOPTIMAL Sprint80D+ L\u00f6tkolben 80W, 230V, geregelt \u00fcber Digitaldisplay 100-500\u00b0C, mit Kartuschen-L\u00f6tspitze, Standby &#038; Auto-sleep, kalibrierbar, Temperaturkompensation, Temperaturstabilit\u00e4t +\/- 2\u00b0C, Temperatursperre, Hochtemperatur-Silikonkabel<\/p>\n<p>Aufheizzeit: 22 Sekunden von Raumtemperatur auf 350\u00b0C<\/p>\n<p>Eigenschaften:<\/p>\n<p>&#8211; L\u00f6tkolben mit genauer Temperaturregelung<br \/>\n&#8211; Auto-Standby (0-60 Minuten)<br \/>\n&#8211; Auto-Ruhezustand (0-60 Minuten)<br \/>\n&#8211; Rapid-Kartuschen-L\u00f6tspitzensystem<br \/>\n&#8211; Ergonomischer Griff, Magnethalter<br \/>\n&#8211; Temperatur \u00fcber Tasten am L\u00f6tkolben einstellbar<br \/>\n&#8211; w\u00e4rmebest\u00e4ndiges Silikonkabel mit Knickschutz<br \/>\n&#8211; Temperatursperrfunktion<br \/>\n&#8211; Kalibrierfunktion<\/p>\n<p>Technische Daten:<\/p>\n<p>&#8211; Netzspannung 230V~<br \/>\n&#8211; Leistung 80W<br \/>\n&#8211; Temperatur-Bereich 100-500\u00b0C<br \/>\n&#8211; Temperatur-Stabilit\u00e4t +\/- 2\u00b0C<br \/>\n&#8211; Temperatur-Kompensation +\/-100\u00b0C<br \/>\n&#8211; Temperatur-Einheit \u00b0C\/\u00b0F<br \/>\n&#8211; Impedanz Spitze-Erde &lt;0,1 \u03a9<br \/>\n&#8211; Spannung Spitze-Erde &lt;2mV<br \/>\n&#8211; OLED-Display 2,5cm mit Tasten<br \/>\n&#8211; Anschl.-kabel Silikon 1,77m gesamt<br \/>\n&#8211; Gewicht 160g<\/p>\n<p>Lieferumfang:<\/p>\n<p>&#8211; Sprint80D+ L\u00f6tkolben<br \/>\n&#8211; Kartuschenl\u00f6tspitze gerade, bleistiftspitz, verl\u00e4ngert \u00d8 0,6 mm<br \/>\n&#8211; Bedienungsanleitung <\/p>\n<p>Empfohlener Ablagest\u00e4nder: GALLUNOPTIMAL OS 11<br \/>\nGALLUNOPTIMAL Sprint80D+ soldering iron 80W, 230V, controlled by digital display 100-500\u00b0C, with cartridge soldering tip, standby &amp; auto-sleep, calibratable, temperature compensation, temperature stability +\/- 2\u00b0C, temperature lock, high-temperature silicone cable<\/p>\n<p>heat-up time: 22 seconds from room temperature to 350\u00b0C<\/p>\n<p>Features:<\/p>\n<p>&#8211; Soldering iron with precise temperature control<br \/>\n&#8211; Auto-standby (0-60 minutes)<br \/>\n&#8211; Auto-sleep (0-60 minutes)<br \/>\n&#8211; Rapid cartridge soldering tip system<br \/>\n&#8211; Ergonomic handle, magnetic holder<br \/>\n&#8211; Temperature adjustable via buttons on the soldering iron<br \/>\n&#8211; Heat-resistant silicone cable with kink protection<br \/>\n&#8211; Temperature lock function<br \/>\n&#8211; Calibration function<\/p>\n<p>Technical data:<\/p>\n<p>&#8211; Mains voltage 230V~<br \/>\n&#8211; Power 80W<br \/>\n&#8211; Temperature range 100-500\u00b0C<br \/>\n&#8211; Temperature stability +\/- 2\u00b0C<br \/>\n&#8211; Temperature compensation +\/-100\u00b0C<br \/>\n&#8211; Temperature unit \u00b0C\/\u00b0F<br \/>\n&#8211; Impedance peak-earth&lt;0.1 \u03a9<br \/>\n&#8211; Voltage peak-earth <\/p>","protected":false},"excerpt":{"rendered":"<p>Sorry, this entry is only available in Deutsch.GALLUNOPTIMAL Sprint80D+ L\u00f6tkolben 80W, 230V, geregelt \u00fcber Digitaldisplay 100-500\u00b0C, mit Kartuschen-L\u00f6tspitze, Standby &#038; Auto-sleep, kalibrierbar, Temperaturkompensation, Temperaturstabilit\u00e4t +\/- 2\u00b0C, Temperatursperre, Hochtemperatur-Silikonkabel Aufheizzeit: 22 Sekunden von Raumtemperatur auf 350\u00b0C Eigenschaften: &#8211; L\u00f6tkolben mit genauer Temperaturregelung &#8211; Auto-Standby (0-60 Minuten) &#8211; Auto-Ruhezustand (0-60 Minuten) &#8211; Rapid-Kartuschen-L\u00f6tspitzensystem &#8211; Ergonomischer Griff, Magnethalter [&hellip;]<\/p>\n","protected":false},"featured_media":81490,"template":"","meta":{"ep_exclude_from_search":false},"product_cat":[2039,2040],"product_tag":[],"class_list":{"0":"post-80476","1":"product","2":"type-product","3":"status-publish","4":"has-post-thumbnail","6":"product_cat-standardloetkolben","7":"product_cat-temperaturgeregelt","8":"product_shipping_class-postwarenpost-individuell","9":"pa_gosprint80-mit-display","11":"first","12":"instock","13":"taxable","14":"shipping-taxable","15":"purchasable","16":"product-type-simple"},"_links":{"self":[{"href":"https:\/\/www.gallun-shop.com\/en\/wp-json\/wp\/v2\/product\/80476"}],"collection":[{"href":"https:\/\/www.gallun-shop.com\/en\/wp-json\/wp\/v2\/product"}],"about":[{"href":"https:\/\/www.gallun-shop.com\/en\/wp-json\/wp\/v2\/types\/product"}],"wp:featuredmedia":[{"embeddable":true,"href":"https:\/\/www.gallun-shop.com\/en\/wp-json\/wp\/v2\/media\/81490"}],"wp:attachment":[{"href":"https:\/\/www.gallun-shop.com\/en\/wp-json\/wp\/v2\/media?parent=80476"}],"wp:term":[{"taxonomy":"product_cat","embeddable":true,"href":"https:\/\/www.gallun-shop.com\/en\/wp-json\/wp\/v2\/product_cat?post=80476"},{"taxonomy":"product_tag","embeddable":true,"href":"https:\/\/www.gallun-shop.com\/en\/wp-json\/wp\/v2\/product_tag?post=80476"}],"curies":[{"name":"wp","href":"https:\/\/api.w.org\/{rel}","templated":true}]}}