{"id":80475,"date":"2026-04-13T13:39:20","date_gmt":"2026-04-13T11:39:20","guid":{"rendered":"https:\/\/www.gallun-shop.com\/produkt\/gallunoptimal-sprint80-loetkolben-80w-230v-200-500c-temperaturgeregelt-mit-kartuschen-loetspitze-led-indikation-kalibrierbar\/"},"modified":"2026-04-14T21:59:40","modified_gmt":"2026-04-14T19:59:40","slug":"gallunoptimal-sprint80-loetkolben-80w-230v-200-500c-temperaturgeregelt-mit-kartuschen-loetspitze-led-indikation-kalibrierbar","status":"publish","type":"product","link":"https:\/\/www.gallun-shop.com\/en\/produkt\/gallunoptimal-sprint80-loetkolben-80w-230v-200-500c-temperaturgeregelt-mit-kartuschen-loetspitze-led-indikation-kalibrierbar\/","title":{"rendered":"GALLUNOPTIMAL Sprint80+ soldering iron 80W, 230V, 200-500\u00b0C, temperature-controlled, with cartridge soldering tip LED indication, can be calibrated"},"content":{"rendered":"<p class=\"qtranxs-available-languages-message qtranxs-available-languages-message-en\">Sorry, this entry is only available in <a href=\"https:\/\/www.gallun-shop.com\/de\/wp-json\/wp\/v2\/product\/80475\" class=\"qtranxs-available-language-link qtranxs-available-language-link-de\" title=\"Deutsch\">Deutsch<\/a>.<\/p><p>GALLUNOPTIMAL Sprint80+ L\u00f6tkolben 80W, 230V, 200-500\u00b0C, temperaturgeregelt, mit Kartuschen-L\u00f6tspitze LED-Indikation, kalibrierbar<\/p>\n<p>Aufheizzeit: 22 Sekunden von Raumtemperatur auf 350\u00b0C<\/p>\n<p>Eigenschaften:<\/p>\n<p>&#8211; L\u00f6tkolben mit genauer Temperaturregelung<br \/>\n&#8211; Rapid-Kartuschen-L\u00f6tspitzensystem<br \/>\n&#8211; Ergonomischer Griff<br \/>\n&#8211; Temperatur \u00fcber Drehregler am L\u00f6tkolben einstellbar<br \/>\n&#8211; Kalibrierfunktion<\/p>\n<p>Technische Daten:<\/p>\n<p>&#8211; Eingangsspannung 230V~<br \/>\n&#8211; Leistung 80W<br \/>\n&#8211; Temperatur-Bereich 200-500\u00b0C<br \/>\n&#8211; Temperatur-Stabilit\u00e4t +\/- 2\u00b0C<br \/>\n&#8211; Temperatur-Einheit \u00b0C<br \/>\n&#8211; Impedanz Spitze-Erde &lt;0,1 \u03a9<br \/>\n&#8211; Spannung Spitze-Erde &lt;2mV<br \/>\n&#8211; Anschlusskabel 1,28m<br \/>\n&#8211; Gewicht 160g<\/p>\n<p>Lieferumfang:<\/p>\n<p>&#8211; Sprint80D+ L\u00f6tkolben<br \/>\n&#8211; Kartuschenl\u00f6tspitze gerade, bleistiftspitz, verl\u00e4ngert \u00d8 0,6 mm<br \/>\n&#8211; Bedienungsanleitung <\/p>\n<p>Empfohlener Ablagest\u00e4nder: GALLUNOPTIMAL OS 11<br \/>\nGALLUNOPTIMAL Sprint80+ soldering iron 80W, 230V, 200-500\u00b0C, temperature-controlled, with cartridge soldering tip LED indication, calibratable<\/p>\n<p>Heating time: 22 seconds from room temperature to 350\u00b0C<\/p>\n<p>Properties:<\/p>\n<p>&#8211; Soldering iron with precise temperature control<br \/>\n&#8211; Rapid cartridge soldering tip system<br \/>\n&#8211; Ergonomic handle<br \/>\n&#8211; Temperature adjustable via control dial on the soldering iron<br \/>\n&#8211; Calibration function<\/p>\n<p>Technical data:<\/p>\n<p>&#8211; Input voltage 230V~<br \/>\n&#8211; Power 80W<br \/>\n&#8211; Temperature range 200-500\u00b0C<br \/>\n&#8211; Temperature stability +\/- 2\u00b0C<br \/>\n&#8211; Temperature unit \u00b0C<br \/>\n&#8211; Impedance peak-earth&lt;0.1 \u03a9<br \/>\n&#8211; Voltage peak-earth <\/p>","protected":false},"excerpt":{"rendered":"<p>Sorry, this entry is only available in Deutsch.GALLUNOPTIMAL Sprint80+ L\u00f6tkolben 80W, 230V, 200-500\u00b0C, temperaturgeregelt, mit Kartuschen-L\u00f6tspitze LED-Indikation, kalibrierbar Aufheizzeit: 22 Sekunden von Raumtemperatur auf 350\u00b0C Eigenschaften: &#8211; L\u00f6tkolben mit genauer Temperaturregelung &#8211; Rapid-Kartuschen-L\u00f6tspitzensystem &#8211; Ergonomischer Griff &#8211; Temperatur \u00fcber Drehregler am L\u00f6tkolben einstellbar &#8211; Kalibrierfunktion Technische Daten: &#8211; Eingangsspannung 230V~ &#8211; Leistung 80W &#8211; Temperatur-Bereich [&hellip;]<\/p>\n","protected":false},"featured_media":81480,"template":"","meta":{"ep_exclude_from_search":false},"product_cat":[2039,2040],"product_tag":[],"class_list":{"0":"post-80475","1":"product","2":"type-product","3":"status-publish","4":"has-post-thumbnail","6":"product_cat-standardloetkolben","7":"product_cat-temperaturgeregelt","8":"product_shipping_class-postwarenpost-individuell","9":"pa_gosprint80-ohne-display","11":"first","12":"instock","13":"taxable","14":"shipping-taxable","15":"purchasable","16":"product-type-simple"},"_links":{"self":[{"href":"https:\/\/www.gallun-shop.com\/en\/wp-json\/wp\/v2\/product\/80475"}],"collection":[{"href":"https:\/\/www.gallun-shop.com\/en\/wp-json\/wp\/v2\/product"}],"about":[{"href":"https:\/\/www.gallun-shop.com\/en\/wp-json\/wp\/v2\/types\/product"}],"wp:featuredmedia":[{"embeddable":true,"href":"https:\/\/www.gallun-shop.com\/en\/wp-json\/wp\/v2\/media\/81480"}],"wp:attachment":[{"href":"https:\/\/www.gallun-shop.com\/en\/wp-json\/wp\/v2\/media?parent=80475"}],"wp:term":[{"taxonomy":"product_cat","embeddable":true,"href":"https:\/\/www.gallun-shop.com\/en\/wp-json\/wp\/v2\/product_cat?post=80475"},{"taxonomy":"product_tag","embeddable":true,"href":"https:\/\/www.gallun-shop.com\/en\/wp-json\/wp\/v2\/product_tag?post=80475"}],"curies":[{"name":"wp","href":"https:\/\/api.w.org\/{rel}","templated":true}]}}