{"id":80471,"date":"2026-05-13T12:49:55","date_gmt":"2026-05-13T10:49:55","guid":{"rendered":"https:\/\/www.gallun-shop.com\/produkt\/gallunoptimal-iso-core-sn9925cu07ni005-sn100ni-bleifr-loetdr-22-fm-ra-clear-halogenh-2\/"},"modified":"2026-05-13T17:24:55","modified_gmt":"2026-05-13T15:24:55","slug":"gallunoptimal-iso-core-sn9925cu07ni005-sn100ni-bleifr-loetdr-22-fm-ra-clear-halogenh-2","status":"publish","type":"product","link":"https:\/\/www.gallun-shop.com\/en\/produkt\/gallunoptimal-iso-core-sn9925cu07ni005-sn100ni-bleifr-loetdr-22-fm-ra-clear-halogenh-2\/","title":{"rendered":"2% FM RA-Clear, halogenh. <1.2% REM1, 1.0 mm, 100g Sp."},"content":{"rendered":"<p class=\"qtranxs-available-languages-message qtranxs-available-languages-message-en\">Sorry, this entry is only available in <a href=\"https:\/\/www.gallun-shop.com\/de\/wp-json\/wp\/v2\/product\/80471\" class=\"qtranxs-available-language-link qtranxs-available-language-link-de\" title=\"Deutsch\">Deutsch<\/a>.<\/p><p>Der GALLUNOPTIMAL by FELDER ISO-Core Sn100Ni+ L\u00f6tdraht ist die ideale Wahl f\u00fcr st\u00e4rker oxidierte L\u00f6tstellen mit &lt;1,2% Halogenanteil. Der L\u00f6tdraht schmilzt bei ca. 227\u00b0C, besteht aus einem sehr hohen Annteil an Zinn mit einer Microlegierung aus Kupfer, Nickel und Germanium ist konform mit der DIN EN ISO 9453:2014. Das bietet eine eine hervorragende mechanische Stabilit\u00e4t und minimierte Oxidation an der L\u00f6tspitze. Durch das enthaltene Halogen besteht nach dem L\u00f6ten eine Korrosionsgefahr, es wird eine Reinigung der L\u00f6tstellen an empfohlen.<\/p>\n<p>Mit einer 2,2 % Flussmittelf\u00fcllung RA-Clear nach REM1-Standard (Rosin, Medium Activity, Halogenated) ist er besonders f\u00fcr st\u00e4rker oxidierte Oberfl\u00e4chen in der Reparatur von Baugruppen geeignet. Die h\u00f6here Aktivit\u00e4t des halogenhaltigen Flussmittels sorgt f\u00fcr eine verbesserte Oxidationsentfernung und gew\u00e4hrleistet eine gleichm\u00e4\u00dfige Benetzung der L\u00f6tstelle. Dies macht den L\u00f6tdraht ideal f\u00fcr Reparaturen, L\u00f6ten von Kabelverbindungen und industrielle L\u00f6tprozesse.<\/p>\n<p>Anwendungsbereiche:<\/p>\n<p>&#8211; Handl\u00f6tarbeiten an Leiterplatten und Bauteilen der Elektrotechnik und Elektronik<br \/>\n&#8211; L\u00f6tverbindungen mit schwer l\u00f6tbaren oder oxidierten Fl\u00e4chen<br \/>\n&#8211;  Elektrotechnik, Sensorik und Pr\u00e4zisionsl\u00f6tarbeiten<br \/>\n&#8211; Reparatur von Baugruppen nach l\u00e4ngerem Einsatz<br \/>\n&#8211; Modellbau, Feinmechanik und industrielle Fertigung<\/p>\n<p>Lieferumfang:<\/p>\n<p>100g Spule GALLUNOPTIMAL by FELDER ISO-Core SN100Ni+, Durchmesser 1,0mm<br \/>\nGALLUNOPTIMAL ISO-Core Sn99.25Cu0.7Ni0.05 (Sn100Ni+) lead-free solder wire for hand soldering in electronics, DIN EN ISO 9453: 2014 with 2.2% flux filling RA-Clear, containing halogen<\/p>","protected":false},"excerpt":{"rendered":"<p>Sorry, this entry is only available in Deutsch.Der GALLUNOPTIMAL by FELDER ISO-Core Sn100Ni+ L\u00f6tdraht ist die ideale Wahl f\u00fcr st\u00e4rker oxidierte L\u00f6tstellen mit &lt;1,2% Halogenanteil. Der L\u00f6tdraht schmilzt bei ca. 227\u00b0C, besteht aus einem sehr hohen Annteil an Zinn mit einer Microlegierung aus Kupfer, Nickel und Germanium ist konform mit der DIN EN ISO 9453:2014. [&hellip;]<\/p>\n","protected":false},"featured_media":81433,"template":"","meta":{"ep_exclude_from_search":false},"product_cat":[262],"product_tag":[],"class_list":{"0":"post-80471","1":"product","2":"type-product","3":"status-publish","4":"has-post-thumbnail","6":"product_cat-loetzinn-paste-stangen","7":"product_shipping_class-postwarenpost-individuell","8":"pa_gorac-100g-spule-10mm-durchmesser","9":"pa_gorac-100g-spule-1_comma_0mm-durchmesser","11":"first","12":"instock","13":"taxable","14":"shipping-taxable","15":"purchasable","16":"product-type-simple","17":"has-discount-price"},"_links":{"self":[{"href":"https:\/\/www.gallun-shop.com\/en\/wp-json\/wp\/v2\/product\/80471"}],"collection":[{"href":"https:\/\/www.gallun-shop.com\/en\/wp-json\/wp\/v2\/product"}],"about":[{"href":"https:\/\/www.gallun-shop.com\/en\/wp-json\/wp\/v2\/types\/product"}],"wp:featuredmedia":[{"embeddable":true,"href":"https:\/\/www.gallun-shop.com\/en\/wp-json\/wp\/v2\/media\/81433"}],"wp:attachment":[{"href":"https:\/\/www.gallun-shop.com\/en\/wp-json\/wp\/v2\/media?parent=80471"}],"wp:term":[{"taxonomy":"product_cat","embeddable":true,"href":"https:\/\/www.gallun-shop.com\/en\/wp-json\/wp\/v2\/product_cat?post=80471"},{"taxonomy":"product_tag","embeddable":true,"href":"https:\/\/www.gallun-shop.com\/en\/wp-json\/wp\/v2\/product_tag?post=80471"}],"curies":[{"name":"wp","href":"https:\/\/api.w.org\/{rel}","templated":true}]}}