{"id":80432,"date":"2026-05-13T12:49:48","date_gmt":"2026-05-13T10:49:48","guid":{"rendered":"https:\/\/www.gallun-shop.com\/produkt\/gallunoptimal-iso-core-sn9925cu07ni005-sn100ni-bleifrei-loetdraht-22-fm-clear-halogenh-7\/"},"modified":"2026-05-13T17:24:50","modified_gmt":"2026-05-13T15:24:50","slug":"gallunoptimal-iso-core-sn9925cu07ni005-sn100ni-bleifrei-loetdraht-22-fm-clear-halogenh-7","status":"publish","type":"product","link":"https:\/\/www.gallun-shop.com\/en\/produkt\/gallunoptimal-iso-core-sn9925cu07ni005-sn100ni-bleifrei-loetdraht-22-fm-clear-halogenh-7\/","title":{"rendered":"GALLUNOPTIMAL ISO-Core Sn99.25Cu0.7Ni0.05 (Sn100Ni+) lead-free solder wire, 2.2% FM Clear, halogen-free <0.15% REL1, 1.0mm, 50g spool"},"content":{"rendered":"<p class=\"qtranxs-available-languages-message qtranxs-available-languages-message-en\">Sorry, this entry is only available in <a href=\"https:\/\/www.gallun-shop.com\/de\/wp-json\/wp\/v2\/product\/80432\" class=\"qtranxs-available-language-link qtranxs-available-language-link-de\" title=\"Deutsch\">Deutsch<\/a>.<\/p><p>GALLUNOPTIMAL ISO-Core Sn99,25Cu0,7Ni0,05 (Sn100Ni+) bleifreier L\u00f6tdraht f\u00fcr Handl\u00f6ten in der Elektronik, DIN EN ISO 9453:2014 mit 2,2% Flussmittelf\u00fcllung Clear, halogenhaltig &lt;0,15% REL1 DIN EN ISO 9454-1, 1222, Schmelztemperatur 227\u00b0C, 1,0 mm, 50g Spule<\/p>\n<p>Der GALLUNOPTIMAL by FELDER ISO-Core Sn100Ni+ L\u00f6tdraht ist ein universeller, bleifreier L\u00f6tdraht f\u00fcr pr\u00e4zise Handl\u00f6tarbeiten in der Elektronik und Elektrotechnik mit einem sehr geringen Halogenanteil &lt;0,15%. Dieser schmilzt bei ca. 227\u00b0C, besteht aus einem sehr hohen Anteil an Zinn mit einer Microlegierung aus Kupfer, Nickel und Germanium ist konform mit der DIN EN ISO 9454-1, 1223. Das bietet eine hervorragende mechanische Stabilit\u00e4t und minimierte Oxidation an der L\u00f6tspitze. <\/p>\n<p>Dank der 2,2 % Flussmittelf\u00fcllung Clear nach REL1-Standard (Rosin, Low Activity, Halogenated) ist er f\u00fcr nahezu alle Einsatzgebiete im Handl\u00f6ten ideal geeignet und sorgt f\u00fcr eine gute Benetzung der L\u00f6tstellen, zuverl\u00e4ssige L\u00f6tergebnisse und optimiert f\u00fcr Arbeiten an elektronischen Baugruppen. Trotz des gering enthaltenen Halogens (&lt;0,15 %) besteht nach dem L\u00f6ten in der Regel keine Korrosionsgefahr, die L\u00f6tstelle muss nicht gereinigt werden.<\/p>\n<p>Anwendungsbereiche:<\/p>\n<p>&#8211; Handl\u00f6tarbeiten an Leiterplatten, SMD-Bauteilen &amp; L\u00f6tstellen<br \/>\n&#8211; universell f\u00fcr allgemeine Arbeiten an Elektronik &amp; Elektrotechnik<br \/>\n&#8211; zuverl\u00e4ssig f\u00fcr Reparaturen \u2013 Geeignet f\u00fcr Baugruppen, Platinen &amp; gealterte L\u00f6tstellen<br \/>\n&#8211; pr\u00e4zise Handl\u00f6tarbeiten in Modellbau, Sensorik &amp; industrielle Anwendungen<br \/>\n&#8211; gute Benetzung &amp; zuverl\u00e4ssige L\u00f6tverbindungen mit minimierter Oxidation<\/p>\n<p>Lieferumfang:<\/p>\n<p>1x GOCL050100Ni+, 1,0mm Durchmesser, 50 g Spule GALLUNOPTIMAL by FELDER ISO-Core Sn100Ni+ (Sn99,25Cu0,7Ni0,05)<br \/>\nGALLUNOPTIMAL ISO-Core Sn99.25Cu0.7Ni0.05 (Sn100Ni+) lead-free solder wire for hand soldering in electronics, DIN EN ISO 9453: 2014 with 2.2% flux filling, clear, containing halogen<\/p>","protected":false},"excerpt":{"rendered":"<p>Sorry, this entry is only available in Deutsch.GALLUNOPTIMAL ISO-Core Sn99,25Cu0,7Ni0,05 (Sn100Ni+) bleifreier L\u00f6tdraht f\u00fcr Handl\u00f6ten in der Elektronik, DIN EN ISO 9453:2014 mit 2,2% Flussmittelf\u00fcllung Clear, halogenhaltig &lt;0,15% REL1 DIN EN ISO 9454-1, 1222, Schmelztemperatur 227\u00b0C, 1,0 mm, 50g Spule Der GALLUNOPTIMAL by FELDER ISO-Core Sn100Ni+ L\u00f6tdraht ist ein universeller, bleifreier L\u00f6tdraht f\u00fcr pr\u00e4zise Handl\u00f6tarbeiten [&hellip;]<\/p>\n","protected":false},"featured_media":81044,"template":"","meta":{"ep_exclude_from_search":false},"product_cat":[262],"product_tag":[],"class_list":{"0":"post-80432","1":"product","2":"type-product","3":"status-publish","4":"has-post-thumbnail","6":"product_cat-loetzinn-paste-stangen","7":"product_shipping_class-postgrossbrief-2cm-500g","8":"pa_gocl-50g-spule-10mm-durchmesser","9":"pa_gocl-50g-spule-1_comma_0mm-durchmesser","11":"first","12":"instock","13":"taxable","14":"shipping-taxable","15":"purchasable","16":"product-type-simple","17":"has-discount-price"},"_links":{"self":[{"href":"https:\/\/www.gallun-shop.com\/en\/wp-json\/wp\/v2\/product\/80432"}],"collection":[{"href":"https:\/\/www.gallun-shop.com\/en\/wp-json\/wp\/v2\/product"}],"about":[{"href":"https:\/\/www.gallun-shop.com\/en\/wp-json\/wp\/v2\/types\/product"}],"wp:featuredmedia":[{"embeddable":true,"href":"https:\/\/www.gallun-shop.com\/en\/wp-json\/wp\/v2\/media\/81044"}],"wp:attachment":[{"href":"https:\/\/www.gallun-shop.com\/en\/wp-json\/wp\/v2\/media?parent=80432"}],"wp:term":[{"taxonomy":"product_cat","embeddable":true,"href":"https:\/\/www.gallun-shop.com\/en\/wp-json\/wp\/v2\/product_cat?post=80432"},{"taxonomy":"product_tag","embeddable":true,"href":"https:\/\/www.gallun-shop.com\/en\/wp-json\/wp\/v2\/product_tag?post=80432"}],"curies":[{"name":"wp","href":"https:\/\/api.w.org\/{rel}","templated":true}]}}