{"id":80411,"date":"2026-05-11T20:49:23","date_gmt":"2026-05-11T18:49:23","guid":{"rendered":"https:\/\/www.gallun-shop.com\/produkt\/gallunoptimal-by-felder-loetoel-st-100-ml-flussmittel-fuer-edelstahl-stahl\/"},"modified":"2026-05-13T22:00:47","modified_gmt":"2026-05-13T20:00:47","slug":"gallunoptimal-by-felder-loetoel-st-100-ml-flussmittel-fuer-edelstahl-stahl","status":"publish","type":"product","link":"https:\/\/www.gallun-shop.com\/en\/produkt\/gallunoptimal-by-felder-loetoel-st-100-ml-flussmittel-fuer-edelstahl-stahl\/","title":{"rendered":"GALLUNOPTIMAL Soldering Oil ST Flux Soft soldering of steel and stainless steel, medium activation, F-SW11, 100 ml bottle"},"content":{"rendered":"<p class=\"qtranxs-available-languages-message qtranxs-available-languages-message-en\">Sorry, this entry is only available in <a href=\"https:\/\/www.gallun-shop.com\/de\/wp-json\/wp\/v2\/product\/80411\" class=\"qtranxs-available-language-link qtranxs-available-language-link-de\" title=\"Deutsch\">Deutsch<\/a>.<\/p><p>GALLUNOPTIMAL by FELDER L\u00f6t\u00f6l ST \u2013 100\u202fml Flussmittel f\u00fcr Edelstahl &#038; Stahl<\/p>\n<p>\u2013 Mittel aktiviertes Flussmittel f\u00fcr Edelstahl<br \/>\n\u2013 Halogenidgehalt &lt; 0,01 %<br \/>\n\u2013 DIN-konform: EN ISO 9454.1 Typ 3214<br \/>\n\u2013 Handliche 100 ml Flasche<\/p>\n<p>Das L\u00f6t\u00f6l ST von GALLUNOPTIMAL ist die ideale Wahl f\u00fcr pr\u00e4zise und sichere L\u00f6tarbeiten an Edelstahl- und Stahlbauteilen. Dank des niedrigen Halogenidgehalts ist es auch f\u00fcr empfindliche Anwendungen geeignet. Die gelbe F\u00e4rbung unterst\u00fctzt die Sichtbarkeit beim Auftrag. Verlassen Sie sich auf die bew\u00e4hrte FELDER-Qualit\u00e4t f\u00fcr den professionellen Einsatz in Handwerk und Industrie.<\/p>\n<p>Made in Germany \u2013 FELDER GmbH L\u00f6ttechnik<br \/>\nGALLUNOPTIMAL by Felder<br \/>\nL\u00f6t\u00f6l ST soldering oil ST flux soft soldering of steel and stainless steel, medium activated, DIN EN ISO 9454.1, 3214, F-SW11, 100 ml bottle<\/p>","protected":false},"excerpt":{"rendered":"<p>Sorry, this entry is only available in Deutsch.GALLUNOPTIMAL by FELDER L\u00f6t\u00f6l ST \u2013 100\u202fml Flussmittel f\u00fcr Edelstahl &#038; Stahl \u2013 Mittel aktiviertes Flussmittel f\u00fcr Edelstahl \u2013 Halogenidgehalt &lt; 0,01 % \u2013 DIN-konform: EN ISO 9454.1 Typ 3214 \u2013 Handliche 100 ml Flasche Das L\u00f6t\u00f6l ST von GALLUNOPTIMAL ist die ideale Wahl f\u00fcr pr\u00e4zise und sichere [&hellip;]<\/p>\n","protected":false},"featured_media":82696,"template":"","meta":{"ep_exclude_from_search":false},"product_cat":[263],"product_tag":[],"class_list":{"0":"post-80411","1":"product","2":"type-product","3":"status-publish","4":"has-post-thumbnail","6":"product_cat-loet-flussmittel","7":"product_shipping_class-postwarenpost-individuell","8":"pa_go-flux-stahl-flux-mittel-100ml","10":"first","11":"instock","12":"taxable","13":"shipping-taxable","14":"purchasable","15":"product-type-simple","16":"has-discount-price"},"_links":{"self":[{"href":"https:\/\/www.gallun-shop.com\/en\/wp-json\/wp\/v2\/product\/80411"}],"collection":[{"href":"https:\/\/www.gallun-shop.com\/en\/wp-json\/wp\/v2\/product"}],"about":[{"href":"https:\/\/www.gallun-shop.com\/en\/wp-json\/wp\/v2\/types\/product"}],"wp:featuredmedia":[{"embeddable":true,"href":"https:\/\/www.gallun-shop.com\/en\/wp-json\/wp\/v2\/media\/82696"}],"wp:attachment":[{"href":"https:\/\/www.gallun-shop.com\/en\/wp-json\/wp\/v2\/media?parent=80411"}],"wp:term":[{"taxonomy":"product_cat","embeddable":true,"href":"https:\/\/www.gallun-shop.com\/en\/wp-json\/wp\/v2\/product_cat?post=80411"},{"taxonomy":"product_tag","embeddable":true,"href":"https:\/\/www.gallun-shop.com\/en\/wp-json\/wp\/v2\/product_tag?post=80411"}],"curies":[{"name":"wp","href":"https:\/\/api.w.org\/{rel}","templated":true}]}}