{"id":80410,"date":"2026-04-02T09:02:57","date_gmt":"2026-04-02T07:02:57","guid":{"rendered":"https:\/\/www.gallun-shop.com\/produkt\/gallunoptimal-by-felder-iso-flux-kf%e2%80%91070-flussmittel-1-l-hoch-aktiviert\/"},"modified":"2026-04-04T22:11:08","modified_gmt":"2026-04-04T20:11:08","slug":"gallunoptimal-by-felder-iso-flux-kf%e2%80%91070-flussmittel-1-l-hoch-aktiviert","status":"publish","type":"product","link":"https:\/\/www.gallun-shop.com\/en\/produkt\/gallunoptimal-by-felder-iso-flux-kf%e2%80%91070-flussmittel-1-l-hoch-aktiviert\/","title":{"rendered":"GALLUNOPTIMAL by FELDER ISO-Flux KF?070 Flux 1?l \u2013 highly activated"},"content":{"rendered":"<p class=\"qtranxs-available-languages-message qtranxs-available-languages-message-en\">Sorry, this entry is only available in <a href=\"https:\/\/www.gallun-shop.com\/de\/wp-json\/wp\/v2\/product\/80410\" class=\"qtranxs-available-language-link qtranxs-available-language-link-de\" title=\"Deutsch\">Deutsch<\/a>.<\/p><p>GALLUNOPTIMAL by FELDER ISO-Flux KF\u2011070 Flussmittel 1\u202fl \u2013 hoch aktiviert<\/p>\n<p>Mit GALLUNOPTIMAL by FELDER ISO\u2011Flux KF\u2011070 (Art.-Nr. GOKF070-1000) erhalten Sie ein leistungsf\u00e4higes Flussmittel f\u00fcr Tauch- und Wellenl\u00f6tverfahren. Es basiert auf der Norm DIN EN ISO 9454\u20111 Typ 2123 und besitzt einen Halogengehalt &lt;\u202f1,5\u202f%. Dank der harzfreien Rezeptur ist es besonders r\u00fcckstandsfrei.<\/p>\n<p>\u2013 \u201eFlussmitteltyp ORM1, hoch aktiviert\u201c<br \/>\n\u2013 \u201eHalogenhaltig &lt; 1,5\u202f%\u201c<br \/>\n\u2013 \u201eFeststoffgehalt 1,3\u202f%\u201c<br \/>\n\u2013 \u201eDichte 0,928 g\/cm\u00b3\u201c<br \/>\n\u2013 \u201eGebinde: 1000\u202fml Flasche\u201c<br \/>\nGALLUNOPTIMAL by FELDER ISO-Flux KF-070 Flux 1 l \u2013 highly activated<\/p>\n<p>GALLUNOPTIMAL by FELDER ISO-Flux KF-070 (item no. GOKF070-1000) is a high-performance flux for dip and wave soldering processes. It is based on the DIN EN ISO 9454-1 Type 2123 standard and has a halogen content of&lt;\u202f1.5\u202f%. Thanks to its resin-free formula, it is particularly residue-free.<\/p>\n<p>\u2013 &quot;Flux type ORM1, highly activated&quot;<br \/>\n\u2013 &quot;Halogen content <\/p>","protected":false},"excerpt":{"rendered":"<p>Sorry, this entry is only available in Deutsch.GALLUNOPTIMAL by FELDER ISO-Flux KF\u2011070 Flussmittel 1\u202fl \u2013 hoch aktiviert Mit GALLUNOPTIMAL by FELDER ISO\u2011Flux KF\u2011070 (Art.-Nr. GOKF070-1000) erhalten Sie ein leistungsf\u00e4higes Flussmittel f\u00fcr Tauch- und Wellenl\u00f6tverfahren. Es basiert auf der Norm DIN EN ISO 9454\u20111 Typ 2123 und besitzt einen Halogengehalt &lt;\u202f1,5\u202f%. Dank der harzfreien Rezeptur ist [&hellip;]<\/p>\n","protected":false},"featured_media":81202,"template":"","meta":{"ep_exclude_from_search":false},"product_cat":[263],"product_tag":[],"class_list":{"0":"post-80410","1":"product","2":"type-product","3":"status-publish","4":"has-post-thumbnail","6":"product_cat-loet-flussmittel","7":"product_shipping_class-paket","8":"pa_go-flux-kabel-flux-stark-1l","10":"first","11":"instock","12":"taxable","13":"shipping-taxable","14":"purchasable","15":"product-type-simple","16":"has-discount-price"},"_links":{"self":[{"href":"https:\/\/www.gallun-shop.com\/en\/wp-json\/wp\/v2\/product\/80410"}],"collection":[{"href":"https:\/\/www.gallun-shop.com\/en\/wp-json\/wp\/v2\/product"}],"about":[{"href":"https:\/\/www.gallun-shop.com\/en\/wp-json\/wp\/v2\/types\/product"}],"wp:featuredmedia":[{"embeddable":true,"href":"https:\/\/www.gallun-shop.com\/en\/wp-json\/wp\/v2\/media\/81202"}],"wp:attachment":[{"href":"https:\/\/www.gallun-shop.com\/en\/wp-json\/wp\/v2\/media?parent=80410"}],"wp:term":[{"taxonomy":"product_cat","embeddable":true,"href":"https:\/\/www.gallun-shop.com\/en\/wp-json\/wp\/v2\/product_cat?post=80410"},{"taxonomy":"product_tag","embeddable":true,"href":"https:\/\/www.gallun-shop.com\/en\/wp-json\/wp\/v2\/product_tag?post=80410"}],"curies":[{"name":"wp","href":"https:\/\/api.w.org\/{rel}","templated":true}]}}