{"id":76318,"date":"2026-05-12T12:58:50","date_gmt":"2026-05-12T10:58:50","guid":{"rendered":"https:\/\/www.gallun-shop.com\/produkt\/ersa-vario-4-mk2-esd-4-kanal-loet-heissluftstation-mit-vakuum-i-tool-mk2-chip-tool-vario-x-tool-vario-i-tool-air-s-auto-standby\/"},"modified":"2026-05-13T17:47:05","modified_gmt":"2026-05-13T15:47:05","slug":"ersa-vario-4-mk2-esd-4-kanal-loet-heissluftstation-mit-vakuum-i-tool-mk2-chip-tool-vario-x-tool-vario-i-tool-air-s-auto-standby","status":"publish","type":"product","link":"https:\/\/www.gallun-shop.com\/en\/produkt\/ersa-vario-4-mk2-esd-4-kanal-loet-heissluftstation-mit-vakuum-i-tool-mk2-chip-tool-vario-x-tool-vario-i-tool-air-s-auto-standby\/","title":{"rendered":"ERSA VARIO4 MK2, ESD 4-channel soldering and hot air station with vacuum, i-TOOL, CHIP-TOOLvario, X-TOOLvario &#038; AIR-TOOL, auto-standby"},"content":{"rendered":"<p class=\"qtranxs-available-languages-message qtranxs-available-languages-message-en\">Sorry, this entry is only available in <a href=\"https:\/\/www.gallun-shop.com\/de\/wp-json\/wp\/v2\/product\/76318\" class=\"qtranxs-available-language-link qtranxs-available-language-link-de\" title=\"Deutsch\">Deutsch<\/a>.<\/p><p>ERSA i-CON VARIO 4 MK2, ESD 4-Kanal L\u00f6t- und Hei\u00dfluftstation mit Vakuumpumpe, Hei\u00dfluftkolben i-TOOL AIR S 200W, L\u00f6tkolben i-TOOL MK2 150W, Entl\u00f6tpinzette CHIP-TOOL VARIO 2x40W und X-TOOL VARIO 150W, antistatisch  <\/p>\n<p>Die i-CON VARIO 4 MK2 Mehrkanal L\u00f6t- und Entl\u00f6tstation wird h\u00f6chsten Anspr\u00fcchen an professionellem L\u00f6ten und Entl\u00f6ten gerecht. Das Flaggschiff der i-CON-Familie stellt dem Anwender 4 L\u00f6twerkzeuge f\u00fcr anspruchsvolle L\u00f6taufgaben zur Verf\u00fcgung: zur kontaktlosen Energie\u00fcbertragung einen ergonomischen Hei\u00dfluftkolben i-TOOL AIR S (200 W), f\u00fcr effizientes Einl\u00f6ten den 150 W starken i-TOOL MK2 L\u00f6tkolben, f\u00fcr pr\u00e4zises Entl\u00f6ten feinster SMD Elemente die Entl\u00f6tpinzette CHIP TOOL VARIO (2&#215;40 W) und zum Entl\u00f6ten bedrahteter Bauelemente den X-TOOL VARIO (150 W). <\/p>\n<p>Alle L\u00f6ttools verf\u00fcgen \u00fcber einen Beschleunigungssensor, der nach Ablegen eine automatische Standby Schaltung (150-300\u00b0C) oder auch eine Ruhezustandsfunktion (Raumtemperatur) einstellen l\u00e4sst. Sekundenschnell heizen die Tools durch das Bewegen wieder in den Betriebsmodus. <\/p>\n<p>Alternativ ist der Anschluss weiterer ERSA L\u00f6twerkzeuge m\u00f6glich. <\/p>\n<p>S\u00e4mtliche Funktionen, inklusive der Luft- und Vakuumerzeugung, sind in einer zentralen Versorgungseinheit mit einer sehr einfachen i-Op Bedienung und \u00fcbersichtlichen Displays integriert. Die Station bietet dar\u00fcber hinaus Schnittstellen f\u00fcr das automatische Einschalten von ERSA L\u00f6trauchabsaugungen (durch Standby-Signal) oder eine Steuerungsm\u00f6glichkeit von ERSA Infrarot-Vorheizungen sowie einen USB-Anschluss. \u00dcber eine optionale microSD Speicherkarte kann die Station oder die Tools schnell und sicher aktualisiert werden und ist damit auch f\u00fcr zuk\u00fcnftige Tools ger\u00fcstet. Die Station ist f\u00fcr den Einsatz in ESD-Schutzzonen bestens geeignet.<\/p>\n<p>Die aktuellen Firmware\u2010Versionen k\u00f6nnen jeder Zeit unter http:\/\/www.ersa.de\/vario eingesehen und heruntergeladen werden.<\/p>\n<p>i-TOOL AIR S:<\/p>\n<p>Ergonomisch handlicher und 200W leistungsstarker Hei\u00dfluftkolben mit am Griffst\u00fcck exakt regulierbarer Luftmenge (2 bis 20 l\/min) und dessen Anzeige im Display. Verwendbare Hei\u00dfluftspitzen der Serie 0472&#8230; Ein integrierter Bewegungssensor aktiviert den i-TOOL AIR S bei Entnahme aus der Ablage, mit einem optischen IR-Sensor im Handst\u00fcck wird die Luftmenge eingeschaltet.<\/p>\n<p>CHIP TOOL VARIO:<\/p>\n<p>Starke 2x 40W in kleiner kompakter Entl\u00f6tzange. Einzigartig ist die Umstellm\u00f6glichkeit der Federwirkung, entweder schlie\u00dfen Sie gegen die Feder oder klemmen das zu entl\u00f6tende Bauteil in die Feder der Pinzette. Die steckbaren Heizelement-Paare k\u00f6nnen am Griffst\u00fcck exakt zueinander ausgerichtet werden. Verwendbare Entl\u00f6tspitzenpaare finden Sie in der Serie 0462&#8230; Auch in der Pinzette ist ein Bewegungssensor zur Aktivierung aus dem Standby-Betrieb integriert.<\/p>\n<p>X-TOOL VARIO<\/p>\n<p>Einer der leistungsst\u00e4rksten Entl\u00f6tkolben mit 150 W Heizleistung, sehr einfachem Wechseln der Entl\u00f6tspitzen und leicht zu reinigendem Restlotbeh\u00e4lter. Konzipiert f\u00fcr schwierigste Entl\u00f6tarbeiten von konventionellen Bauteilen auf massereichen Leiterplatten. Als Entl\u00f6tspitzen verwenden Sie bitte Typen der Serie 0742ED&#8230;.<\/p>\n<p>i-TOOL MK2<\/p>\n<p>Der i-TOOL MK2 ist ein extrem leichter Feinl\u00f6tkolben im Kugelschreiberformat. 150 W Heizk\u00f6rperleistung sorgen f\u00fcr schnellstes Auf-\/Nachheizverhalten. Prozessfensteralarm Energie-Leistungsstufen und automatischer Stand-by-Sensor geben dem i-CON-Anwender eine bisher unerreichte Prozesskontrolle. Optional erhalten Sie ERSA\u00b4s gr\u00f6\u00dftes Spitzensortiment hierf\u00fcr in der Serie 0102&#8230;, Der integrierte Tip&#8217;N&#8217;Turn Bajonett-Verschluss sorgt f\u00fcr einen einfachen und schnellen Spitzenwechsel und bringt zudem eine Leistungsverbesserung von 20-25% im Vergleich zum i-TOOL.<\/p>\n<p>Lieferumfang:<\/p>\n<p>&#8211; 0ICV4035A Regelstation i-CON VARIO 4 5000W, antistatisch mit 230 V Netzkabel<br \/>\n&#8211; 0470ERJ Hei\u00dfluftkolben i-TOOL AIR S, 24V, 200W, antistatisch mit Heissluftspitze 0472ER 3,5mm rund 0A55 Ablagest\u00e4nder f\u00fcr i-TOOL AIR S, antistatisch<br \/>\n&#8211; 0105CDJ L\u00f6tkolben i-TOOL MK2, 24V, 150W, antistatisch mit L\u00f6tspitze 0142CDLF16 1,6 mm Mei\u00dfel, 0A59 Ablagest\u00e4nder f\u00fcr i-TOOL MK2, antistattisch<br \/>\n&#8211; 0460MDJ Entl\u00f6tpinzette CHIP TOOL VARIO, 24V, 2x40W, antistatisch mit Entl\u00f6tspitzen 0462MDLF007 0,7 mm mei\u00dfelf\u00f6rmig abgewinkelt<br \/>\n&#8211; 0A54 Ablagest\u00e4nder f\u00fcr CHIP TOOL VARIO, antistatisch<br \/>\n&#8211; 0740EDJ Entl\u00f6tkolben X-TOOL VARIO, 24V, 150W, antistatisch mit Entl\u00f6tspitze 0742ED1225H 1,2 mm innen, 0A56 Ablagest\u00e4nder f\u00fcr X-TOOL VARIO<\/p>\n<p>Technische Daten:<\/p>\n<p>Regelstation VARIO 4 MK2 max. 500W, 325mm x 260mm x 120mm, ca.10kg<br \/>\nEingang 220-240V ~, Ausgang 24V~<br \/>\nLuftmenge 2-20l\/min., Vakuum max. 700mbar,<br \/>\nTemp.-Bereich: 150 &#8211; 450\u00b0C (50 &#8211; 550\u00b0C i-Tool AIR S)<br \/>\nOhmscher Widerstand zwischen L\u00f6tspitze und Masse &lt;2 Ohm<br \/>\nAnschl\u00fcsse Front: Netzschalter, 2x i-OP Druck\/Drehtaster f\u00fcr LCD-Display- Men\u00fcsteuerung und jeweils 2x Toolanschl\u00fcssen, gleichzeitig sind somit 4x Tools anschlie\u00df- und betreibbar. Vakuum und Druckanschluss. 2x microSD-Slot<br \/>\nAnschl\u00fcsse R\u00fcckseite: 230V~ Kaltger\u00e4tebuchse, 2x RS232, 1x USB, 1 Lufteingang mit Filter, Potentialausgleichsbuchse 4mm<br \/>\nAusf\u00fchrung antistatisch<br \/>\nEnergieverbrauch im Standby ca. 52W<br \/>\nErsa i-CON VARIO 4 MK2, ESD 4-channel soldering and hot air station with vacuum pump, hot air pencil AIR-TOOL 200W, soldering iron i-TOOL 150W, desoldering tweezers CHIP-TOOLvario 2x40W and X-TOOLvario 150W, antistatic <\/p>\n<p>The i-CON VARIO 4 MK2 multi-channel soldering and desoldering station meets the highest demands for professional soldering and desoldering. The flagship of the i-CON family provides the user with 4 soldering tools for demanding soldering tasks:<br \/>\nan ergonomic hot air pencil AIR-Tool S (200 W) for contactless energy transmission, the 150 W i-Tool soldering iron for efficient soldering, the Chip Tool VARIO desoldering tweezers (2&#215;40 W) for precise desoldering of the finest SMD elements, and the X-Tool vario (150 W) for desoldering wired components. <\/p>\n<p>All soldering tools are equipped with an acceleration sensor that can be used to set an automatic standby switch (150-300\u00b0C) or a hibernation function (room temperature) after being put down. The tools heat up again in seconds by moving them back into operating mode.<br \/>\nAlternatively, it is possible to connect further ERSA soldering tools.<br \/>\nAll functions, including air and vacuum generation, are integrated into a central supply unit with a very simple i-Op operation and a clear display. The station also offers interfaces for automatically switching on Ersa solder fume extraction units (via a standby signal) or controlling Ersa infrared preheaters, as well as a USB port. An optional microSD memory card can be used to quickly and securely update the station or tools, making it ready for future tools. The station is ideally suited for use in ESD protected areas.<br \/>\nThe current firmware versions can be viewed and downloaded at any time at http:\/\/www.ersa.de\/vario<br \/>\n.<\/p>\n<p>Scope of delivery:<br \/>\n0ICV4035A Control station i-CON VARIO4 360W, antistatic with 230 V mains cable<br \/>\n0470ERJ Hot air pencil i-AIR S-TOOL, 24V, 200W, antistatic with hot air tip 0472ER 3.5mm round<br \/>\n0A55 i-AIR-S TOOL stand, antistatic<br \/>\n0105CDJ i-TOOL soldering iron, 24V, 150W, antistatic with soldering tip 0142CDLF16 1.6 mm chisel tip,<br \/>\n0A59 i-TOOL stand, antistatic<br \/>\n0460MDJ Tweezer CHIP TOOL VARIO, 24V, 2x40W, antistatic with desoldering tips 0462MDLF007 0.7 mm chisel angled,<br \/>\n0A54 Holder for CHIP TOOL VARIO, antistatic<br \/>\n0740EDJ X-TOOL VARIO 24V 150W desoldering iron, antistatic with desoldering tip 0742ED1225H 1.2 mm internal,<br \/>\n0A56 holder for X-TOOL VARIO<\/p>\n<p>Technical data:<\/p>\n<p>VARIO 4 MK2 control station max. 360W, 300mm x 280mm x 115mm, approx. 10kg<br \/>\ninput 220-240V ~, output 24V~<br \/>\nmax. short-term power 500W,<br \/>\nair volume 2-20l\/min., max. vacuum 700mbar,<br \/>\nTemperature range: 150 &#8211; 450\u00b0C (50 &#8211; 550\u00b0C i-Tool AIR S)<br \/>\nOhmic resistance between soldering tip and ground<\/p>","protected":false},"excerpt":{"rendered":"<p>Sorry, this entry is only available in Deutsch.ERSA i-CON VARIO 4 MK2, ESD 4-Kanal L\u00f6t- und Hei\u00dfluftstation mit Vakuumpumpe, Hei\u00dfluftkolben i-TOOL AIR S 200W, L\u00f6tkolben i-TOOL MK2 150W, Entl\u00f6tpinzette CHIP-TOOL VARIO 2x40W und X-TOOL VARIO 150W, antistatisch Die i-CON VARIO 4 MK2 Mehrkanal L\u00f6t- und Entl\u00f6tstation wird h\u00f6chsten Anspr\u00fcchen an professionellem L\u00f6ten und Entl\u00f6ten gerecht. [&hellip;]<\/p>\n","protected":false},"featured_media":76915,"template":"","meta":{"ep_exclude_from_search":false},"product_cat":[2034],"product_tag":[],"class_list":{"0":"post-76318","1":"product","2":"type-product","3":"status-publish","4":"has-post-thumbnail","6":"product_cat-ersa","7":"product_shipping_class-paket","8":"pa_0icv4005-eigenschaft-chip-tool-vario-x-tool-vario","10":"first","11":"instock","12":"taxable","13":"shipping-taxable","14":"purchasable","15":"product-type-simple"},"_links":{"self":[{"href":"https:\/\/www.gallun-shop.com\/en\/wp-json\/wp\/v2\/product\/76318"}],"collection":[{"href":"https:\/\/www.gallun-shop.com\/en\/wp-json\/wp\/v2\/product"}],"about":[{"href":"https:\/\/www.gallun-shop.com\/en\/wp-json\/wp\/v2\/types\/product"}],"wp:featuredmedia":[{"embeddable":true,"href":"https:\/\/www.gallun-shop.com\/en\/wp-json\/wp\/v2\/media\/76915"}],"wp:attachment":[{"href":"https:\/\/www.gallun-shop.com\/en\/wp-json\/wp\/v2\/media?parent=76318"}],"wp:term":[{"taxonomy":"product_cat","embeddable":true,"href":"https:\/\/www.gallun-shop.com\/en\/wp-json\/wp\/v2\/product_cat?post=76318"},{"taxonomy":"product_tag","embeddable":true,"href":"https:\/\/www.gallun-shop.com\/en\/wp-json\/wp\/v2\/product_tag?post=76318"}],"curies":[{"name":"wp","href":"https:\/\/api.w.org\/{rel}","templated":true}]}}