{"id":76312,"date":"2026-05-12T12:58:45","date_gmt":"2026-05-12T10:58:45","guid":{"rendered":"https:\/\/www.gallun-shop.com\/produkt\/ersa-vario2-mk2-esd-2-kanal-entloetstation-mit-x-tool-vario-150w-auto-standby-2\/"},"modified":"2026-05-13T21:48:04","modified_gmt":"2026-05-13T19:48:04","slug":"ersa-vario2-mk2-esd-2-kanal-entloetstation-mit-x-tool-vario-150w-auto-standby-2","status":"publish","type":"product","link":"https:\/\/www.gallun-shop.com\/en\/produkt\/ersa-vario2-mk2-esd-2-kanal-entloetstation-mit-x-tool-vario-150w-auto-standby-2\/","title":{"rendered":"ERSA VARIO2 MK2, ESD 2-channel desoldering station with X-TOOL vario 150W, auto-standby"},"content":{"rendered":"<p class=\"qtranxs-available-languages-message qtranxs-available-languages-message-en\">Sorry, this entry is only available in <a href=\"https:\/\/www.gallun-shop.com\/de\/wp-json\/wp\/v2\/product\/76312\" class=\"qtranxs-available-language-link qtranxs-available-language-link-de\" title=\"Deutsch\">Deutsch<\/a>.<\/p><p>ERSA i-CON VARIO 2 MK2, ESD 2-Kanal L\u00f6t- und Entl\u00f6tstation mit Vakuumpumpe, X-TOOL VARIO 150W, i-TOOL MK2 L\u00f6tkolben 150 W, antistatisch<\/p>\n<p>Die i-CON VARIO 2 MK2 Entl\u00f6tstation wird h\u00f6chsten Anspr\u00fcchen an professionellem Entl\u00f6ten gerecht. 2 ERSA Tools k\u00f6nnen gleichzeitig betrieben werden. Vakuum und Kontaktl\u00f6ten. (Keine Hei\u00dfluft bei diesem Modell)<\/p>\n<p>Dem Anwender stehen an dieser Station zum Entl\u00f6ten bedrahteter Bauelemente der X-TOOL VARIO (150 W) und der i-TOOL MK2 (150 W) zur Verf\u00fcgung.<\/p>\n<p>Lieferumfang:<\/p>\n<p>0ICV2035X Regelstation i-CON VARIO2 200W, antistatisch mit 230 V Netzkabel<br \/>\n0740EDJ Entl\u00f6tkolben X-TOOL VARIO, 24V, 150W, antistatisch mit Entl\u00f6tspitze 0742ED1225H 1,2 mm innen<br \/>\n0A56 ERSA Ablagest\u00e4nder f\u00fcr Entl\u00f6tkolben X-TOOL VARIO<br \/>\nL\u00f6tkolben i-TOOL MK2 150W (0105CDJ) mit L\u00f6tspitze, 1,6 mm mei\u00dfelf\u00f6rmig (0142CDLF16)<br \/>\nAblagest\u00e4nder f\u00fcr i-TOOL MK2 (0A59)<\/p>\n<p>Alle L\u00f6ttools verf\u00fcgen \u00fcber einen Beschleunigungssensor, der nach Ablegen eine automatische Standby Schaltung (150-300\u00b0C) oder auch eine Ruhezustandsfunktion (Raumtemperatur) einstellen l\u00e4sst. Sekundenschnell heizen die Tools durch das Bewegen wieder in den Betriebsmodus. Neben dem Entl\u00f6tkolben X-TOOL Vario k\u00f6nnen optional weitere ERSA L\u00f6twerkzeuge verwendet werden.<br \/>\nS\u00e4mtliche Funktionen, sind in einer zentralen Versorgungseinheit mit einer sehr einfachen i-Op Bedienung und \u00fcbersichtlichen Displays integriert. Die Station bietet dar\u00fcber hinaus Schnittstellen f\u00fcr das automatische Einschalten von ERSA L\u00f6trauchabsaugungen (durch Standby-Signal)und eine Steuerungsm\u00f6glichkeit von ERSA Infrarot-Vorheizungen sowie einen USB-Anschluss. \u00dcber eine optionale microSD Speicherkarte kann die Station oder die Tools schnell und sicher aktualisiert werden und ist damit auch f\u00fcr zuk\u00fcnftige Tools ger\u00fcstet. Die Station ist f\u00fcr den Einsatz in ESD-Schutzzonen bestens geeignet.<\/p>\n<p>Die aktuellen Firmware\u2010Versionen k\u00f6nnen jeder Zeit unter http:\/\/www.ersa.de\/vario eingesehen und heruntergeladen werden.<\/p>\n<p>Technische Daten:<\/p>\n<p>Regelstation VARIO 2 max. 200W, 180mm x 280mm x 115mm, ca.6kg<br \/>\nEingang 230V ~, Ausgang 24V~<br \/>\nmax. kurzfristige Leistung 360W,<br \/>\nVakuum max. 700mbar,<br \/>\nTemp.-Bereich: 150 &#8211; 450\u00b0C (50 &#8211; 550\u00b0C i-Tool AIR S)<br \/>\nOhmscher Widerstand zwischen L\u00f6tspitze und Masse &lt;2 Ohm<br \/>\nAnschl\u00fcsse Front: Netzschalter, 1 i-OP Druck\/Drehtaster f\u00fcr LCD-Display- Men\u00fcsteuerung und 2 Toolanschl\u00fcssen, gleichzeitig mit Vakuum und Druckanschluss, microSD-Slot,<br \/>\nAnschl\u00fcsse R\u00fcckseite: 230V~ Kaltger\u00e4tebuchse, 2x RS232, 1x USB, 1 Lufteingang mit Filter, Potentialausgleichsbuchse 4mm,<br \/>\nAusf\u00fchrung antistatisch<\/p>\n<p>&#8211; Energieverbrauch im Standby ca. 25W<\/p>\n<p>X-TOOL VARIO:<\/p>\n<p>Einer der leistungsst\u00e4rksten Entl\u00f6tkolben mit 150 W Heizleistung, sehr einfachem Wechseln der Entl\u00f6tspitzen und leicht zu reinigendem Restlotbeh\u00e4lter.<br \/>\nKonzipiert f\u00fcr schwierigste Entl\u00f6tarbeiten von konventionellen Bauteilen auf massereichen Leiterplatten. Als Entl\u00f6tspitzen verwenden Sie bitte Typen der Serie 0742ED&#8230;.<\/p>\n<p>i-TOOL MK2<\/p>\n<p>Der i-TOOL MK2 ist ein extrem leichter, leistungsstarker Feinl\u00f6tkolben mit einer umfangreichen Auswahl an preiswerten Dauerl\u00f6tspitzen. 150 W Leistung sorgen f\u00fcr schnellstes Auf-\/Nachheizverhalten. Prozessfensteralarm Energie-Leistungsstufen und automatischer Stand-by-Sensor geben dem i-CON-Anwender eine bisher unerreichte Prozesskontrolle. Der integrierte Tip&#039;N&#039;Turn Bajonett-Verschluss sorgt f\u00fcr einen einfachen und schnellen Spitzenwechsel und bringt zudem eine Leistungsverbesserung von 20-25% im Vergleich zur Schraubverbindung.<\/p>\n<p>Ger\u00e4t wird ohne integriertes Hei\u00dfluftmodul geliefert! Das ERSA i-TOOL AIR S kann nicht mit dieser Station verwendet werden!<br \/>\nErsa i-CON VARIO 2 MK2, ESD 2-channel soldering and desoldering station with vacuum pump, X-TOOLvario 150W, i-Tool soldering iron 150 W, antistatic<\/p>\n<p>The i-CON VARIO 2 MK2 desoldering station meets the highest demands for professional desoldering. 2 ERSA tools can be operated simultaneously. Vacuum and contact soldering. (No hot air with this model)<\/p>\n<p>The user can choose between the X-Tool vario (150 W) and the i-Tool (150 W) for desoldering wired components.<\/p>\n<p>All soldering tools are equipped with an acceleration sensor that can be used to set an automatic standby switch (150-300\u00b0C) or a hibernation function (room temperature) after being put down. The tools heat up again in seconds by moving them back into operating mode. In addition to the X-TOOL Vario desoldering iron, other ERSA soldering tools can be used as an option.<br \/>\nAll functions are integrated into a central supply unit with very simple i-Op operation and a clear display. The station also offers interfaces for automatically switching on Ersa solder fume extraction units (via a standby signal) and a control option for ERSA infrared preheaters, as well as a USB port. The station or tools can be quickly and securely updated via an optional microSD memory card, making it ready for future tools. The station is ideally suited for use in ESD protected areas.<br \/>\nThe current firmware versions can be viewed and downloaded at any time at http:\/\/www.ersa.de\/vario.<br \/>\n0ICV2035X Control station i-CON VARIO2 200W, antistatic with 230 V mains cable<br \/>\n0740EDJ Desoldering iron X-TOOL VARIO, 24V, 150W, antistatic with desoldering tip 0742ED1225H 1.2 mm internal,<br \/>\n0A56 ERSA stand for X-Tool Vario desoldering iron<br \/>\n150W i-Tool soldering iron (0105CDJ) with soldering tip, 1.6 mm chisel-shaped (0142CDLF16)<br \/>\nStand for i-Tool (0A59)<\/p>\n<p>Technical data:<\/p>\n<p>VARIO 2 control station max. 200W, 180mm x 280mm x 115mm, approx. 6kg<br \/>\ninput 230V ~, output 24V~<br \/>\nmax. short-term power 360W,<br \/>\nvacuum max. 700mbar,<br \/>\ntemperature range: 150 &#8211; 450\u00b0C (50 &#8211; 550\u00b0C i-Tool AIR S)<br \/>\nohmic resistance between soldering tip and ground<\/p>","protected":false},"excerpt":{"rendered":"<p>Sorry, this entry is only available in Deutsch.ERSA i-CON VARIO 2 MK2, ESD 2-Kanal L\u00f6t- und Entl\u00f6tstation mit Vakuumpumpe, X-TOOL VARIO 150W, i-TOOL MK2 L\u00f6tkolben 150 W, antistatisch Die i-CON VARIO 2 MK2 Entl\u00f6tstation wird h\u00f6chsten Anspr\u00fcchen an professionellem Entl\u00f6ten gerecht. 2 ERSA Tools k\u00f6nnen gleichzeitig betrieben werden. Vakuum und Kontaktl\u00f6ten. (Keine Hei\u00dfluft bei diesem [&hellip;]<\/p>\n","protected":false},"featured_media":76872,"template":"","meta":{"ep_exclude_from_search":false},"product_cat":[2034],"product_tag":[],"class_list":{"0":"post-76312","1":"product","2":"type-product","3":"status-publish","4":"has-post-thumbnail","6":"product_cat-ersa","7":"product_shipping_class-paket","8":"pa_0icv2005-eigenschaft-1-x-tool-vario-i-tool-mk2","10":"first","11":"instock","12":"taxable","13":"shipping-taxable","14":"purchasable","15":"product-type-simple"},"_links":{"self":[{"href":"https:\/\/www.gallun-shop.com\/en\/wp-json\/wp\/v2\/product\/76312"}],"collection":[{"href":"https:\/\/www.gallun-shop.com\/en\/wp-json\/wp\/v2\/product"}],"about":[{"href":"https:\/\/www.gallun-shop.com\/en\/wp-json\/wp\/v2\/types\/product"}],"wp:featuredmedia":[{"embeddable":true,"href":"https:\/\/www.gallun-shop.com\/en\/wp-json\/wp\/v2\/media\/76872"}],"wp:attachment":[{"href":"https:\/\/www.gallun-shop.com\/en\/wp-json\/wp\/v2\/media?parent=76312"}],"wp:term":[{"taxonomy":"product_cat","embeddable":true,"href":"https:\/\/www.gallun-shop.com\/en\/wp-json\/wp\/v2\/product_cat?post=76312"},{"taxonomy":"product_tag","embeddable":true,"href":"https:\/\/www.gallun-shop.com\/en\/wp-json\/wp\/v2\/product_tag?post=76312"}],"curies":[{"name":"wp","href":"https:\/\/api.w.org\/{rel}","templated":true}]}}