{"id":6813,"date":"2026-04-27T12:51:43","date_gmt":"2026-04-27T10:51:43","guid":{"rendered":"https:\/\/www.gallun-shop.com\/produkt\/bernstein-esd-personenerdungs-set-5-tlg\/"},"modified":"2026-05-13T21:56:37","modified_gmt":"2026-05-13T19:56:37","slug":"bernstein-esd-personenerdungs-set-5-tlg","status":"publish","type":"product","link":"https:\/\/www.gallun-shop.com\/en\/produkt\/bernstein-esd-personenerdungs-set-5-tlg\/","title":{"rendered":"Amber ESD personal grounding set, 5 pcs."},"content":{"rendered":"<p class=\"qtranxs-available-languages-message qtranxs-available-languages-message-en\">Sorry, this entry is only available in <a href=\"https:\/\/www.gallun-shop.com\/de\/wp-json\/wp\/v2\/product\/6813\" class=\"qtranxs-available-language-link qtranxs-available-language-link-de\" title=\"Deutsch\">Deutsch<\/a>.<\/p><p>- Inhalt: Artikelauflistung siehe unten<br \/>\n&#8211; faltbare Arbeitsplatzauflage 500 x 400 x 0,5 mm<br \/>\n&#8211; schwarz, ableitf\u00e4hig 10^8 Ohm (Oberfl\u00e4chenwiderstand nach DIN IEC 61340-4-1)<br \/>\n&#8211; Matte mit 2x 10 mm Druckkn\u00f6pfen<br \/>\n&#8211; Verstellbares elastisches Handgelenkband mit eingewebten versilberten Kunststoff-Fasern, allergiefrei.<br \/>\n&#8211; Erf\u00fcllt die sicherheitstechnischen Anforderungen an Handgelenkerdung nach BGFE.<br \/>\n&#8211; Spiralkabel 2,4 m hochelastisch<br \/>\n&#8211; Erdungsleitung 1,5 m mit 2 Druckkn\u00f6pfen<br \/>\n&#8211; zum Anschlie\u00dfen an einen Erdungsstecker<br \/>\n&#8211; Gewicht 160 g<\/p>\n<p>Anwendungsbereich<\/p>\n<p>Handgelenkerdung, als sichere Methode um elektrostatische Aufladung von Personen abzuleiten, besteht aus einem verstellbaren Handgelenk-Armband mit eingewebten versilberten Kunststoff-Fasern (enger Hautkontakt n\u00f6tig) und einem Spiralkabel, welches das Armband mit dem Erdungspunkt \u00fcber Druckkn\u00f6pfe (DK) elektrisch leitend verbindet. Das Spiralkabel enth\u00e4lt auf jeder Anschlu\u00dfseite einen Sicherheitswiderstand von 1 MOhm und ist zugelassen an Arbeitspl\u00e4tzen mit einer Nennspannung bis 250 VAC. <\/p>\n<p>Technische Produktbeschreibung<\/p>\n<p>Antistatische Matte Oberfl\u00e4chenwiderstand &lt;1 x 10^8 Ohm (DIN 54345-1, DIN 53482), extrem rei\u00dffest, K\u00e4ltebest\u00e4ndigkeit -10 \u00b0C (DIN EN 1876-1), W\u00e4rmebest\u00e4ndigkeit +70 \u00b0C, Brennverhalten schwer entflammbar (nach LOBA-Vorschrift, NFP 92507: M2), abriebbest\u00e4ndig, antimikrobiell<\/p>\n<p>Allgemeine Informationen<\/p>\n<p>EPA geeignet. Zum Arbeiten in elektrostatisch gesch\u00fctzten Bereichen (ESD Arbeitsplatz\/ESD Schutzzone).<\/p>\n<p>Inhalt<br \/>\nESD Handling Set bestehend aus:<br \/>\n&#8211; 9-354-100 ESD Tischbelag 500x400x0,5mm 2DK<br \/>\n&#8211; 9-342-1 ESD Kontaktarmband blau<br \/>\n&#8211; 9-342-2 ESD Spiralkabel f\u00fcr Armband hochelastisch, 2400mm<br \/>\n&#8211; 9-343-1 ESD Erdungsleitung 1 MOhm, 1800mm 2DK 10\/10<br \/>\n&#8211; 9-353 ESD Krokodilklemme<br \/>\n&#8211; Contents: See below for list of items<br \/>\n&#8211; Foldable work surface cover 500 x 400 x 0.5 mm<br \/>\n&#8211; Black, conductive 10^8 ohms (surface resistance according to DIN IEC 61340-4-1)<br \/>\n&#8211; Mat with 2x 10 mm press studs<br \/>\n&#8211; Adjustable elastic wrist strap with woven silver-plated plastic fibers, allergy-free.<br \/>\n&#8211; Meets the safety requirements for wrist grounding according to BGFE.<br \/>\n&#8211; Highly elastic spiral cable, 2.4 m<br \/>\n&#8211; Grounding cable 1.5 m with 2 snap fasteners<br \/>\n&#8211; For connection to a grounding plug<br \/>\n&#8211; Weight 160 g<\/p>\n<p>Area of application<\/p>\n<p>Wrist grounding, a safe method of dissipating electrostatic charges from people, consists of an adjustable wrist strap with woven silver-plated plastic fibers (close skin contact required) and a spiral cable that connects the wrist strap to the grounding point via push buttons (DK) in an electrically conductive manner. The spiral cable contains a safety resistor of 1 MOhm on each connection side and is approved for use in workplaces with a rated voltage of up to 250 VAC. <\/p>\n<p>Technical product description<\/p>\n<p>Antistatic mat Surface resistance<\/p>","protected":false},"excerpt":{"rendered":"<p>Sorry, this entry is only available in Deutsch.- Inhalt: Artikelauflistung siehe unten &#8211; faltbare Arbeitsplatzauflage 500 x 400 x 0,5 mm &#8211; schwarz, ableitf\u00e4hig 10^8 Ohm (Oberfl\u00e4chenwiderstand nach DIN IEC 61340-4-1) &#8211; Matte mit 2x 10 mm Druckkn\u00f6pfen &#8211; Verstellbares elastisches Handgelenkband mit eingewebten versilberten Kunststoff-Fasern, allergiefrei. &#8211; Erf\u00fcllt die sicherheitstechnischen Anforderungen an Handgelenkerdung nach [&hellip;]<\/p>\n","protected":false},"featured_media":57677,"template":"","meta":{"ep_exclude_from_search":false},"product_cat":[377,384,386],"product_tag":[],"class_list":{"0":"post-6813","1":"product","2":"type-product","3":"status-publish","4":"has-post-thumbnail","6":"product_cat-esd-werkzeuge","7":"product_cat-spezialwerkzeuge","8":"product_cat-werkzeugzubehoer","9":"product_shipping_class-paket","11":"first","12":"onbackorder","13":"taxable","14":"shipping-taxable","15":"purchasable","16":"product-type-simple"},"_links":{"self":[{"href":"https:\/\/www.gallun-shop.com\/en\/wp-json\/wp\/v2\/product\/6813"}],"collection":[{"href":"https:\/\/www.gallun-shop.com\/en\/wp-json\/wp\/v2\/product"}],"about":[{"href":"https:\/\/www.gallun-shop.com\/en\/wp-json\/wp\/v2\/types\/product"}],"wp:featuredmedia":[{"embeddable":true,"href":"https:\/\/www.gallun-shop.com\/en\/wp-json\/wp\/v2\/media\/57677"}],"wp:attachment":[{"href":"https:\/\/www.gallun-shop.com\/en\/wp-json\/wp\/v2\/media?parent=6813"}],"wp:term":[{"taxonomy":"product_cat","embeddable":true,"href":"https:\/\/www.gallun-shop.com\/en\/wp-json\/wp\/v2\/product_cat?post=6813"},{"taxonomy":"product_tag","embeddable":true,"href":"https:\/\/www.gallun-shop.com\/en\/wp-json\/wp\/v2\/product_tag?post=6813"}],"curies":[{"name":"wp","href":"https:\/\/api.w.org\/{rel}","templated":true}]}}