{"id":6674,"date":"2026-03-04T08:53:31","date_gmt":"2026-03-04T07:53:31","guid":{"rendered":"https:\/\/www.gallun-shop.com\/produkt\/maxell-m-by-earphone-rf500s-black\/"},"modified":"2026-04-30T21:57:03","modified_gmt":"2026-04-30T19:57:03","slug":"maxell-m-by-earphone-rf500s-black","status":"publish","type":"product","link":"https:\/\/www.gallun-shop.com\/en\/produkt\/maxell-m-by-earphone-rf500s-black\/","title":{"rendered":"MAXELL M BY EARPHONE RF500S Black"},"content":{"rendered":"<p class=\"qtranxs-available-languages-message qtranxs-available-languages-message-en\">Sorry, this entry is only available in <a href=\"https:\/\/www.gallun-shop.com\/de\/wp-json\/wp\/v2\/product\/6674\" class=\"qtranxs-available-language-link qtranxs-available-language-link-de\" title=\"Deutsch\">Deutsch<\/a>.<\/p><p>Mit 10 mm Treiber und dualer Bass Chamber liefert der MXH-RF500S exzellente Leistung und kraftvollen Sound.<br \/>\nDie Bass Chamber Technologie erweitert den Klangbereich und erzeugt starke B\u00e4sse sowie einen klaren Sound f\u00fcr hohe, mittlere und niedrige Frequenzen.<br \/>\nMit einem 30 cm Kabel kann der MXH-RF500S direkt an Ihren MP3-Player in der Tasche angeschlossen werden, oder Sie k\u00f6nnen das 1,2 m lange Kabel mit integriertem Inline-Mikrofon f\u00fcr Smartphones und der handlichen Lautst\u00e4rkeregelung vollst\u00e4ndig ausziehen.<\/p>\n<p>Technische Merkmale:<\/p>\n<p>&#8211; 10 mm Treiber mit Bass Chamber<br \/>\n&#8211; Starker Bass und klarer Sound<br \/>\n&#8211; 0,3 m Kabel<br \/>\n&#8211; 0,9 m Verl\u00e4ngerung inkl. Inline-Mikrofon mit Anrufannahmefunktionen und Lautst\u00e4rkeregelung<br \/>\n&#8211; 3 Gr\u00f6\u00dfen antibakterieller Ohreins\u00e4tze f\u00fcr individuellen Komfort und Hygiene (S, M, L)<br \/>\n&#8211; Impedanz 68\u008a +\/- 4ohm<br \/>\n&#8211; Magnet Neodymium (NdFeB)<br \/>\n&#8211; Empfindlichkeit 103 +\/- 3dB (at 1kHz)<br \/>\n&#8211; Kanalabweichung &lt;3dB (at 1kHz)<br \/>\n&#8211; Eingangsempfindlichkeit 1mW<br \/>\n&#8211; Maximale Eingangsempfindlichkeit 50mW<br \/>\n&#8211; Frequenzgang 20Hz &#8211; 20kHz<br \/>\n&#8211; Stecker 3.5mm Klinke<br \/>\nWith a 10 mm driver and dual bass chamber, the MXH-RF500S delivers excellent performance and powerful sound.<br \/>\nThe bass chamber technology expands the sound range and produces strong bass and clear sound for high, mid, and low frequencies.<br \/>\nWith a 30 cm cable, the MXH-RF500S can be connected directly to your MP3 player in your pocket, or you can pull out the 1.2 m cable with integrated inline microphone for smartphones and handy volume control.<\/p>\n<p>Technical features:<\/p>\n<p>&#8211; 10 mm driver with bass chamber<br \/>\n&#8211; Powerful bass and clear sound<br \/>\n&#8211; 0.3 m cable<br \/>\n&#8211; 0.9 m extension cable incl. inline microphone with call answering functions and volume control<br \/>\n&#8211; 3 sizes of antibacterial ear tips for individual comfort and hygiene (S, M, L)<br \/>\n&#8211; Impedance 68\u008a +\/- 4 ohms<br \/>\n&#8211; Magnet: Neodymium (NdFeB)<br \/>\n&#8211; Sensitivity 103 +\/- 3dB (at 1kHz)<br \/>\n&#8211; Channel deviation<\/p>","protected":false},"excerpt":{"rendered":"<p>Sorry, this entry is only available in Deutsch.Mit 10 mm Treiber und dualer Bass Chamber liefert der MXH-RF500S exzellente Leistung und kraftvollen Sound. Die Bass Chamber Technologie erweitert den Klangbereich und erzeugt starke B\u00e4sse sowie einen klaren Sound f\u00fcr hohe, mittlere und niedrige Frequenzen. Mit einem 30 cm Kabel kann der MXH-RF500S direkt an Ihren [&hellip;]<\/p>\n","protected":false},"featured_media":60084,"template":"","meta":{"ep_exclude_from_search":false},"product_cat":[144],"product_tag":[],"class_list":{"0":"post-6674","1":"product","2":"type-product","3":"status-publish","4":"has-post-thumbnail","6":"product_cat-kopfhoerer-mit-mikrofon","7":"product_shipping_class-postwarenpost-individuell","9":"first","10":"instock","11":"taxable","12":"shipping-taxable","13":"purchasable","14":"product-type-simple"},"_links":{"self":[{"href":"https:\/\/www.gallun-shop.com\/en\/wp-json\/wp\/v2\/product\/6674"}],"collection":[{"href":"https:\/\/www.gallun-shop.com\/en\/wp-json\/wp\/v2\/product"}],"about":[{"href":"https:\/\/www.gallun-shop.com\/en\/wp-json\/wp\/v2\/types\/product"}],"wp:featuredmedia":[{"embeddable":true,"href":"https:\/\/www.gallun-shop.com\/en\/wp-json\/wp\/v2\/media\/60084"}],"wp:attachment":[{"href":"https:\/\/www.gallun-shop.com\/en\/wp-json\/wp\/v2\/media?parent=6674"}],"wp:term":[{"taxonomy":"product_cat","embeddable":true,"href":"https:\/\/www.gallun-shop.com\/en\/wp-json\/wp\/v2\/product_cat?post=6674"},{"taxonomy":"product_tag","embeddable":true,"href":"https:\/\/www.gallun-shop.com\/en\/wp-json\/wp\/v2\/product_tag?post=6674"}],"curies":[{"name":"wp","href":"https:\/\/api.w.org\/{rel}","templated":true}]}}