{"id":65676,"date":"2026-05-11T12:40:28","date_gmt":"2026-05-11T10:40:28","guid":{"rendered":"https:\/\/www.gallun-shop.com\/produkt\/ersa-filtergeraet-easy-arm-1-set-mit-omnifelxarm-und-absaugduese-plus\/"},"modified":"2026-05-13T21:46:45","modified_gmt":"2026-05-13T19:46:45","slug":"ersa-filtergeraet-easy-arm-1-set-mit-omniflexarm-und-absaugduese-plus","status":"publish","type":"product","link":"https:\/\/www.gallun-shop.com\/en\/produkt\/ersa-filtergeraet-easy-arm-1-set-mit-omniflexarm-und-absaugduese-plus\/","title":{"rendered":"ERSA filter unit EASY ARM 1, set with Omnifelxarm and suction nozzle Plus"},"content":{"rendered":"<p class=\"qtranxs-available-languages-message qtranxs-available-languages-message-en\">Sorry, this entry is only available in <a href=\"https:\/\/www.gallun-shop.com\/de\/wp-json\/wp\/v2\/product\/65676\" class=\"qtranxs-available-language-link qtranxs-available-language-link-de\" title=\"Deutsch\">Deutsch<\/a>.<\/p><p>ERSA Filterger\u00e4t EASY ARM 1, Set mit Omniflexarm und transparenter Absaugd\u00fcse Plus<\/p>\n<p>Lieferumfang:<\/p>\n<p>&#8211; ERSA Filterger\u00e4t EASY ARM 1 (0CA10-001), L x B x H: 255 x 255 x 470 mm<br \/>\n&#8211; ERSA Absaugarm Omniflex (0CA10-4003), L\u00e4nge: 900mm, zur Direktmontage an Filterger\u00e4t<br \/>\n&#8211; ERSA Absaugd\u00fcse Plus (0CA10-5002), 230 x 85 mm, transparent<br \/>\n&#8211; ERSA D\u00fcsenkupplung Omniflex (0CA10-9006)<\/p>\n<p>Die ERSA L\u00f6trauchabsaugungen des Typs EASY ARM basieren auf mehr als 15 Jahren Erfahrung in diesem Spezialgebiet. Die Ger\u00e4te in funktionalem Design zeichnen sich durch hohe Absaugleistung, eine effiziente Filterleistung und zugleich sehr leisen Betrieb aus.<br \/>\nPro Absaugarm kann ein Volumen von 110 m\u00b3\/h abgesaugt werden.<br \/>\nDie Reinigung der Prozessluft erfolgt in drei Stufen: Ein Vorfilter h\u00e4lt St\u00e4ube und gr\u00f6\u00dfere Partikel zur\u00fcck. Der Hauptfilter scheidet Mikropartikel ab, wie sie beim L\u00f6ten entstehen, und der Aktivkohlefilter bindet sch\u00e4dliche Gase.<\/p>\n<p>&#8211; effiziente, 3-stufige Partikel- und Gasfilterung<br \/>\n&#8211; extrem leiser Betrieb<br \/>\n&#8211; optische und akustische Anzeige zum Filterwechsel<br \/>\n&#8211; schneller und einfacher Filterwechsel<br \/>\n&#8211; baugleiche Filter f\u00fcr EASY ARM 1 und EASY ARM 2<br \/>\n&#8211; Schnittstellen zum Anschluss von i-CON-L\u00f6tstationen<br \/>\n&#8211; Energieverbrauch im Standby ca. 6W<br \/>\n&#8211; Ger\u00e4uschpegel: 50 dB (A)<br \/>\n&#8211; Volumenstrom je Anschluss 110 m\u00b3\/h (freilaufend\/mit neuem Filter)<br \/>\n&#8211; Unterdruck: 1800 Pa<br \/>\n&#8211; Filterklasse: F7 Vorfilter (Vlies)\/H13 Kombifilter<br \/>\n&#8211; Abscheidegrad (HEPA): Vorfilter 1- 10 \u03bcm Partikel &#8211; 80 \u2013 90 % | Kombifilter &lt; 1 \u03bcm Partikel &#8211; 99,95 %<br \/>\n&#8211; Filterfl\u00e4che Kombifilter: 2,2 m\u00b2<br \/>\n&#8211; Gasfilter: Aktivkohle<br \/>\n&#8211; Lebensdauer Kombifilter: 1.500 h (bei Einschichtbetrieb, Handl\u00f6ten)<br \/>\n&#8211; Anschl\u00fcsse: Schnittstelle zu i-CON L\u00f6tstationen oder Remote Schalter<br \/>\nERSA EASY ARM 1 Filter Unit, Set with Omniflex Arm and Transparent Plus Extraction Nozzle<\/p>\n<p>Included in delivery:<\/p>\n<p>&#8211; ERSA EASY ARM 1 Filter Unit (0CA10-001), L x W x H: 255 x 255 x 470 mm<br \/>\n&#8211; ERSA Omniflex extraction arm (0CA10-4003), length: 900 mm, for direct mounting on the filter unit<br \/>\n&#8211; ERSA Extraction Nozzle Plus (0CA10-5002), 230 x 85 mm, transparent<br \/>\n&#8211; ERSA Omniflex nozzle coupling (0CA10-9006)<\/p>\n<p>The ERSA EASY ARM soldering fume extraction systems are based on more than 15 years of experience in this specialized field. The units, featuring a functional design, are characterized by high extraction capacity, efficient filtration, and very quiet operation.<br \/>\nEach extraction arm can extract a volume of 110 m\u00b3\/h.<br \/>\nProcess air is cleaned in three stages: A pre-filter traps dust and larger particles. The main filter separates microparticles generated during soldering, and the activated carbon filter binds harmful gases.<\/p>\n<p>&#8211; Efficient, 3-stage particle and gas filtration<br \/>\n&#8211; Extremely quiet operation<br \/>\n&#8211; Visual and audible indicators for filter replacement<br \/>\n&#8211; Quick and easy filter replacement<br \/>\n&#8211; Identical filters for EASY ARM 1 and EASY ARM 2<br \/>\n&#8211; Interfaces for connecting i-CON soldering stations<br \/>\n&#8211; Power consumption in standby: approx. 6W<br \/>\n&#8211; Noise level: 50 dB(A)<br \/>\n&#8211; Airflow per connection: 110 m\u00b3\/h (unrestricted\/with new filter)<br \/>\n&#8211; Negative pressure: 1800 Pa<br \/>\n&#8211; Filter class: F7 pre-filter (fleece)\/H13 combination filter<br \/>\n&#8211; Filtration efficiency (HEPA): Pre-filter 1\u201310 \u03bcm particles \u2013 80\u201390% | Combination filter<\/p>","protected":false},"excerpt":{"rendered":"<p>Sorry, this entry is only available in Deutsch.ERSA Filterger\u00e4t EASY ARM 1, Set mit Omniflexarm und transparenter Absaugd\u00fcse Plus Lieferumfang: &#8211; ERSA Filterger\u00e4t EASY ARM 1 (0CA10-001), L x B x H: 255 x 255 x 470 mm &#8211; ERSA Absaugarm Omniflex (0CA10-4003), L\u00e4nge: 900mm, zur Direktmontage an Filterger\u00e4t &#8211; ERSA Absaugd\u00fcse Plus (0CA10-5002), 230 [&hellip;]<\/p>\n","protected":false},"featured_media":66264,"template":"","meta":{"ep_exclude_from_search":false},"product_cat":[275],"product_tag":[],"class_list":{"0":"post-65676","1":"product","2":"type-product","3":"status-publish","4":"has-post-thumbnail","6":"product_cat-loetrauchabsaugungen","7":"product_shipping_class-paket","9":"first","10":"instock","11":"taxable","12":"shipping-taxable","13":"purchasable","14":"product-type-simple"},"_links":{"self":[{"href":"https:\/\/www.gallun-shop.com\/en\/wp-json\/wp\/v2\/product\/65676"}],"collection":[{"href":"https:\/\/www.gallun-shop.com\/en\/wp-json\/wp\/v2\/product"}],"about":[{"href":"https:\/\/www.gallun-shop.com\/en\/wp-json\/wp\/v2\/types\/product"}],"wp:featuredmedia":[{"embeddable":true,"href":"https:\/\/www.gallun-shop.com\/en\/wp-json\/wp\/v2\/media\/66264"}],"wp:attachment":[{"href":"https:\/\/www.gallun-shop.com\/en\/wp-json\/wp\/v2\/media?parent=65676"}],"wp:term":[{"taxonomy":"product_cat","embeddable":true,"href":"https:\/\/www.gallun-shop.com\/en\/wp-json\/wp\/v2\/product_cat?post=65676"},{"taxonomy":"product_tag","embeddable":true,"href":"https:\/\/www.gallun-shop.com\/en\/wp-json\/wp\/v2\/product_tag?post=65676"}],"curies":[{"name":"wp","href":"https:\/\/api.w.org\/{rel}","templated":true}]}}