{"id":63280,"date":"2026-04-07T08:53:16","date_gmt":"2026-04-07T06:53:16","guid":{"rendered":"https:\/\/www.gallun-shop.com\/produkt\/stabilisiertes-universal-schaltnetzteil-1000mah\/"},"modified":"2026-04-17T13:58:32","modified_gmt":"2026-04-17T11:58:32","slug":"stabilisiertes-universal-schaltnetzteil-1000mah","status":"publish","type":"product","link":"https:\/\/www.gallun-shop.com\/en\/produkt\/stabilisiertes-universal-schaltnetzteil-1000mah\/","title":{"rendered":"Stabilized universal switching power supply 1000mAh"},"content":{"rendered":"<p class=\"qtranxs-available-languages-message qtranxs-available-languages-message-en\">Sorry, this entry is only available in <a href=\"https:\/\/www.gallun-shop.com\/de\/wp-json\/wp\/v2\/product\/63280\" class=\"qtranxs-available-language-link qtranxs-available-language-link-de\" title=\"Deutsch\">Deutsch<\/a>.<\/p><p>Das hochwertige Schaltnetzteil f\u00fcr eine flexible Stromversorgung einer Vielzahl elektronischer Ger\u00e4te.<br \/>\nVon Kameras \u00fcber Audioausr\u00fcstung bis hin zu kleinen Haushaltsger\u00e4ten, der variable Spannungsregler<br \/>\nund die mitgelieferten Adapterstecker machen es m\u00f6glich.<br \/>\nVorbei die Zeiten von verschiedenen Netzteilen. Das kompakte, robuste Design, die umfassenden<br \/>\nDC-Stecker Adapter und das lange Kabel machen aus unserem Netzteil den perfekten Reisepartner.<\/p>\n<p>\u2705 ENERGIESPAREND &#8211; Standby-Leistungsaufnahme von weniger als 0,1W. Sparen Sie Energie im Leerlauf und Kosten bei Ihrer Stromrechnung<\/p>\n<p>\u2705 UMFASSENDE KOMPATIBILIT\u00c4T &#8211; \u00c4u\u00dferst vielseitig und praktisch dank der mitgelieferten DC-Stecker sowie USB Typ A und USB Typ C Anschl\u00fcsse<\/p>\n<p>\u2705 DESIGN UND KABELL\u00c4NGE \u2013 Kompaktes und platzsparendes Design f\u00fcr viel Freiraum bei der Platzierung Ihrer Ger\u00e4te<\/p>\n<p>Technische Details:<br \/>\n&#8211; Ausgang Spannungsstufen: 3-4,5-5V (2A), 6-7,5V (1,5A), 9V (1,3A), 12V (1,0A)<br \/>\n&#8211; Ma\u00dfe: 76,9 x 43,8 x 35,4 mm<br \/>\n&#8211; Standby-Leistungsaufnahme: &lt; 0,1 W<br \/>\n&#8211; Eingang: Eurostecker (Typ C, CEE 7\/16)<br \/>\n&#8211; Eingang Spannungsbereich: 100 &#8211; 240V AC, 50 \/ 60 Hz<br \/>\n&#8211; Ausgang: DC-Buchse (universell, 2-Pin)<br \/>\n&#8211; Kabell\u00e4nge: 1,8 m<\/p>\n<p>DC-Stecker:<br \/>\n&#8211; 2,5 mm, 3,5 mm, 3,5&#215;1,35 mm, 5,0&#215;2,1 mm, 5,5&#215;1,5 mm, 5,5&#215;2, 1mm, 5,5&#215;2,5 mm<br \/>\n&#8211; USB Typ A Buchse und USB Typ C Stecker<br \/>\nThe high-quality switching power supply for flexible power supply to a wide range of electronic devices.<br \/>\nFrom cameras and audio equipment to small household appliances, the variable voltage regulator<br \/>\nand the included adapter plugs make it possible.<br \/>\nGone are the days of different power supplies. The compact, robust design, the comprehensive<br \/>\nDC plug adapters, and the long cable make our power supply the perfect travel companion.<\/p>\n<p>\u2705 ENERGY SAVING &#8211; Standby power consumption of less than 0.1W. Save energy when idle and reduce your electricity bill<\/p>\n<p>\u2705 COMPREHENSIVE COMPATIBILITY &#8211; Extremely versatile and practical thanks to the included DC plugs and USB Type A and USB Type C connectors<\/p>\n<p>\u2705 DESIGN AND CABLE LENGTH &#8211; Compact and space-saving design for plenty of freedom when placing your devices<\/p>\n<p>Technical details:<br \/>\n&#8211; Output voltage levels: 3-4.5-5V (2A), 6-7.5V (1.5A), 9V (1.3A), 12V (1.0A)<br \/>\n&#8211; Dimensions: 76.9 x 43.8 x 35.4 mm<br \/>\n&#8211; Standby power consumption:<\/p>","protected":false},"excerpt":{"rendered":"<p>Sorry, this entry is only available in Deutsch.Das hochwertige Schaltnetzteil f\u00fcr eine flexible Stromversorgung einer Vielzahl elektronischer Ger\u00e4te. Von Kameras \u00fcber Audioausr\u00fcstung bis hin zu kleinen Haushaltsger\u00e4ten, der variable Spannungsregler und die mitgelieferten Adapterstecker machen es m\u00f6glich. Vorbei die Zeiten von verschiedenen Netzteilen. Das kompakte, robuste Design, die umfassenden DC-Stecker Adapter und das lange Kabel [&hellip;]<\/p>\n","protected":false},"featured_media":63655,"template":"","meta":{"ep_exclude_from_search":false},"product_cat":[221],"product_tag":[],"class_list":{"0":"post-63280","1":"product","2":"type-product","3":"status-publish","4":"has-post-thumbnail","6":"product_cat-netzteile-230v","7":"product_shipping_class-postwarenpost-individuell","9":"first","10":"instock","11":"taxable","12":"shipping-taxable","13":"purchasable","14":"product-type-simple"},"_links":{"self":[{"href":"https:\/\/www.gallun-shop.com\/en\/wp-json\/wp\/v2\/product\/63280"}],"collection":[{"href":"https:\/\/www.gallun-shop.com\/en\/wp-json\/wp\/v2\/product"}],"about":[{"href":"https:\/\/www.gallun-shop.com\/en\/wp-json\/wp\/v2\/types\/product"}],"wp:featuredmedia":[{"embeddable":true,"href":"https:\/\/www.gallun-shop.com\/en\/wp-json\/wp\/v2\/media\/63655"}],"wp:attachment":[{"href":"https:\/\/www.gallun-shop.com\/en\/wp-json\/wp\/v2\/media?parent=63280"}],"wp:term":[{"taxonomy":"product_cat","embeddable":true,"href":"https:\/\/www.gallun-shop.com\/en\/wp-json\/wp\/v2\/product_cat?post=63280"},{"taxonomy":"product_tag","embeddable":true,"href":"https:\/\/www.gallun-shop.com\/en\/wp-json\/wp\/v2\/product_tag?post=63280"}],"curies":[{"name":"wp","href":"https:\/\/api.w.org\/{rel}","templated":true}]}}