{"id":62319,"date":"2026-02-26T10:46:14","date_gmt":"2026-02-26T09:46:14","guid":{"rendered":"https:\/\/www.gallun-shop.com\/produkt\/maxell-spectrum-ohrhoerer-gruen\/"},"modified":"2026-04-30T21:57:03","modified_gmt":"2026-04-30T19:57:03","slug":"maxell-spectrum-ohrhoerer-gruen","status":"publish","type":"product","link":"https:\/\/www.gallun-shop.com\/en\/produkt\/maxell-spectrum-ohrhoerer-gruen\/","title":{"rendered":"MAXELL SPECTRUM earphones green"},"content":{"rendered":"<p class=\"qtranxs-available-languages-message qtranxs-available-languages-message-en\">Sorry, this entry is only available in <a href=\"https:\/\/www.gallun-shop.com\/de\/wp-json\/wp\/v2\/product\/62319\" class=\"qtranxs-available-language-link qtranxs-available-language-link-de\" title=\"Deutsch\">Deutsch<\/a>.<\/p><p>MAXELL SPECTRUM Ohrh\u00f6rer gr\u00fcn<\/p>\n<p>Maxell Spectrum Orh\u00f6rer stellen das ideale Accessoire dar um Ihren individuellen Stil hervorzuheben.<\/p>\n<p>Sie zeichnen sich durch eine gute Haltbarkeit sowie einen fantastischen Sound aus.<\/p>\n<p>Das Kabel besteht aus einem Flechtgewebe und beinhaltet ein In-Line-Mikrofon, somit k\u00f6nnen Sie die Ohrh\u00f6rer auch als Headset nutzen.<\/p>\n<p>Merkmale:<\/p>\n<p>Impedanz 16ohms +-10%<br \/>\nTreiber 10mm<br \/>\nMagnet Neodymium (NdFeB)<br \/>\nEmpfindlichkeit 103 +\/- 3dB (at 1kHz)<br \/>\nKanalabweichung &lt;3dB<br \/>\nEingangsempfindlichkeit 3mW<br \/>\nMaximale Eingangsempfindlichkeit 10mW<br \/>\nFrequenzgang 20Hz &#8211; 20kHz<br \/>\nStecker 3.5mm Klinke<br \/>\nKabell\u00e4nge 1.2m<br \/>\nMAXELL SPECTRUM Earphones Green<\/p>\n<p>Maxell Spectrum earphones are the ideal accessory to highlight your individual style.<\/p>\n<p>They are characterized by their durability and fantastic sound quality.<\/p>\n<p>The cable is made of braided fabric and includes an in-line microphone, so you can also use the earphones as a headset.<\/p>\n<p>Features:<\/p>\n<p>Impedance 16 ohms +-10%<br \/>\nDriver 10mm<br \/>\nMagnet: Neodymium (NdFeB)<br \/>\nSensitivity 103 +\/- 3dB (at 1kHz)<br \/>\nChannel deviation<\/p>","protected":false},"excerpt":{"rendered":"<p>Sorry, this entry is only available in Deutsch.MAXELL SPECTRUM Ohrh\u00f6rer gr\u00fcn Maxell Spectrum Orh\u00f6rer stellen das ideale Accessoire dar um Ihren individuellen Stil hervorzuheben. Sie zeichnen sich durch eine gute Haltbarkeit sowie einen fantastischen Sound aus. Das Kabel besteht aus einem Flechtgewebe und beinhaltet ein In-Line-Mikrofon, somit k\u00f6nnen Sie die Ohrh\u00f6rer auch als Headset nutzen. [&hellip;]<\/p>\n","protected":false},"featured_media":62519,"template":"","meta":{"ep_exclude_from_search":false},"product_cat":[145],"product_tag":[],"class_list":{"0":"post-62319","1":"product","2":"type-product","3":"status-publish","4":"has-post-thumbnail","6":"product_cat-kopfhoerer","7":"product_shipping_class-postwarenpost-individuell","9":"first","10":"onbackorder","11":"taxable","12":"shipping-taxable","13":"purchasable","14":"product-type-simple"},"_links":{"self":[{"href":"https:\/\/www.gallun-shop.com\/en\/wp-json\/wp\/v2\/product\/62319"}],"collection":[{"href":"https:\/\/www.gallun-shop.com\/en\/wp-json\/wp\/v2\/product"}],"about":[{"href":"https:\/\/www.gallun-shop.com\/en\/wp-json\/wp\/v2\/types\/product"}],"wp:featuredmedia":[{"embeddable":true,"href":"https:\/\/www.gallun-shop.com\/en\/wp-json\/wp\/v2\/media\/62519"}],"wp:attachment":[{"href":"https:\/\/www.gallun-shop.com\/en\/wp-json\/wp\/v2\/media?parent=62319"}],"wp:term":[{"taxonomy":"product_cat","embeddable":true,"href":"https:\/\/www.gallun-shop.com\/en\/wp-json\/wp\/v2\/product_cat?post=62319"},{"taxonomy":"product_tag","embeddable":true,"href":"https:\/\/www.gallun-shop.com\/en\/wp-json\/wp\/v2\/product_tag?post=62319"}],"curies":[{"name":"wp","href":"https:\/\/api.w.org\/{rel}","templated":true}]}}