{"id":62318,"date":"2026-02-26T10:46:14","date_gmt":"2026-02-26T09:46:14","guid":{"rendered":"https:\/\/www.gallun-shop.com\/produkt\/maxell-ohrhoerer-audio-wild-budz-gruen-lila\/"},"modified":"2026-04-30T21:57:03","modified_gmt":"2026-04-30T19:57:03","slug":"maxell-ohrhoerer-audio-wild-budz-gruen-lila","status":"publish","type":"product","link":"https:\/\/www.gallun-shop.com\/en\/produkt\/maxell-ohrhoerer-audio-wild-budz-gruen-lila\/","title":{"rendered":"Maxell Audio Wild Earbuds green\/Purple"},"content":{"rendered":"<p class=\"qtranxs-available-languages-message qtranxs-available-languages-message-en\">Sorry, this entry is only available in <a href=\"https:\/\/www.gallun-shop.com\/de\/wp-json\/wp\/v2\/product\/62318\" class=\"qtranxs-available-language-link qtranxs-available-language-link-de\" title=\"Deutsch\">Deutsch<\/a>.<\/p><p>MAXELL Ohrh\u00f6rer Audio Wild- budz gr\u00fcn\/lila<\/p>\n<p>Entfesseln Sie Ihre wilde Seite mit den Audio Wild Ohrst\u00f6pseln von Maxell. Erh\u00e4ltlich in 4 auff\u00e4lligen Farbkombinationen, mit denen Sie sich im Dschungel der Gro\u00dfstadt gewiss von der Menge abheben. Gemeinsam mit den Ohrst\u00f6pseln Audio Wild werden zwei Paar zus\u00e4tzlicher Ohreins\u00e4tze zur individuellen Gestaltung und f\u00fcr hohen Tragekomfort mitgeliefert.<\/p>\n<p>&#8211; Sie funktionieren einwandfrei mit iPod, iPhone, iPad und allen anderen Ger\u00e4ten mit einem 3.5 mm Audioeingang.<br \/>\n&#8211; Heben Sie sich mit diesem auff\u00e4lligen, bunten Design von der Menge ab.<br \/>\n&#8211; Zwei Paar zus\u00e4tzliche Ohreins\u00e4tze aus Silikon helfen Ihnen, die richtige Passform f\u00fcr Ihr Ohr zu finden.<\/p>\n<p>Merkmale:<\/p>\n<p>Impedanz 16ohms +-10%<br \/>\nTreiber 10mm<br \/>\nMagnet Neodymium (NdFeB)<br \/>\nFilm 0.006mm<br \/>\nSpule 5.6mm<br \/>\nEmpfindlichkeit 100dB+\/-3dB<br \/>\nKanalabweichung &lt;3dB<br \/>\nEingangsempfindlichkeit 3mW<br \/>\nMaximale Eingangsempfindlichkeit 5mW<br \/>\nFrequenzgang 20Hz &#8211; 20kHz<br \/>\nStecker 3.5mm Klinken Plug<br \/>\nKabell\u00e4nge 1.2m<br \/>\nMAXELL Audio Wild earbuds &#8211; green\/purple<\/p>\n<p>Unleash your wild side with Audio Wild earbuds from Maxell. Available in 4 eye-catching color combinations, they&#039;re sure to make you stand out from the crowd in the urban jungle. The Audio Wild earbuds come with two pairs of additional ear tips for a personalized fit and high wearing comfort.<\/p>\n<p>They work perfectly with iPod, iPhone, iPad, and all other devices with a 3.5 mm audio input.<br \/>\n&#8211; Stand out from the crowd with this eye-catching, colorful design.<br \/>\n&#8211; Two pairs of additional silicone ear tips help you find the right fit for your ear.<\/p>\n<p>Features:<\/p>\n<p>Impedance 16 ohms +-10%<br \/>\nDriver 10mm<br \/>\nMagnet Neodymium (NdFeB)<br \/>\nFilm 0.006mm<br \/>\nCoil 5.6mm<br \/>\nSensitivity 100 dB +\/-3 dB<br \/>\nChannel deviation<\/p>","protected":false},"excerpt":{"rendered":"<p>Sorry, this entry is only available in Deutsch.MAXELL Ohrh\u00f6rer Audio Wild- budz gr\u00fcn\/lila Entfesseln Sie Ihre wilde Seite mit den Audio Wild Ohrst\u00f6pseln von Maxell. Erh\u00e4ltlich in 4 auff\u00e4lligen Farbkombinationen, mit denen Sie sich im Dschungel der Gro\u00dfstadt gewiss von der Menge abheben. Gemeinsam mit den Ohrst\u00f6pseln Audio Wild werden zwei Paar zus\u00e4tzlicher Ohreins\u00e4tze zur [&hellip;]<\/p>\n","protected":false},"featured_media":62518,"template":"","meta":{"ep_exclude_from_search":false},"product_cat":[146],"product_tag":[],"class_list":{"0":"post-62318","1":"product","2":"type-product","3":"status-publish","4":"has-post-thumbnail","6":"product_cat-ohrhoerer","7":"product_shipping_class-postwarenpost-individuell","9":"first","10":"onbackorder","11":"taxable","12":"shipping-taxable","13":"purchasable","14":"product-type-simple"},"_links":{"self":[{"href":"https:\/\/www.gallun-shop.com\/en\/wp-json\/wp\/v2\/product\/62318"}],"collection":[{"href":"https:\/\/www.gallun-shop.com\/en\/wp-json\/wp\/v2\/product"}],"about":[{"href":"https:\/\/www.gallun-shop.com\/en\/wp-json\/wp\/v2\/types\/product"}],"wp:featuredmedia":[{"embeddable":true,"href":"https:\/\/www.gallun-shop.com\/en\/wp-json\/wp\/v2\/media\/62518"}],"wp:attachment":[{"href":"https:\/\/www.gallun-shop.com\/en\/wp-json\/wp\/v2\/media?parent=62318"}],"wp:term":[{"taxonomy":"product_cat","embeddable":true,"href":"https:\/\/www.gallun-shop.com\/en\/wp-json\/wp\/v2\/product_cat?post=62318"},{"taxonomy":"product_tag","embeddable":true,"href":"https:\/\/www.gallun-shop.com\/en\/wp-json\/wp\/v2\/product_tag?post=62318"}],"curies":[{"name":"wp","href":"https:\/\/api.w.org\/{rel}","templated":true}]}}