{"id":62316,"date":"2026-03-02T09:30:58","date_gmt":"2026-03-02T08:30:58","guid":{"rendered":"https:\/\/www.gallun-shop.com\/produkt\/maxell-ohrhoerer-juicy-tunes-silber\/"},"modified":"2026-04-30T21:57:03","modified_gmt":"2026-04-30T19:57:03","slug":"maxell-ohrhoerer-juicy-tunes-silber","status":"publish","type":"product","link":"https:\/\/www.gallun-shop.com\/en\/produkt\/maxell-ohrhoerer-juicy-tunes-silber\/","title":{"rendered":"Maxell Juicy Tunes Earphones silver"},"content":{"rendered":"<p class=\"qtranxs-available-languages-message qtranxs-available-languages-message-en\">Sorry, this entry is only available in <a href=\"https:\/\/www.gallun-shop.com\/de\/wp-json\/wp\/v2\/product\/62316\" class=\"qtranxs-available-language-link qtranxs-available-language-link-de\" title=\"Deutsch\">Deutsch<\/a>.<\/p><p>MAXELL Ohrh\u00f6rer Juicy Tunes silber<\/p>\n<p>Die Kopfh\u00f6rer Juicy Tunes stellen eine fr\u00f6hliche  und bunte L\u00f6sung zum Genuss Ihrer Lieblingsmusik dar. Erh\u00e4ltlich in vier lebhaften Farben, bieten die Juicy Tunes einen gro\u00dfartigen Sound und funktionieren perfekt mit fast allen MP3-Ger\u00e4ten wie zum Beispiel iPhones und Android Smartphones. Einfach einstecken und los geht es!<\/p>\n<p>&#8211; Erh\u00e4ltlich in den frischen Farben Blau, Pink, Silber und Lila mit farblich abgestimmtem Kabel.<br \/>\n&#8211; Weiche Ohreins\u00e4tze aus Silikon gew\u00e4hrleisten eine optimale Passform und hohen Tragekomfort.<\/p>\n<p>Merkmale:<\/p>\n<p>Spule 5.6mm<br \/>\nEmpfindlichkeit 100dB+\/-3dB<br \/>\nImpedanz 16ohms +-10%<br \/>\nTreiber 10mm<br \/>\nMagnet\u00b4Neodymium (NdFeB)<br \/>\nFilm 0.006mm<br \/>\nKanalabweichung &lt;3dB<br \/>\nEingangsempfindlichkeit 3mW<br \/>\nMaximale Eingangsempfindlichkeit 5mW<br \/>\nFrequenzgang 20Hz &#8211; 20kHz<br \/>\nStecker 3.5mm Straight Plug<br \/>\nKabell\u00e4nge 1.2m<br \/>\nMAXELL Juicy Tunes earphones, silver<\/p>\n<p>Juicy Tunes headphones are a cheerful and colorful way to enjoy your favorite music. Available in four vibrant colors, Juicy Tunes offer great sound and work perfectly with almost all MP3 devices, such as iPhones and Android smartphones. Just plug them in and you&#039;re ready to go!<\/p>\n<p>Available in fresh colors: blue, pink, silver, and purple with color-coordinated cable.<br \/>\n&#8211; Soft silicone ear tips ensure a perfect fit and high wearing comfort.<\/p>\n<p>Features:<\/p>\n<p>Coil 5.6mm<br \/>\nSensitivity 100dB+\/-3dB<br \/>\nImpedance 16 ohms +-10%<br \/>\nDriver 10 mm<br \/>\nMagnet: Neodymium (NdFeB)<br \/>\nFilm 0.006 mm<br \/>\nChannel deviation<\/p>","protected":false},"excerpt":{"rendered":"<p>Sorry, this entry is only available in Deutsch.MAXELL Ohrh\u00f6rer Juicy Tunes silber Die Kopfh\u00f6rer Juicy Tunes stellen eine fr\u00f6hliche und bunte L\u00f6sung zum Genuss Ihrer Lieblingsmusik dar. Erh\u00e4ltlich in vier lebhaften Farben, bieten die Juicy Tunes einen gro\u00dfartigen Sound und funktionieren perfekt mit fast allen MP3-Ger\u00e4ten wie zum Beispiel iPhones und Android Smartphones. Einfach einstecken [&hellip;]<\/p>\n","protected":false},"featured_media":62514,"template":"","meta":{"ep_exclude_from_search":false},"product_cat":[146],"product_tag":[],"class_list":{"0":"post-62316","1":"product","2":"type-product","3":"status-publish","4":"has-post-thumbnail","6":"product_cat-ohrhoerer","7":"product_shipping_class-paket","9":"first","10":"onbackorder","11":"taxable","12":"shipping-taxable","13":"purchasable","14":"product-type-simple"},"_links":{"self":[{"href":"https:\/\/www.gallun-shop.com\/en\/wp-json\/wp\/v2\/product\/62316"}],"collection":[{"href":"https:\/\/www.gallun-shop.com\/en\/wp-json\/wp\/v2\/product"}],"about":[{"href":"https:\/\/www.gallun-shop.com\/en\/wp-json\/wp\/v2\/types\/product"}],"wp:featuredmedia":[{"embeddable":true,"href":"https:\/\/www.gallun-shop.com\/en\/wp-json\/wp\/v2\/media\/62514"}],"wp:attachment":[{"href":"https:\/\/www.gallun-shop.com\/en\/wp-json\/wp\/v2\/media?parent=62316"}],"wp:term":[{"taxonomy":"product_cat","embeddable":true,"href":"https:\/\/www.gallun-shop.com\/en\/wp-json\/wp\/v2\/product_cat?post=62316"},{"taxonomy":"product_tag","embeddable":true,"href":"https:\/\/www.gallun-shop.com\/en\/wp-json\/wp\/v2\/product_tag?post=62316"}],"curies":[{"name":"wp","href":"https:\/\/api.w.org\/{rel}","templated":true}]}}