{"id":62314,"date":"2026-02-26T10:46:04","date_gmt":"2026-02-26T09:46:04","guid":{"rendered":"https:\/\/www.gallun-shop.com\/produkt\/maxell-ohrhoerer-cupcakes-pink\/"},"modified":"2026-04-30T21:57:03","modified_gmt":"2026-04-30T19:57:03","slug":"maxell-ohrhoerer-cupcakes-pink","status":"publish","type":"product","link":"https:\/\/www.gallun-shop.com\/en\/produkt\/maxell-ohrhoerer-cupcakes-pink\/","title":{"rendered":"MAXELL CUPCAKES Earbuds pink"},"content":{"rendered":"<p class=\"qtranxs-available-languages-message qtranxs-available-languages-message-en\">Sorry, this entry is only available in <a href=\"https:\/\/www.gallun-shop.com\/de\/wp-json\/wp\/v2\/product\/62314\" class=\"qtranxs-available-language-link qtranxs-available-language-link-de\" title=\"Deutsch\">Deutsch<\/a>.<\/p><p>MAXELL Ohrh\u00f6rer CUPCAKES pink<\/p>\n<p>Die leckeren Stereo Ohrst\u00f6psel Cupcakes stellen eine frische und bunte L\u00f6sung zum Genuss Ihrer Lieblingsmusik dar. Geben Sie sich nicht mit herk\u00f6mmlichen Kopfh\u00f6rern zufrieden, &#8211; unsere frischen Cupcakes zeichnen sich nicht nur durch ein fr\u00f6hliches \u00c4u\u00dferes aus, sondern bieten gleichzeitig einen tollen Sound. Die Maxell Cupcakes funktionieren einwandfrei mit den meisten g\u00e4ngigen Musikger\u00e4ten und stellen ein wunderbare Idee f\u00fcr Geburtstags- oder Weihnachtsgeschenke dar.<\/p>\n<p>&#8211; Sie sind perfekt geeignet f\u00fcr iPod, iPhone, iPad und die meisten anderen MP3-Ger\u00e4te mit einem 3.5 mm Audioeingang.<br \/>\n&#8211; Frischen Sie Ihren Look mit einem lebendigen und fr\u00f6hlichen Design auf.<br \/>\n&#8211; Die weichen Ohrst\u00f6psel aus Silikon gew\u00e4hrleisten maximalen Tragekomfort.<\/p>\n<p>Merkmale:<\/p>\n<p>Spule 4.2mm<br \/>\nImpedanz 16ohms +-10%<br \/>\nMagnet Neodymium (NdFeB)<br \/>\nFilm 0.009mm<br \/>\nEmpfindlichkeit 90dB +\/- 3dB (1kHz)<br \/>\nKanalabweichung &lt;3dB<br \/>\nEingangsempfindlichkeit 3mW<br \/>\nMaximale Eingangsempfindlichkeit 5mW<br \/>\nFrequenzgang 20Hz &#8211; 20kHz<br \/>\nStecker 3.5mm Klinken Stecker<br \/>\nKabell\u00e4nge 1.2m<br \/>\nMAXELL Earphones CUPCAKES pink<\/p>\n<p>The delicious stereo earbuds Cupcakes are a fresh and colorful solution for enjoying your favorite music. Don&#039;t settle for conventional headphones\u2014our fresh Cupcakes not only stand out with their cheerful appearance, but also offer great sound. Maxell Cupcakes work perfectly with most popular music devices and are a wonderful idea for birthday or Christmas gifts.<\/p>\n<p>They are perfect for iPods, iPhones, iPads, and most other MP3 devices with a 3.5 mm audio input.<br \/>\n&#8211; Freshen up your look with a vibrant and cheerful design.<br \/>\n&#8211; The soft silicone earbuds ensure maximum comfort.<\/p>\n<p>Features:<\/p>\n<p>Coil 4.2 mm<br \/>\nImpedance 16 ohms +-10%<br \/>\nMagnet Neodymium (NdFeB)<br \/>\nFilm 0.009 mm<br \/>\nSensitivity 90 dB +\/- 3 dB (1 kHz)<br \/>\nChannel deviation<\/p>","protected":false},"excerpt":{"rendered":"<p>Sorry, this entry is only available in Deutsch.MAXELL Ohrh\u00f6rer CUPCAKES pink Die leckeren Stereo Ohrst\u00f6psel Cupcakes stellen eine frische und bunte L\u00f6sung zum Genuss Ihrer Lieblingsmusik dar. Geben Sie sich nicht mit herk\u00f6mmlichen Kopfh\u00f6rern zufrieden, &#8211; unsere frischen Cupcakes zeichnen sich nicht nur durch ein fr\u00f6hliches \u00c4u\u00dferes aus, sondern bieten gleichzeitig einen tollen Sound. Die [&hellip;]<\/p>\n","protected":false},"featured_media":62510,"template":"","meta":{"ep_exclude_from_search":false},"product_cat":[146],"product_tag":[],"class_list":{"0":"post-62314","1":"product","2":"type-product","3":"status-publish","4":"has-post-thumbnail","6":"product_cat-ohrhoerer","7":"product_shipping_class-postwarenpost-individuell","9":"first","10":"onbackorder","11":"taxable","12":"shipping-taxable","13":"purchasable","14":"product-type-simple"},"_links":{"self":[{"href":"https:\/\/www.gallun-shop.com\/en\/wp-json\/wp\/v2\/product\/62314"}],"collection":[{"href":"https:\/\/www.gallun-shop.com\/en\/wp-json\/wp\/v2\/product"}],"about":[{"href":"https:\/\/www.gallun-shop.com\/en\/wp-json\/wp\/v2\/types\/product"}],"wp:featuredmedia":[{"embeddable":true,"href":"https:\/\/www.gallun-shop.com\/en\/wp-json\/wp\/v2\/media\/62510"}],"wp:attachment":[{"href":"https:\/\/www.gallun-shop.com\/en\/wp-json\/wp\/v2\/media?parent=62314"}],"wp:term":[{"taxonomy":"product_cat","embeddable":true,"href":"https:\/\/www.gallun-shop.com\/en\/wp-json\/wp\/v2\/product_cat?post=62314"},{"taxonomy":"product_tag","embeddable":true,"href":"https:\/\/www.gallun-shop.com\/en\/wp-json\/wp\/v2\/product_tag?post=62314"}],"curies":[{"name":"wp","href":"https:\/\/api.w.org\/{rel}","templated":true}]}}