{"id":525,"date":"2026-05-13T08:54:08","date_gmt":"2026-05-13T06:54:08","guid":{"rendered":"https:\/\/www.gallun-shop.com\/produkt\/quick-ionisierungs-luefter\/"},"modified":"2026-05-13T17:57:33","modified_gmt":"2026-05-13T15:57:33","slug":"quick-ionisierungs-luefter","status":"publish","type":"product","link":"https:\/\/www.gallun-shop.com\/en\/produkt\/quick-ionisierungs-luefter\/","title":{"rendered":"QUICK ionization fan"},"content":{"rendered":"<p class=\"qtranxs-available-languages-message qtranxs-available-languages-message-en\">Sorry, this entry is only available in <a href=\"https:\/\/www.gallun-shop.com\/de\/wp-json\/wp\/v2\/product\/525\" class=\"qtranxs-available-language-link qtranxs-available-language-link-de\" title=\"Deutsch\">Deutsch<\/a>.<\/p><p>Das QK443C ist ein tragbares Tischger\u00e4t mit LED-Anzeige zur Erzeugung einer ausgeglichenen Ionenbalance. \u00dcber einen Gleichstromgenerator werden Nadeln mit positiven und negativen Ionen aufgeladen. Das Gebl\u00e4se bef\u00f6rdert den aufgeladenen Luftstrom zu den gew\u00fcnschten Objekten um dort die Ladung zu neutralisieren.<br \/>\nWenn dieser Luftstrom auf ein elektrostatisch aufgeladenes Objekt trifft, wird die Ladung neutralisiert. Hat das Objekt eine negative Ladung, zieht es positive Ionen aus dem Luftstrom, hat es eine positive Ladung zieht es negative Ionen aus dem Luftstrom.<br \/>\nDas Ger\u00e4t kommt zum Einsatz, an Arbeitspl\u00e4tzen zur Herstellung und Verarbeitung elektronischer Bauelemente, um einerseits den ESD-Schutz der Komponenten zu gew\u00e4hrleisten und andererseits Verschmutzung durch elektrostatisch angezogene Staubpartikel zu verhindern. Au\u00dferdem kann es eingesetzt werden, wenn statische Ladung ein Problem darstellt, z.B. Anziehen von Schmutz, Fehlausrichtung von sehr kleinen Teilen oder unerw\u00fcnschtes Anhaften von Kunststofffolien.<\/p>\n<p>Der Ionisator wird in der Regel auf der Werkbank in der N\u00e4he des zu neutralisierenden  Bereiches aufgestellt. Er kann auch an der Wand oder an einem Regal montiert werden. Wenn der Tischst\u00e4nder am Ger\u00e4t montiert ist, verwenden Sie bitte M4 Schrauben, um das Ger\u00e4t zu sichern. <\/p>\n<p>\u00dcber die RS-485-Schnittstelle kann das Ger\u00e4t an einen PC angeschlossen werden. Somit k\u00f6nnen bis zu 99 Ger\u00e4te gleichzeitig \u00fcberwacht werden. Sobald die Ionenbalance nicht mehr ausgeglichen ist wird Alarm ausgel\u00f6st.<\/p>\n<p>Das Ger\u00e4t sollte ca. 300 mm bis 900 mm vom kritischen Arbeitsbereich oder den zu neutralisierenden Objekten entfernt platziert werden. Es sollte so positioniert werden, dass es so viel Fl\u00e4che wie m\u00f6glich mit dem ionisierten Luftstrom bedeckt. Der Luftstrom kann durch Kippen des Ger\u00e4tes auf dem St\u00e4nder nach oben oder unten gerichtet werden.<\/p>\n<p>Ionisierungsbalance\/ Spannungsdifferenz: weniger als +\/-10V, nach Standard ANSI\/ESD-S20.20-2014<br \/>\nAusgangsspannung: +\/-5000 VDC<br \/>\nAlarm-Einstellung bei Abweichung der Ionisierungsbalance: +\/-15V &#8211; +\/-50V<br \/>\nOzon Erzeugung:  &lt;0,01 ppm (gemessen im Abstand von 15cm bei geringer L\u00fcfter-Drehzahl)<br \/>\nBetriebstemperatur: 0-50\u00b0C<br \/>\nGewicht: 1,7kg<br \/>\nAbmessungen B-H-T: 19x24x9,5cm<br \/>\nEffektiver zu ionisierender Bereich: 40&#215;150 cm<br \/>\nLautst\u00e4rke im Abstand von 1m max. 45dB<\/p>\n<p>Das Metallgitter ist magnetisch befestigt. Durch eine Drehung im Urzeigersinn um 90\u00b0 kann es gel\u00f6st werden. Die Ionennadeln sind nun zug\u00e4nglich und k\u00f6nnen gereinigt werden.<br \/>\nThe QK443C is a portable tabletop device with LED display for generating a balanced ion balance. Needles are charged with positive and negative ions via a DC generator. The fan transports the charged air flow to the desired objects to neutralize the charge there.<br \/>\nWhen this air flow hits an electrostatically charged object, the charge is neutralized. If the object has a negative charge, it attracts positive ions from the air flow; if it has a positive charge, it attracts negative ions from the air flow.<br \/>\nThe device is used in workplaces for the manufacture and processing of electronic components to ensure ESD protection of the components on the one hand and to prevent contamination by electrostatically attracted dust particles on the other. It can also be used when static charge is a problem, e.g., attraction of dirt, misalignment of very small parts, or unwanted adhesion of plastic films.<\/p>\n<p>The ionizer is usually placed on the workbench near the area to be neutralized. It can also be mounted on the wall or on a shelf. If the table stand is mounted on the device, please use M4 screws to secure the device. <\/p>\n<p>The device can be connected to a PC via the RS-485 interface. This allows up to 99 devices to be monitored simultaneously. An alarm is triggered as soon as the ion balance is no longer balanced.<\/p>\n<p>The device should be placed approximately 300 mm to 900 mm away from the critical work area or the objects to be neutralized. It should be positioned so that it covers as much area as possible with the ionized air flow. The air flow can be directed upwards or downwards by tilting the device on the stand.<\/p>\n<p>Ionization balance\/voltage difference: less than +\/-10V, according to ANSI\/ESD-S20.20-2014 standard<br \/>\nOutput voltage: +\/-5000 VDC<br \/>\nAlarm setting for ionization balance deviation: +\/-15V &#8211; +\/-50V<br \/>\nOzone generation:<\/p>","protected":false},"excerpt":{"rendered":"<p>Sorry, this entry is only available in Deutsch.Das QK443C ist ein tragbares Tischger\u00e4t mit LED-Anzeige zur Erzeugung einer ausgeglichenen Ionenbalance. \u00dcber einen Gleichstromgenerator werden Nadeln mit positiven und negativen Ionen aufgeladen. Das Gebl\u00e4se bef\u00f6rdert den aufgeladenen Luftstrom zu den gew\u00fcnschten Objekten um dort die Ladung zu neutralisieren. Wenn dieser Luftstrom auf ein elektrostatisch aufgeladenes Objekt [&hellip;]<\/p>\n","protected":false},"featured_media":60730,"template":"","meta":{"ep_exclude_from_search":false},"product_cat":[282],"product_tag":[],"class_list":{"0":"post-525","1":"product","2":"type-product","3":"status-publish","4":"has-post-thumbnail","6":"product_cat-ionisierer","7":"product_shipping_class-paket","8":"pa_qu-ionisierer-qu443c","10":"first","11":"instock","12":"taxable","13":"shipping-taxable","14":"purchasable","15":"product-type-simple"},"_links":{"self":[{"href":"https:\/\/www.gallun-shop.com\/en\/wp-json\/wp\/v2\/product\/525"}],"collection":[{"href":"https:\/\/www.gallun-shop.com\/en\/wp-json\/wp\/v2\/product"}],"about":[{"href":"https:\/\/www.gallun-shop.com\/en\/wp-json\/wp\/v2\/types\/product"}],"wp:featuredmedia":[{"embeddable":true,"href":"https:\/\/www.gallun-shop.com\/en\/wp-json\/wp\/v2\/media\/60730"}],"wp:attachment":[{"href":"https:\/\/www.gallun-shop.com\/en\/wp-json\/wp\/v2\/media?parent=525"}],"wp:term":[{"taxonomy":"product_cat","embeddable":true,"href":"https:\/\/www.gallun-shop.com\/en\/wp-json\/wp\/v2\/product_cat?post=525"},{"taxonomy":"product_tag","embeddable":true,"href":"https:\/\/www.gallun-shop.com\/en\/wp-json\/wp\/v2\/product_tag?post=525"}],"curies":[{"name":"wp","href":"https:\/\/api.w.org\/{rel}","templated":true}]}}