{"id":3154,"date":"2026-04-28T16:47:13","date_gmt":"2026-04-28T14:47:13","guid":{"rendered":"https:\/\/www.gallun-shop.com\/produkt\/reinigungsspray-ecs-01-oxyd-off-oxid-und-sulfidloesender-kontaktreiniger-400ml-sprayflasche\/"},"modified":"2026-05-13T22:00:50","modified_gmt":"2026-05-13T20:00:50","slug":"reinigungsspray-ecs-01-oxyd-off-oxid-und-sulfidloesender-kontaktreiniger-400ml-sprayflasche","status":"publish","type":"product","link":"https:\/\/www.gallun-shop.com\/en\/produkt\/reinigungsspray-ecs-01-oxyd-off-oxid-und-sulfidloesender-kontaktreiniger-400ml-sprayflasche\/","title":{"rendered":"Cleaning spray ECS 01 Oxyd-Off, oxid- and sulfide-dissolving contact cleaner, 400ml, spray bottle"},"content":{"rendered":"<p class=\"qtranxs-available-languages-message qtranxs-available-languages-message-en\">Sorry, this entry is only available in <a href=\"https:\/\/www.gallun-shop.com\/de\/wp-json\/wp\/v2\/product\/3154\" class=\"qtranxs-available-language-link qtranxs-available-language-link-de\" title=\"Deutsch\">Deutsch<\/a>.<\/p><p>Reinigungsspray ECS 01 Oxyd-Off, 400ml, Sprayflasche, r\u00f6tliche Fl\u00fcssigkeit, charakteristisch, gute Materialvertr\u00e4glichkeit, bildet \u00f6ligen Schutzfilm<\/p>\n<p>OXYD-OFF beseitigt wirksam Oxid-und Sulfidschichten von metallischen Kontaktfl\u00e4chen aller Art. Gleichzeitig sorgen speziell ausgesuchte Inhaltsstoffe f\u00fcr einen anhaltenden Gleit-und Korrosionsschutz. Fehler durch \u00dcbergangswiderst\u00e4nde werden verhindert und abgebaut. Spannungsverluste entfallen. Die Funktionsf\u00e4higkeit aller elektromagnetischen Kontakte bleibt langfristig erhalten.<\/p>\n<p>OXYD-OFF bietet eine rasche und zuverl\u00e4ssige Reinigung. Zu reinigende Stellen mit kr\u00e4ftigen Spr\u00fchst\u00f6\u00dfen einspr\u00fchen. Bei schwer zug\u00e4nglichen Stellen Spr\u00fchrohr aufsetzen und mittels gezieltem Strahl aufbringen. OXYD-OFF einige Minuten einwirken lassen. Bei starken Oxidschichten Vorgang wiederholen. OXYD-OFF kann auf dem Werkstoff verbleiben oder, falls es aus optischen Gr\u00fcnden notwendig sein sollte, problemlos mittels SPRAYWASH entfernt werden. Evtl. auftretende gr\u00fcne Stellen beeintr\u00e4chtigen die Funktion des betreffenden Ger\u00e4tes in keiner Weise, sollten aber mittels SPRAYWASH entfernt werden.<\/p>\n<p>OXYD-OFF ist ein bew\u00e4hrtes Serviceprodukt in der Elektrotechnik. Geeignet f\u00fcr Schalter jeglicher Funktionsweise, f\u00fcr Schleifer von Drehkondensatoren, Kontaktbankfeldern und Relais. Zur Reinigung und Pflege von Metallen in der Steuer-, Mess-und Regeltechnik sowie der Nachrichten-, Signal-und EDV-Technik. Ferner f\u00fcr Kfz-Elektrik und -elektronik.<\/p>\n<p>&#8211; Hochwirksamer, oxid- und sulfidl\u00f6sender Kontaktreiniger<br \/>\n&#8211; OXYD-OFF beseitigt wirksam Oxid- und Sulfidschichten von metallischen Kontaktfl\u00e4chen aller Art<br \/>\n&#8211; Gleichzeitig sorgen speziell ausgesuchte Inhaltsstoffe f\u00fcr einen anhaldenden Gleit- und Korrosionsschutz<br \/>\n&#8211; Fehler durch \u00dcbergangswiderst\u00e4nde werden verhindert und abgebaut<br \/>\n&#8211; Spannungsverluste entfallen<br \/>\n&#8211; Die Funktionsf\u00e4higkeit aller elektromagnetischen Kontakte bleibt langfristig erhalten<\/p>\n<p>&#8211; Beschaffenheit: r\u00f6tliche Fl\u00fcssigkeit<br \/>\n&#8211; Geruch: charakteristisch<br \/>\n&#8211; Dichte bei 25\u00b0C: 0,73[g\/cm3]<br \/>\n&#8211; Reduzierung des \u00dcbergangswiderstands: &lt; 2mW<br \/>\n&#8211; Temperaturbereich: bis +80\u00b0C<br \/>\n&#8211; R\u00fcckst\u00e4nde: \u00f6liger Schutzfilm<br \/>\n&#8211; Materialvertr\u00e4glichkeit: gut<br \/>\nCleaning Spray ECS 01 Oxyd-Off, 400ml, reddish liquid, characteristic, good material compatibility, forms an oily protective film<\/p>\n<p>OXYD-OFF effectively removes oxide and sulfide layers from metallic contact surfaces of all kinds. At the same time, specially selected ingredients ensure lasting lubrication and corrosion protection. Faults caused by contact resistance are prevented and reduced. Voltage losses are eliminated. The functionality of all electromagnetic contacts is maintained over the long term.<\/p>\n<p>OXYD-OFF offers quick and reliable cleaning. Spray the areas to be cleaned with powerful bursts. For hard-to-reach areas, attach a spray tube and apply a targeted jet. Leave OXYD-OFF on for a few minutes. Repeat the process for heavy oxide layers. OXYD-OFF can remain on the material or, if necessary for optical reasons, can be easily removed using SPRAYWASH. Any green spots that may appear do not affect the function of the device in any way, but should be removed using SPRAYWASH.<\/p>\n<p>OXYD-OFF is a proven service product in electrical engineering. Suitable for switches of any kind, for the wiper contacts of variable capacitors, contactor banks and relays. For cleaning and care of metals in control, measuring and regulating equipment, as well as in communications, signaling and IT equipment. Also for automotive electrics and electronics.<\/p>\n<p>&#8211; Highly effective contact cleaner that dissolves oxides and sulfides<br \/>\n&#8211; OXYD-OFF effectively removes oxide and sulfide layers from metallic contact surfaces of all kinds<br \/>\n&#8211; At the same time, specially selected ingredients ensure lasting lubrication and corrosion protection<br \/>\n&#8211; Faults caused by contact resistance are prevented and reduced<br \/>\n&#8211; Voltage losses are eliminated<br \/>\n&#8211; The functionality of all electromagnetic contacts is maintained in the long term<\/p>\n<p>&#8211; Appearance: reddish liquid<br \/>\n&#8211; Odor: characteristic<br \/>\n&#8211; Density at 25\u00b0C: 0.73[g\/cm3]<br \/>\n&#8211; Reduction of contact resistance:<\/p>","protected":false},"excerpt":{"rendered":"<p>Sorry, this entry is only available in Deutsch.Reinigungsspray ECS 01 Oxyd-Off, 400ml, Sprayflasche, r\u00f6tliche Fl\u00fcssigkeit, charakteristisch, gute Materialvertr\u00e4glichkeit, bildet \u00f6ligen Schutzfilm OXYD-OFF beseitigt wirksam Oxid-und Sulfidschichten von metallischen Kontaktfl\u00e4chen aller Art. Gleichzeitig sorgen speziell ausgesuchte Inhaltsstoffe f\u00fcr einen anhaltenden Gleit-und Korrosionsschutz. Fehler durch \u00dcbergangswiderst\u00e4nde werden verhindert und abgebaut. Spannungsverluste entfallen. Die Funktionsf\u00e4higkeit aller elektromagnetischen Kontakte [&hellip;]<\/p>\n","protected":false},"featured_media":58131,"template":"","meta":{"ep_exclude_from_search":false},"product_cat":[197],"product_tag":[],"class_list":{"0":"post-3154","1":"product","2":"type-product","3":"status-publish","4":"has-post-thumbnail","6":"product_cat-sprays","7":"product_shipping_class-postwarenpost-individuell","9":"first","10":"instock","11":"taxable","12":"shipping-taxable","13":"purchasable","14":"product-type-simple","15":"has-discount-price"},"_links":{"self":[{"href":"https:\/\/www.gallun-shop.com\/en\/wp-json\/wp\/v2\/product\/3154"}],"collection":[{"href":"https:\/\/www.gallun-shop.com\/en\/wp-json\/wp\/v2\/product"}],"about":[{"href":"https:\/\/www.gallun-shop.com\/en\/wp-json\/wp\/v2\/types\/product"}],"wp:featuredmedia":[{"embeddable":true,"href":"https:\/\/www.gallun-shop.com\/en\/wp-json\/wp\/v2\/media\/58131"}],"wp:attachment":[{"href":"https:\/\/www.gallun-shop.com\/en\/wp-json\/wp\/v2\/media?parent=3154"}],"wp:term":[{"taxonomy":"product_cat","embeddable":true,"href":"https:\/\/www.gallun-shop.com\/en\/wp-json\/wp\/v2\/product_cat?post=3154"},{"taxonomy":"product_tag","embeddable":true,"href":"https:\/\/www.gallun-shop.com\/en\/wp-json\/wp\/v2\/product_tag?post=3154"}],"curies":[{"name":"wp","href":"https:\/\/api.w.org\/{rel}","templated":true}]}}