{"id":22696,"date":"2026-04-13T13:33:10","date_gmt":"2026-04-13T11:33:10","guid":{"rendered":"https:\/\/www.gallun-shop.com\/produkt\/sebo-airbelt-e1-jungle-midnightgreen-matt-lackiert-890w-airbelt-stripes-silber-schwarz\/"},"modified":"2026-04-30T21:58:23","modified_gmt":"2026-04-30T19:58:23","slug":"sebo-airbelt-e1-jungle-midnightgreen-matt-lackiert-890w-airbelt-stripes-silber-schwarz","status":"publish","type":"product","link":"https:\/\/www.gallun-shop.com\/en\/produkt\/sebo-airbelt-e1-jungle-midnightgreen-matt-lackiert-890w-airbelt-stripes-silber-schwarz\/","title":{"rendered":"SEBO AIRBELT E1 JUNGLE, midnightgreen matt lackiert, 890W (Airbelt Stripes silber-schwarz)"},"content":{"rendered":"<p>SEBO AIRBELT E1 JUNGLE, midnightgreen matt lackiert, 890W, SEBO KOMBI, S-Klasse-Filtration, Edelstahl-Teleskoprohr, kratzfeste seidenmatte Lackierung, Airbelt Stripes silber-schwarz, Leistungsregulierung am Ger\u00e4t, BOOST-Funktion (3 min \/ 1200 W), 2,10 m Schlauch, integriertes Zubeh\u00f6r (M\u00f6belpinsel mit Clip, Polster- und Fugend\u00fcse)<\/p>","protected":false},"excerpt":{"rendered":"<p>SEBO AIRBELT E1 JUNGLE, midnightgreen matt lackiert, 890W, SEBO KOMBI, S-Klasse-Filtration, Edelstahl-Teleskoprohr, kratzfeste seidenmatte Lackierung, Airbelt Stripes silber-schwarz, Leistungsregulierung am Ger\u00e4t, BOOST-Funktion (3 min \/ 1200 W), 2,10 m Schlauch, integriertes Zubeh\u00f6r (M\u00f6belpinsel mit Clip, Polster- und Fugend\u00fcse)<\/p>\n","protected":false},"featured_media":65404,"template":"","meta":{"ep_exclude_from_search":false},"product_cat":[161],"product_tag":[],"class_list":{"0":"post-22696","1":"product","2":"type-product","3":"status-publish","4":"has-post-thumbnail","6":"product_cat-airbelt-e","7":"product_shipping_class-paket","9":"first","10":"onbackorder","11":"taxable","12":"shipping-taxable","13":"purchasable","14":"product-type-simple"},"_links":{"self":[{"href":"https:\/\/www.gallun-shop.com\/en\/wp-json\/wp\/v2\/product\/22696"}],"collection":[{"href":"https:\/\/www.gallun-shop.com\/en\/wp-json\/wp\/v2\/product"}],"about":[{"href":"https:\/\/www.gallun-shop.com\/en\/wp-json\/wp\/v2\/types\/product"}],"wp:featuredmedia":[{"embeddable":true,"href":"https:\/\/www.gallun-shop.com\/en\/wp-json\/wp\/v2\/media\/65404"}],"wp:attachment":[{"href":"https:\/\/www.gallun-shop.com\/en\/wp-json\/wp\/v2\/media?parent=22696"}],"wp:term":[{"taxonomy":"product_cat","embeddable":true,"href":"https:\/\/www.gallun-shop.com\/en\/wp-json\/wp\/v2\/product_cat?post=22696"},{"taxonomy":"product_tag","embeddable":true,"href":"https:\/\/www.gallun-shop.com\/en\/wp-json\/wp\/v2\/product_tag?post=22696"}],"curies":[{"name":"wp","href":"https:\/\/api.w.org\/{rel}","templated":true}]}}