{"id":21791,"date":"2026-03-23T16:53:10","date_gmt":"2026-03-23T15:53:10","guid":{"rendered":"https:\/\/www.gallun-shop.com\/produkt\/maxell-cool-beans-ohrhoerer-rot\/"},"modified":"2026-04-30T21:57:02","modified_gmt":"2026-04-30T19:57:02","slug":"maxell-cool-beans-ohrhoerer-rot","status":"publish","type":"product","link":"https:\/\/www.gallun-shop.com\/en\/produkt\/maxell-cool-beans-ohrhoerer-rot\/","title":{"rendered":"MAXELL Cool Beans Era Buds red"},"content":{"rendered":"<p class=\"qtranxs-available-languages-message qtranxs-available-languages-message-en\">Sorry, this entry is only available in <a href=\"https:\/\/www.gallun-shop.com\/de\/wp-json\/wp\/v2\/product\/21791\" class=\"qtranxs-available-language-link qtranxs-available-language-link-de\" title=\"Deutsch\">Deutsch<\/a>.<\/p><p>MAXELL Cool Beans Ohrh\u00f6rer, rot<\/p>\n<p>Die weiche amorphe Form in Kombination mit dem auff\u00e4llig gewagten, spiegel\u00e4hnlichen Aussehen machen die Beans zu einem wahren Blickfang. W\u00e4hlen Sie aus 6 effektvollen Farbnuancen aus und Sie k\u00f6nnen dieses Fr\u00fchjahr stolz auf Ihre Kopfh\u00f6rer sein.<\/p>\n<p>Wenn Sie ein wenig praktisch veranlagt sind, verf\u00fcgen die Maxell Beans auch \u00fcber eine freie Kabelaufwicklung f\u00fcr ein H\u00f6rvergn\u00fcgen ohne Chaos und Gewirr.<br \/>\nMerkmale: <\/p>\n<p>Metallische Innenohrkopfh\u00f6rer in Bohnenform<br \/>\nAuswahl aus 3x St\u00f6psel, f\u00fcr den f\u00fcr Sie zugeschnittenen Tragekomfort<br \/>\nMit Kabelaufwicklung, damit sich der Kopfh\u00f6rer nicht verheddert<br \/>\nPassend f\u00fcr alle Ger\u00e4te mit 3,5 mm Kopfh\u00f6rerbuchse<br \/>\nTreiber 10mm<br \/>\nMagnet Neodymium (NdFeB)<br \/>\nFilm 0.006mm<br \/>\nEingangsempfindlichkeit 1mW<br \/>\nMaximale Eingangsempfindlichkeit 50mW<br \/>\nStecker 3.5mm Klinken Stecker<br \/>\nKabell\u00e4nge 1.2m<br \/>\nImpedanz 18ohms at 1kHz<br \/>\nSpule 5.5mm<br \/>\nEmpfindlichkeit 99dB +\/- 3dB<br \/>\nKanalabweichung &lt;3dB<br \/>\nFrequenzgang 20Hz &#8211; 22kHz<br \/>\nMAXELL Cool Beans Earphones, red<\/p>\n<p>The soft amorphous shape combined with the strikingly bold, mirror-like appearance make the Beans a real eye-catcher. Choose from 6 striking colors and you can be proud of your headphones this spring.<\/p>\n<p>If you&#039;re a practical person, the Maxell Beans also feature a free cable winder for tangle-free listening pleasure.<br \/>\nFeatures: <\/p>\n<p>Metallic in-ear headphones in bean shape<br \/>\nChoice of 3x earbuds for a customized fit<br \/>\nWith cable winder to prevent the headphones from getting tangled<br \/>\nCompatible with all devices with a 3.5 mm headphone jack<br \/>\n10 mm driver<br \/>\nNeodymium magnet (NdFeB)<br \/>\nFilm 0.006 mm<br \/>\nInput sensitivity 1 mW<br \/>\nMaximum input sensitivity 50 mW<br \/>\nPlug 3.5 mm jack plug<br \/>\nCable length 1.2m<br \/>\nImpedance 18 ohms at 1kHz<br \/>\nCoil 5.5mm<br \/>\nSensitivity 99dB +\/- 3dB<br \/>\nChannel deviation<\/p>","protected":false},"excerpt":{"rendered":"<p>Sorry, this entry is only available in Deutsch.MAXELL Cool Beans Ohrh\u00f6rer, rot Die weiche amorphe Form in Kombination mit dem auff\u00e4llig gewagten, spiegel\u00e4hnlichen Aussehen machen die Beans zu einem wahren Blickfang. W\u00e4hlen Sie aus 6 effektvollen Farbnuancen aus und Sie k\u00f6nnen dieses Fr\u00fchjahr stolz auf Ihre Kopfh\u00f6rer sein. Wenn Sie ein wenig praktisch veranlagt sind, [&hellip;]<\/p>\n","protected":false},"featured_media":60075,"template":"","meta":{"ep_exclude_from_search":false},"product_cat":[146],"product_tag":[],"class_list":{"0":"post-21791","1":"product","2":"type-product","3":"status-publish","4":"has-post-thumbnail","6":"product_cat-ohrhoerer","7":"product_shipping_class-paket","9":"first","10":"onbackorder","11":"taxable","12":"shipping-taxable","13":"purchasable","14":"product-type-simple"},"_links":{"self":[{"href":"https:\/\/www.gallun-shop.com\/en\/wp-json\/wp\/v2\/product\/21791"}],"collection":[{"href":"https:\/\/www.gallun-shop.com\/en\/wp-json\/wp\/v2\/product"}],"about":[{"href":"https:\/\/www.gallun-shop.com\/en\/wp-json\/wp\/v2\/types\/product"}],"wp:featuredmedia":[{"embeddable":true,"href":"https:\/\/www.gallun-shop.com\/en\/wp-json\/wp\/v2\/media\/60075"}],"wp:attachment":[{"href":"https:\/\/www.gallun-shop.com\/en\/wp-json\/wp\/v2\/media?parent=21791"}],"wp:term":[{"taxonomy":"product_cat","embeddable":true,"href":"https:\/\/www.gallun-shop.com\/en\/wp-json\/wp\/v2\/product_cat?post=21791"},{"taxonomy":"product_tag","embeddable":true,"href":"https:\/\/www.gallun-shop.com\/en\/wp-json\/wp\/v2\/product_tag?post=21791"}],"curies":[{"name":"wp","href":"https:\/\/api.w.org\/{rel}","templated":true}]}}