{"id":15562,"date":"2026-04-10T16:40:37","date_gmt":"2026-04-10T14:40:37","guid":{"rendered":"https:\/\/www.gallun-shop.com\/produkt\/univision-multischalter-5in-8out-coaxlan-variantenkopf\/"},"modified":"2026-05-13T21:46:55","modified_gmt":"2026-05-13T19:46:55","slug":"15562","status":"publish","type":"product","link":"https:\/\/www.gallun-shop.com\/en\/produkt\/15562\/","title":{"rendered":""},"content":{"rendered":"<p>UNIVISION Sat-Multischalter f\u00fcr die Verteilung von einem Quattro oder Quad LNB auf bis zu 8 Endger\u00e4ten (Sat Tuner), Zuordnung der Sat-Eing\u00e4nge vom LNB auf 4 Eingangsebenen Low Band\/ High Band und jeweils horizontal oder vertikal, 1 Eingang f\u00fcr terrestrische DVB-T oder FM (UKW) Antenne (passiv),<BR>Der Betrieb erfolgt mit einem Schaltnetzteil 230V welches die Spannungsversorgung des Quattro oder Quad-LNB gew\u00e4hrleistet. <BR><BR>Dieser Multischalter ist erweiterbar mit 5\/4 bzw. \/-8 Kaskaden (UNiMS54E\/UNiMS58E). <BR><BR>Technische Daten:<BR><BR>Multischalter 5 in, 8 out mit Schaltnetzteil 230V AC f\u00fcr Versorgungsspannung eines Quattro oder Quad-LNB<BR><BR>&#8211; Eing\u00e4nge: SAT: 4x 950 &#8211; 2150 MHz \/ Terr.: 1x 88 &#8211; 790 MHz<BR>&#8211; Ausg\u00e4nge: + 8x 88 &#8211; 2150 MHz<BR>&#8211; coaxLAN-tauglich<BR>&#8211; Anschlussd\u00e4mpfung: SAT: 0&#8230;+4dB \/ Terr.: &#8211; 2dB<BR>&#8211; R\u00fcckkanal: 5-65 MHz<BR>&#8211; Durchgangsd\u00e4mpfung DVB-S Stammausg\u00e4nge: 0,5-1,5dB<BR>&#8211; D\u00e4mpfung R\u00fcckkanal: -23dB<BR>&#8211; DVB-T Verst\u00e4rkung Stammausgang: 17-21dB<BR>&#8211; Eingangspegel: SAT  max. 95dB\u00b5V \/ Terr. max. 90dB\u00b5V<BR>&#8211; Eingangsspannung: 90-240V\/50-60Hz<BR>&#8211; Spannung Sekund\u00e4r: 12V,18V,12V+22kHz,18V+22kHz<BR>&#8211; Max.Fernspeisestromabgabe:1 A<BR>&#8211; Abmessungen: 137 x 197 x 47 mm<BR>&#8211; Gewicht: 395 g<BR><BR>Artikel ist in folgenden Varianten verf\u00fcgbar:<BR><BR>Variante: Basiseinheit <BR>Lieferumfang: UNIVISION Sat-Multischalter mit Netzteil<BR><BR>Variante: Erweierungskaskade 4<BR>Lieferumfang: Erweiterungseinheit f\u00fcr Multischalter iMS58G f\u00fcr bis zu zu 4 zusatzliche Teilnehmer <BR><BR>Variante: Erweierungskaskade 8<BR>Lieferumfang: Erweiterungseinheit f\u00fcr Multischalter iMS58G f\u00fcr bis zu zu 8 zusatzliche Teilnehmer <BR><BR>Variante: Kaskadenadapter<BR>Lieferunfang: Kaskadenadapter 5-fach<BR><BR>Variante: Ersatznetzteil<BR>Lieferumfang: Ersatznetzteil f\u00fcr iMS-\/dCSS Multischalter<\/p>","protected":false},"excerpt":{"rendered":"<p>UNIVISION Sat-Multischalter f\u00fcr die Verteilung von einem Quattro oder Quad LNB auf bis zu 8 Endger\u00e4ten (Sat Tuner), Zuordnung der Sat-Eing\u00e4nge vom LNB auf 4 Eingangsebenen Low Band\/ High Band und jeweils horizontal oder vertikal, 1 Eingang f\u00fcr terrestrische DVB-T oder FM (UKW) Antenne (passiv),Der Betrieb erfolgt mit einem Schaltnetzteil 230V welches die Spannungsversorgung des [&hellip;]<\/p>\n","protected":false},"featured_media":50224,"template":"","meta":{"ep_exclude_from_search":false},"product_cat":[],"product_tag":[],"class_list":{"0":"post-15562","1":"product","2":"type-product","3":"status-publish","4":"has-post-thumbnail","7":"first","8":"onbackorder","9":"taxable","10":"shipping-taxable","11":"purchasable","12":"product-type-simple"},"_links":{"self":[{"href":"https:\/\/www.gallun-shop.com\/en\/wp-json\/wp\/v2\/product\/15562"}],"collection":[{"href":"https:\/\/www.gallun-shop.com\/en\/wp-json\/wp\/v2\/product"}],"about":[{"href":"https:\/\/www.gallun-shop.com\/en\/wp-json\/wp\/v2\/types\/product"}],"wp:featuredmedia":[{"embeddable":true,"href":"https:\/\/www.gallun-shop.com\/en\/wp-json\/wp\/v2\/media\/50224"}],"wp:attachment":[{"href":"https:\/\/www.gallun-shop.com\/en\/wp-json\/wp\/v2\/media?parent=15562"}],"wp:term":[{"taxonomy":"product_cat","embeddable":true,"href":"https:\/\/www.gallun-shop.com\/en\/wp-json\/wp\/v2\/product_cat?post=15562"},{"taxonomy":"product_tag","embeddable":true,"href":"https:\/\/www.gallun-shop.com\/en\/wp-json\/wp\/v2\/product_tag?post=15562"}],"curies":[{"name":"wp","href":"https:\/\/api.w.org\/{rel}","templated":true}]}}