{"id":11421,"date":"2026-05-13T08:48:38","date_gmt":"2026-05-13T06:48:38","guid":{"rendered":"https:\/\/www.gallun-shop.com\/produkt\/edision-hdmi-modulator-auf-dvb-t-signal\/"},"modified":"2026-05-13T21:57:08","modified_gmt":"2026-05-13T19:57:08","slug":"edision-hdmi-modulator-auf-dvb-t-signal","status":"publish","type":"product","link":"https:\/\/www.gallun-shop.com\/en\/produkt\/edision-hdmi-modulator-auf-dvb-t-signal\/","title":{"rendered":"Edision HDMI modulator to DVB-T signal"},"content":{"rendered":"<p class=\"qtranxs-available-languages-message qtranxs-available-languages-message-en\">Sorry, this entry is only available in <a href=\"https:\/\/www.gallun-shop.com\/de\/wp-json\/wp\/v2\/product\/11421\" class=\"qtranxs-available-language-link qtranxs-available-language-link-de\" title=\"Deutsch\">Deutsch<\/a>.<\/p><p>Edision HDMI Modulator Single in DVB-T<\/p>\n<p>Mit dem EDISION HDMI Modulator setzen Sie ein beliebiges HDMI-Signal in ein DVB-T Signal f\u00fcr die Darstellung auf nahezu unbegrenzten TV Ger\u00e4ten. Ideal f\u00fcr die Produktpr\u00e4sentationen in Einkaufsm\u00e4rkten, Einspeisung in Kopfstellen. <\/p>\n<p>Der Edision HDMI to DVB-T Modulator ist \u00e4u\u00dferst flexibel und kann HDMI Signale z.B. von Sat-Receivern, PCs, Notebooks, \u00dcberwachungskameras, DVD- BluRay Playern, u.v.m. verarbeiten. Das digitale HD-Eingangssignal bleibt hier vollst\u00e4ndig erhalten, die Ausgangskan\u00e4le k\u00f6nnen dann von HD DVB-T Receivern oder TV-Ger\u00e4ten mit eingebautem DVB-T Tuner (MPEG4) empfangen werden. Der Edision HDMI Modulator eignet sich hervorragend f\u00fcr gro\u00dfe Verteilsysteme wie Hotels, Superm\u00e4rkte, Wettb\u00fcros (Sportcafe) oder Heimanwender die Ihre \u00dcberwachungskamera in das vorhandene Verteilnetz einspeisen m\u00f6chten.<\/p>\n<p>Technische Daten:<br \/>\n&#8211; Digital HDMI Modulator single-Kanal DVB-T VHF\/UHF<br \/>\n&#8211; Eingangssignal: HDMI<br \/>\n&#8211; Ausgangssignal: FULL HIGH DEFINITION 1080p, Digitaler Terrestrischer DVB-T signal, MPEG4<br \/>\n&#8211; FULL HIGH DEFINITION Aufl\u00f6sung (1080i, bis zu 1080p@30FPS)<br \/>\n&#8211; Frequenzbreich: 174~233MHZ(VHF III), 470 &#8211; 858 (470-790 mit LTE-ON), MHz (UHF)<br \/>\n&#8211; RF Ausgans Level: Werkseinstellung 90 db\u00b5V, bis zu +6db\u00b5V (mit +2db\u00b5V steps) oder runter bis zu -14db\u00b5V (mit -2db\u00b5V steps)<br \/>\n&#8211; All-Band RF LOOP schleife eingang: 50MHZ~2400MHZ.<br \/>\n&#8211; Einbgebauter 4G-LTE filter, mit ON-OFF schalter.<br \/>\n&#8211; M.E.R. mehr als 35 db.<br \/>\n&#8211; Symbolrate bis zu 31.668 Mbps.<br \/>\n&#8211; Schnelles update \u00fcber USB stick<br \/>\n&#8211; CONFIG DATA funktion (USB extrakt, einfaches Hochladen auf den Modulator)<br \/>\n&#8211; 3-Prozessor Systeme W\/Host: CPU: 200MHz 32Bits RISC\/ Security Processor: 200MHz 32Bits\/Audio<br \/>\n&#8211; Seitenverh\u00e4ltnis: 16:9 Breitbild, 4:3 letter box, 4:3 pan scan, Unterst\u00fctzung AFD(DTG, MingDTG).<br \/>\n&#8211; OLED Display mit 128&#215;32 punkte<br \/>\n&#8211; Externes Netzteil: Eingang:100~240V AC, Ausgang:DC 12V\/2.0A<br \/>\n&#8211; Stromverbrauch: &lt; 10W<br \/>\n&#8211; Ma\u00dfe: 164x106x41 mm<br \/>\n&#8211; Farbe: Schwarz<\/p>\n<p>Verpackungsinhalt:<br \/>\n&#8211; HDMI Modulator single<br \/>\n&#8211; Externes 12V Netzteil<br \/>\n&#8211; 4x Schrauben und D\u00fcbel<br \/>\n&#8211; Bedienungsanleitung<br \/>\nEdision HDMI Modulator Single in DVB-T<\/p>\n<p>With the EDISION HDMI modulator, you can convert any HDMI signal into a DVB-T signal for display on virtually any TV set. Ideal for product presentations in shopping malls and feed-in to headends. <\/p>\n<p>The Edision HDMI to DVB-T Modulator is extremely flexible and can process HDMI signals from satellite receivers, PCs, notebooks, surveillance cameras, DVD and Blu-ray players, and much more. The digital HD input signal is fully preserved, and the output channels can then be received by HD DVB-T receivers or TV sets with built-in DVB-T tuners (MPEG4). The Edision HDMI modulator is ideal for large distribution systems such as hotels, supermarkets, betting shops (sports cafes), or home users who want to feed their surveillance camera into the existing distribution network.<\/p>\n<p>Technical data:<br \/>\n&#8211; Digital HDMI modulator, single channel, DVB-T VHF\/UHF<br \/>\n&#8211; Input signal: HDMI<br \/>\n&#8211; Output signal: FULL HIGH DEFINITION 1080p, digital terrestrial DVB-T signal, MPEG4<br \/>\n&#8211; FULL HIGH DEFINITION resolution (1080i, up to 1080p@30FPS)<br \/>\n&#8211; Frequency range: 174~233MHZ(VHF III), 470 &#8211; 858 (470-790 with LTE-ON), MHz (UHF)<br \/>\n&#8211; RF output level: Factory setting 90 db\u00b5V, up to +6db\u00b5V (with +2db\u00b5V steps) or down to -14db\u00b5V (with -2db\u00b5V steps)<br \/>\n&#8211; All-band RF LOOP input: 50 MHz~2400 MHz.<br \/>\n&#8211; Built-in 4G-LTE filter, with ON-OFF switch.<br \/>\n&#8211; M.E.R. more than 35 db.<br \/>\n&#8211; Symbol rate up to 31.668 Mbps.<br \/>\n&#8211; Fast update via USB stick<br \/>\n&#8211; CONFIG DATA function (USB extract, easy upload to the modulator)<br \/>\n&#8211; 3-processor systems W\/Host: CPU: 200 MHz 32-bit RISC\/Security Processor: 200 MHz 32-bit\/Audio<br \/>\n&#8211; Aspect ratio: 16:9 widescreen, 4:3 letter box, 4:3 pan scan, AFD support (DTG, MingDTG).<br \/>\n&#8211; OLED display with 128&#215;32 pixels<br \/>\n&#8211; External power supply: Input: 100~240V AC, Output: DC 12V\/2.0A<br \/>\n&#8211; Power consumption:<\/p>","protected":false},"excerpt":{"rendered":"<p>Sorry, this entry is only available in Deutsch.Edision HDMI Modulator Single in DVB-T Mit dem EDISION HDMI Modulator setzen Sie ein beliebiges HDMI-Signal in ein DVB-T Signal f\u00fcr die Darstellung auf nahezu unbegrenzten TV Ger\u00e4ten. Ideal f\u00fcr die Produktpr\u00e4sentationen in Einkaufsm\u00e4rkten, Einspeisung in Kopfstellen. Der Edision HDMI to DVB-T Modulator ist \u00e4u\u00dferst flexibel und kann [&hellip;]<\/p>\n","protected":false},"featured_media":65147,"template":"","meta":{"ep_exclude_from_search":false},"product_cat":[66],"product_tag":[],"class_list":{"0":"post-11421","1":"product","2":"type-product","3":"status-publish","4":"has-post-thumbnail","6":"product_cat-verteiltechnik","7":"product_shipping_class-paket","9":"first","10":"onbackorder","11":"taxable","12":"shipping-taxable","13":"purchasable","14":"product-type-simple"},"_links":{"self":[{"href":"https:\/\/www.gallun-shop.com\/en\/wp-json\/wp\/v2\/product\/11421"}],"collection":[{"href":"https:\/\/www.gallun-shop.com\/en\/wp-json\/wp\/v2\/product"}],"about":[{"href":"https:\/\/www.gallun-shop.com\/en\/wp-json\/wp\/v2\/types\/product"}],"wp:featuredmedia":[{"embeddable":true,"href":"https:\/\/www.gallun-shop.com\/en\/wp-json\/wp\/v2\/media\/65147"}],"wp:attachment":[{"href":"https:\/\/www.gallun-shop.com\/en\/wp-json\/wp\/v2\/media?parent=11421"}],"wp:term":[{"taxonomy":"product_cat","embeddable":true,"href":"https:\/\/www.gallun-shop.com\/en\/wp-json\/wp\/v2\/product_cat?post=11421"},{"taxonomy":"product_tag","embeddable":true,"href":"https:\/\/www.gallun-shop.com\/en\/wp-json\/wp\/v2\/product_tag?post=11421"}],"curies":[{"name":"wp","href":"https:\/\/api.w.org\/{rel}","templated":true}]}}