{"id":1027,"date":"2026-04-14T12:54:36","date_gmt":"2026-04-14T10:54:36","guid":{"rendered":"https:\/\/www.gallun-shop.com\/produkt\/quick-digitale-hochfrequenz-loetstation-150w-230v-kalibrierbar-3-speicher-auto-standby-100-550c-passwort-und-esd-schutz\/"},"modified":"2026-04-14T22:00:50","modified_gmt":"2026-04-14T20:00:50","slug":"quick-digitale-hochfrequenz-loetstation-150w-230v-kalibrierbar-3-speicher-auto-standby-100-550c-passwort-und-esd-schutz","status":"publish","type":"product","link":"https:\/\/www.gallun-shop.com\/en\/produkt\/quick-digitale-hochfrequenz-loetstation-150w-230v-kalibrierbar-3-speicher-auto-standby-100-550c-passwort-und-esd-schutz\/","title":{"rendered":"QUICK digital high-frequency soldering station 150W, 230V, calibratable, 3 memories, auto-standby, 100\u00b0-550\u00b0C, password and ESD protection"},"content":{"rendered":"<p class=\"qtranxs-available-languages-message qtranxs-available-languages-message-en\">Sorry, this entry is only available in <a href=\"https:\/\/www.gallun-shop.com\/de\/wp-json\/wp\/v2\/product\/1027\" class=\"qtranxs-available-language-link qtranxs-available-language-link-de\" title=\"Deutsch\">Deutsch<\/a>.<\/p><p>Professionelle und leistungsstarke L\u00f6tstation mit 150W f\u00fcr den industriellen Einsatz. Auch sehr gut f\u00fcr Tiffany-Arbeiten geeignet.<\/p>\n<p>QUICK steht f\u00fcr eine \u00e4u\u00dferst robuste, hochwertige Verarbeitung sowie dem flexiblen Einsatzbereich. Dazu geh\u00f6ren Eigenschaften wie die Verwendung von Hochfrequenz-Heizelementen, Messung der Temperatur in der L\u00f6tspitze f\u00fcr ein schnelles und effektives Heizregelverhalten, eine perfekte Standsicherheit von Station und Ablage auf dem Arbeitsplatz sowie eine \u00e4u\u00dferst flexible Zuleitung zum L\u00f6t-Tool.<\/p>\n<p>Diese verwendeten Komponenten erreichen eine hohe Lebensdauer und eine sehr gute Praxistauglichkeit.  <\/p>\n<p>Das Ger\u00e4t ist einfach einzurichten und in wenigen Minuten einsatzbereit. Der separate und frei positionierbare Ablagest\u00e4nder mit integriertem Feuchtschwamm erm\u00f6glicht die spitzenschonende Reinigung und Einrichtung des L\u00f6tplatzes ganz nach den Bed\u00fcrfnissen des Anwenders. Ersatzl\u00f6tspitzen k\u00f6nnen praktisch in der Halterung des rutschfesten Ablagest\u00e4nders aufbewahrt und abgelegt werden. Die bequeme Handhabung des L\u00f6tkolbens ist durch den ergonomischen Griff mit Griffpolster, integriertem Griffsensor und seiner \u00e4u\u00dferst flexiblen Zuleitung garantiert.<\/p>\n<p>Die L\u00f6ttemperatur l\u00e4sst sich einfach \u00fcber die Tasten in 1\u00b0C- Schritten im Temperaturbereich von 100\u00b0 bis 550\u00b0 C einstellen. Sie k\u00f6nnen jederzeit die Ist-Temperatur \u00fcber das gro\u00dfe, gut ablesbare Display im Blick behalten und sogar bis zu 3 Favoriten im Ger\u00e4t speichern. Die Temperaturgenauigkeit betr\u00e4gt +\/- 2\u00b0 C und ist kalibrierbar, z.B. nach einer Alterung des Heizelementes.<br \/>\nDie Station ist \u00fcber einen Passwortschutz vor ungewollten Ver\u00e4nderungen sicherbar.<\/p>\n<p>Dank eines beiliegenden Silikon-Pads als W\u00e4rmeschutz l\u00e4sst sich die L\u00f6tspitze unkompliziert sogar im hei\u00dfen Zustand wechseln. <\/p>\n<p>Zum Schutz der L\u00f6tspitze vor unn\u00f6tiger Oxidationen und Heizleistung schaltet die Station automatisch in einen Standby-Modus nach Unbenutzung. Diese Zeit ist ausw\u00e4hlbar zwischen 0-99 Minuten. Durch einen Sensor im Griff des L\u00f6tkolbens heizt die Station wieder automatisch in den Arbeitsmodus, wenn dieser in die Hand genommen wird.<\/p>\n<p>F\u00fcr den sicheren ESD- Schutz der L\u00f6tstation verbinden Sie es bitte fest mit Ihrem ESD sicheren Arbeitsplatz an der Buchse des Ger\u00e4tes. Das beiliegende Kabel mit einer Krokodilklemme ist lediglich eine tempor\u00e4re M\u00f6glichkeit hohe statische Aufladungen zu verhindern.<\/p>\n<p>Typ: digitale Hochfrequenz-L\u00f6tstation 230V, 50Hz<br \/>\nLeistung: 150 Watt Hochfrequenz-Heizung<br \/>\nL\u00f6tkolben 1,2m Anschlusskabel, silikonummantelt, sehr flexibel<br \/>\nHeizk\u00f6rper: gesteckt, wechselbar<br \/>\nAnzeige: digitale IST &#038; SOLL Temperatur, kalibrierbar<br \/>\nFesttemperaturtasten: 3 (voreingestellt auf 200\u00b0\/300\u00b0\/380\u00b0C)<br \/>\nPasswortschutz: ja<br \/>\nAufheizzeit: ca. 39s auf 350\u00b0C<br \/>\nTemperaturbereich: 100\u00b0-550\u00b0C<br \/>\nTemperaturtoleranz: +\/- 2\u00b0C<br \/>\nESD-Schutz: ja<br \/>\nL\u00f6tspitzenreinigung: Feuchtschwamm<br \/>\nErdungswiderstand: &lt; 2 Ohm<br \/>\nMasse-Potential: &lt; 2 mV<br \/>\nKonformit\u00e4t: CE, RoHS<br \/>\nAbmessungen: 96x160x135mm<br \/>\nGewicht: 1,38 kg, davon 285g Ablagest\u00e4nder<br \/>\nL\u00f6tspitzenserie: 500<\/p>\n<p>Lieferumfang:<br \/>\n&#8211; QUICK 3205 L\u00f6tstation<br \/>\n&#8211; L\u00f6tkolben mit montierter L\u00f6tspitze 500-5C angeschr\u00e4gt, \u00d8 5 mm<br \/>\n&#8211; Ablagest\u00e4nder mit integrierten Schwamm<br \/>\n&#8211; Silikonpad f\u00fcr einfachen L\u00f6tspitzenwechsel<br \/>\n&#8211; Kabel f\u00fcr den Potentialausgleich mit Krokodilklemme<br \/>\n&#8211; Bedienungsanleitung in deutscher Sprache<br \/>\nProfessional and powerful 150W soldering station for industrial use. Also very suitable for Tiffany work.<\/p>\n<p>QUICK stands for extremely robust, high-quality workmanship and flexible use. This includes features such as the use of high-frequency heating elements, measurement of the temperature in the soldering tip for fast and effective heating control, perfect stability of the station and tray on the workstation, and an extremely flexible supply line to the soldering tool.<\/p>\n<p>These components achieve a long service life and are highly practical. <\/p>\n<p>The device is easy to set up and ready to use in just a few minutes. The separate and freely positionable storage stand with integrated damp sponge enables tip-friendly cleaning and set-up of the soldering station according to the user&#039;s needs. Spare soldering tips can be conveniently stored in the holder of the non-slip storage rack. The soldering iron is comfortable to use thanks to the ergonomic handle with grip padding, integrated grip sensor and its extremely flexible supply cable.<\/p>\n<p>The soldering temperature can be easily adjusted in 1\u00b0C increments within a temperature range of 100\u00b0C to 550\u00b0C using the buttons. You can keep an eye on the actual temperature at all times on the large, easy-to-read display and even save up to three favorite settings in the device. The temperature accuracy is +\/- 2\u00b0 C and can be calibrated, e.g. after the heating element has aged.<br \/>\nThe station can be secured against unwanted changes using password protection.<\/p>\n<p>Thanks to the included silicone pad for heat protection, the soldering tip can be easily changed even when hot. <\/p>\n<p>To protect the soldering tip from unnecessary oxidation and to save heating power, the station automatically switches to standby mode when not in use. This time can be selected between 0-99 minutes. Thanks to a sensor in the handle of the soldering iron, the station automatically heats up again to operating mode when it is picked up.<\/p>\n<p>For safe ESD protection of the soldering station, please connect it firmly to your ESD-safe workstation at the socket of the device. The enclosed cable with an alligator clip is only a temporary solution to prevent high static charges.<\/p>\n<p>Type: digital high-frequency soldering station 230V, 50Hz<br \/>\nPower: 150 watts high-frequency heating<br \/>\nsoldering iron 1.2m connection cable, silicone-coated, very flexible<br \/>\nheater: plug-in, interchangeable<br \/>\ndisplay: digital ACTUAL &amp; SET temperature, calibratable<br \/>\nfixed temperature buttons: 3 (preset to 200\u00b0\/300\u00b0\/380\u00b0C)<br \/>\nPassword protection: yes<br \/>\nHeating time: approx. 39s to 350\u00b0C<br \/>\nTemperature range: 100\u00b0-550\u00b0C<br \/>\nTemperature tolerance: +\/- 2\u00b0C<br \/>\nESD protection: yes<br \/>\nSoldering tip cleaning: damp sponge<br \/>\nGround resistance:&lt; 2 Ohm<br \/>\nGround potential: <\/p>","protected":false},"excerpt":{"rendered":"<p>Sorry, this entry is only available in Deutsch.Professionelle und leistungsstarke L\u00f6tstation mit 150W f\u00fcr den industriellen Einsatz. Auch sehr gut f\u00fcr Tiffany-Arbeiten geeignet. QUICK steht f\u00fcr eine \u00e4u\u00dferst robuste, hochwertige Verarbeitung sowie dem flexiblen Einsatzbereich. Dazu geh\u00f6ren Eigenschaften wie die Verwendung von Hochfrequenz-Heizelementen, Messung der Temperatur in der L\u00f6tspitze f\u00fcr ein schnelles und effektives Heizregelverhalten, [&hellip;]<\/p>\n","protected":false},"featured_media":65449,"template":"","meta":{"ep_exclude_from_search":false},"product_cat":[289],"product_tag":[],"class_list":{"0":"post-1027","1":"product","2":"type-product","3":"status-publish","4":"has-post-thumbnail","6":"product_cat-quick","7":"product_shipping_class-paket","9":"first","10":"instock","11":"taxable","12":"shipping-taxable","13":"purchasable","14":"product-type-simple"},"_links":{"self":[{"href":"https:\/\/www.gallun-shop.com\/en\/wp-json\/wp\/v2\/product\/1027"}],"collection":[{"href":"https:\/\/www.gallun-shop.com\/en\/wp-json\/wp\/v2\/product"}],"about":[{"href":"https:\/\/www.gallun-shop.com\/en\/wp-json\/wp\/v2\/types\/product"}],"wp:featuredmedia":[{"embeddable":true,"href":"https:\/\/www.gallun-shop.com\/en\/wp-json\/wp\/v2\/media\/65449"}],"wp:attachment":[{"href":"https:\/\/www.gallun-shop.com\/en\/wp-json\/wp\/v2\/media?parent=1027"}],"wp:term":[{"taxonomy":"product_cat","embeddable":true,"href":"https:\/\/www.gallun-shop.com\/en\/wp-json\/wp\/v2\/product_cat?post=1027"},{"taxonomy":"product_tag","embeddable":true,"href":"https:\/\/www.gallun-shop.com\/en\/wp-json\/wp\/v2\/product_tag?post=1027"}],"curies":[{"name":"wp","href":"https:\/\/api.w.org\/{rel}","templated":true}]}}