{"id":29,"date":"2022-01-13T08:47:15","date_gmt":"2022-01-13T08:47:15","guid":{"rendered":"https:\/\/ersalive.hw.ag\/?page_id=29"},"modified":"2025-11-07T13:30:13","modified_gmt":"2025-11-07T12:30:13","slug":"allgemeine-geschaeftsbedingungen","status":"publish","type":"page","link":"https:\/\/www.gallun-shop.com\/en\/allgemeine-geschaeftsbedingungen\/","title":{"rendered":"Terms of Service"},"content":{"rendered":"<p><strong>Allgemeine Gesch\u00e4ftsbedingungen<\/strong><\/p>\n<div aria-label=\"table of contents\"><strong>1.\u00a0<a href=\"#geltungsbereich\">Geltungsbereich<\/a><\/strong><br \/>\n<strong>2.\u00a0<a href=\"#vertragspartner,_vertragsschluss,_korrekturm\u00f6glichkeiten\">Vertragspartner, Vertragsschluss, Korrekturm\u00f6glichkeiten<\/a><\/strong><br \/>\n<strong>3.\u00a0<a href=\"#vertragssprache,_vertragstextspeicherung\">Vertragssprache, Vertragstextspeicherung<\/a><\/strong><br \/>\n<strong>4.\u00a0<a href=\"#vertragsgegenstand\">Vertragsgegenstand<\/a><\/strong><br \/>\n<strong>5.\u00a0<a href=\"#lieferbedingungen\">Lieferbedingungen<\/a><\/strong><br \/>\n<strong>6.\u00a0<a href=\"#teillieferungsvorbehalt\">Teillieferungsvorbehalt<\/a><\/strong><br \/>\n<strong>7.\u00a0<a href=\"#bezahlung\">Bezahlung<\/a><\/strong><br \/>\n<strong>8.\u00a0<a href=\"#eigentumsvorbehalt\">Eigentumsvorbehalt<\/a><\/strong><br \/>\n<strong>9.\u00a0<a href=\"#transportsch\u00e4den\">Transportsch\u00e4den<\/a><\/strong><br \/>\n<strong>10.\u00a0<a href=\"#datensicherung\">Datensicherung<\/a><\/strong><br \/>\n<strong>11.\u00a0<a href=\"#gew\u00e4hrleistung_und_garantien\">Gew\u00e4hrleistung und Garantien<\/a><\/strong><br \/>\n<strong>12.\u00a0<a href=\"#haftung\">Haftung<\/a><\/strong><br \/>\n<strong>13.\u00a0<a href=\"#jugendschutz\">Jugendschutz<\/a><\/strong><br \/>\n<strong>14.\u00a0<a href=\"#schlussbestimmungen\">Schlussbestimmungen<\/a><\/strong><\/div>\n<h2 id=\"geltungsbereich\">1.\u00a0Geltungsbereich<\/h2>\n<p>Unser Online-Shop richtet sich ausschlie\u00dflich an Unternehmer. Verbraucher k\u00f6nnen in unserem Online-Shop www.loet-shop.com bestellen.<br \/>\nUnternehmer ist eine nat\u00fcrliche oder juristische Person oder eine rechtsf\u00e4hige Personengesellschaft, die bei Abschluss eines Rechtsgesch\u00e4fts in Aus\u00fcbung ihrer gewerblichen oder selbst\u00e4ndigen beruflichen T\u00e4tigkeit handelt.<br \/>\nVerbraucher ist jede nat\u00fcrliche Person, die ein Rechtsgesch\u00e4ft zu Zwecken abschlie\u00dft, die \u00fcberwiegend weder ihrer gewerblichen noch ihrer selbst\u00e4ndigen beruflichen T\u00e4tigkeit zugerechnet werden k\u00f6nnen.<br \/>\nNeben der \u00dcberpr\u00fcfung Ihrer Unternehmereigenschaft im Rahmen des Bestellprozesses sind wir berechtigt, einen Nachweis Ihrer Unternehmereigenschaft durch das Vorlegen geeigneter und aktueller Belege, z.B. Handelsregisterauszug oder Gewerbeanmeldung, zu verlangen.<br \/>\nDiese AGB gelten auch f\u00fcr k\u00fcnftige Gesch\u00e4ftsbeziehungen, ohne dass wir nochmals auf sie hinweisen m\u00fcssten. Verwendet der Unternehmer entgegenstehende oder erg\u00e4nzende Allgemeine Gesch\u00e4ftsbedingungen, wird deren Geltung hiermit widersprochen; sie werden nur dann Vertragsbestandteil, wenn wir dem ausdr\u00fccklich zugestimmt haben.<\/p>\n<h2 id=\"vertragspartner,_vertragsschluss,_korrekturm\u00f6glichkeiten\">2.\u00a0Vertragspartner, Vertragsschluss, Korrekturm\u00f6glichkeiten<\/h2>\n<p>Der Kaufvertrag kommt zustande mit Br\u00e4unlich GmbH.<\/p>\n<p>Die Darstellung der Produkte im Online-Shop stellt kein rechtlich bindendes Angebot, sondern einen unverbindlichen Online-Katalog dar. Sie k\u00f6nnen unsere Produkte zun\u00e4chst unverbindlich in den Warenkorb legen und Ihre Eingaben vor Absenden Ihrer verbindlichen Bestellung jederzeit korrigieren, indem Sie die hierf\u00fcr im Bestellablauf vorgesehenen und erl\u00e4uterten Korrekturhilfen nutzen. Durch Anklicken des Bestellbuttons geben Sie ein verbindliches Angebot \u00fcber die im Warenkorb enthaltenen Waren ab. Die Best\u00e4tigung des Zugangs Ihrer Bestellung erfolgt per E-Mail unmittelbar nach dem Absenden der Bestellung.<\/p>\n<p>Wir nehmen Ihr Angebot innerhalb von zwei Tagen an, indem<\/p>\n<ul>\n<li>wir eine Annahmeerkl\u00e4rung in separater E-Mail abgeben oder<\/li>\n<li>wir die Ware ausliefern lassen oder<\/li>\n<li>gegebenenfalls die Zahlungstransaktion durch unseren Dienstleister oder den ausgew\u00e4hlten Zahlungsdienstleister durchgef\u00fchrt wird. Der Durchf\u00fchrungszeitpunkt der Zahlungstransaktion richtet sich nach der jeweils ausgew\u00e4hlten Zahlungsart (s. unter \u201eBezahlung\u201c).<\/li>\n<\/ul>\n<p>Die f\u00fcr Sie relevante Alternative richtet sich danach, welches der aufgez\u00e4hlten Ereignisse als erstes eintritt.<\/p>\n<h2 id=\"vertragssprache,_vertragstextspeicherung\">3.\u00a0Vertragssprache, Vertragstextspeicherung<\/h2>\n<p>Die f\u00fcr den Vertragsschluss zur Verf\u00fcgung stehende(n) Sprache(n): Deutsch<\/p>\n<p>Wir speichern den Vertragstext und senden Ihnen die Bestelldaten und unsere AGB in Textform zu. Der Vertragstext ist aus Sicherheitsgr\u00fcnden nicht mehr \u00fcber das Internet zug\u00e4nglich.<\/p>\n<h2 id=\"vertragsgegenstand\">4.\u00a0Vertragsgegenstand<\/h2>\n<h3 id=\"produktbeschreibung\">4.1\u00a0Produktbeschreibung<\/h3>\n<p>Auf die Geltung der jeweiligen Produktbeschreibung als wesentlicher Bestandteil des Vertrages wird hingewiesen.<\/p>\n<h3 id=\"produktbilder\">4.2\u00a0Produktbilder<\/h3>\n<p>Unbeschadet Ihrer gesetzlichen Gew\u00e4hrleistungsrechte m\u00f6chten wir Sie auf die nachfolgenden Besonderheiten hinweisen. Bei Unsicherheiten setzen Sie sich bitte mit uns in Verbindung:<\/p>\n<p>Aufgrund individueller Bildschirmkonfigurationen (z.B. Aufl\u00f6sung und Helligkeit) sind geringf\u00fcgige Abweichungen zwischen den dargestellten und den tats\u00e4chlichen\u00a0<strong>Produktfarben<\/strong>\u00a0m\u00f6glich.<\/p>\n<h2 id=\"lieferbedingungen\">5.\u00a0Lieferbedingungen<\/h2>\n<p>Zuz\u00fcglich zu den angegebenen Produktpreisen k\u00f6nnen noch Versandkosten anfallen. N\u00e4here Bestimmungen zu ggf. anfallenden Versandkosten erfahren Sie bei den Angeboten.<\/p>\n<h3 id=\"versandkosten\">5.1\u00a0Versandkosten<\/h3>\n<p>Der\u00a0<strong>Standardversand\u00a0<\/strong>erfolgt versandkostenfrei ab einem Bestellwert in H\u00f6he von 214,2 \u20ac inkl. MwSt. Euro inkl. MwSt.<\/p>\n<h3 id=\"lieferoptionen\">5.2\u00a0Lieferoptionen<\/h3>\n<p>Wir versenden die Produkte an die im Bestellprozess angegebene Lieferadresse.<\/p>\n<p>Sie haben grunds\u00e4tzlich die M\u00f6glichkeit der Abholung bei Br\u00e4unlich GmbH, Am Heideberg 26, 06886 Lutherstadt Wittenberg, Deutschland zu den nachfolgend angegebenen Gesch\u00e4ftszeiten: Mo.-Fr 8:00 bis 16:00 Uhr (au\u00dfer an Feiertagen, sowie an folgenden Werktagen: 31.03.,24.12.,31.12.)<\/p>\n<h3 id=\"lieferung_per_spedition\">5.3\u00a0Lieferung per Spedition<\/h3>\n<p><strong>Terminvereinbarung<\/strong><\/p>\n<p>Bei Speditionslieferungen setzt sich das von uns beauftragte Speditionsunternehmen zum Zwecke der Vereinbarung eines Liefertermins mit Ihnen in Verbindung.<\/p>\n<p><strong>Lieferort<\/strong><\/p>\n<p>Die Lieferung der Ware ersch\u00f6pft sich in dem Transport und dem Entladen der Ware an den ersten \u00f6ffentlichen Bordstein der vereinbarten Lieferanschrift. Die Lieferung beinhaltet nicht die Lieferung in bestimmten R\u00e4umlichkeiten oder die Montage und\/oder die Installation der bestellten Waren, sofern nichts anderes ausdr\u00fccklich vereinbart ist.<\/p>\n<h2 id=\"teillieferungsvorbehalt\">6.\u00a0Teillieferungsvorbehalt<\/h2>\n<p>Vorbehaltlich der Selbstbelieferung werden wir f\u00fcr eine schnelle Lieferung Sorge tragen. Ist ein Teil der Bestellung nicht sofort lieferbar, weil wir von unserem zuverl\u00e4ssigen Lieferanten ohne unser Verschulden trotz Aufgabe einer deckungsgleichen Bestellung nicht rechtzeitig beliefert werden, werden wir die restlichen Waren ohne erneute Berechnung der Versandkosten nachliefern, soweit dies f\u00fcr Sie zumutbar ist.<\/p>\n<h2 id=\"bezahlung\">7.\u00a0Bezahlung<\/h2>\n<h3 id=\"preise\">7.1\u00a0 Preise<\/h3>\n<p>Es gelten die zum Zeitpunkt der Bestellung angegebenen Preise. Diese sind Gesamtpreise und enthalten die gesetzliche Mehrwertsteuer.<\/p>\n<h3 id=\"f\u00e4lligkeit_und_zahlungsverzug\">7.2\u00a0F\u00e4lligkeit und Zahlungsverzug<\/h3>\n<p>Der Preis ist mit Vertragsschluss f\u00e4llig, wenn sich kein sp\u00e4terer Zeitpunkt aus den nachfolgenden Zahlungsbedingungen ergibt.<\/p>\n<p>F\u00fcr den Fall eines Zahlungsverzugs behalten wir uns vor, Ihnen die gesetzlichen Verzugszinsen in H\u00f6he von neun Prozentpunkten \u00fcber dem Basiszinssatz sowie eine Pauschale in H\u00f6he von 40 Euro in Rechnung zu stellen. Weitere Anspr\u00fcche bleiben hiervon unber\u00fchrt.<\/p>\n<h3 id=\"zahlungsarten_und_rechnungsstellung\">7.3\u00a0Zahlungsarten und Rechnungsstellung<\/h3>\n<p>Sie erkl\u00e4ren sich mit der \u00dcbermittlung s\u00e4mtlicher Rechnungen per E-Mail einverstanden. Die Einwilligung kann jederzeit widerrufen werden.<\/p>\n<p>In unserem Shop stehen Ihnen grunds\u00e4tzlich die folgenden Zahlungsarten zur Verf\u00fcgung:<\/p>\n<p><strong>Vorkasse<\/strong><br \/>\nBei Auswahl der Zahlungsart Vorkasse nennen wir Ihnen unsere Bankverbindung in separater E-Mail und liefern die Ware nach Zahlungseingang.<\/p>\n<p><strong>PayPal<\/strong><br \/>\nIn Zusammenarbeit mit dem Zahlungsdienstleister PayPal (Europe) S.\u00e0 r.l. et Cie, S.C.A, 22-24 Boulevard Royal, L-2449 Luxembourg (\u201ePayPal\u201c) bieten wir Ihnen die nachfolgenden Zahlungsoptionen als PayPal Services an. Sofern nachfolgend nichts anderes geregelt ist, setzt die Zahlung \u00fcber PayPal keine Registrierung bei PayPal voraus. Weitere Hinweise erhalten Sie bei der jeweiligen Zahlungsoption und im Bestellvorgang.<\/p>\n<p><strong>PayPal<\/strong><br \/>\nUm den Rechnungsbetrag \u00fcber die Zahlungsoption PayPal bezahlen zu k\u00f6nnen, m\u00fcssen Sie bei PayPal registriert sein, sich mit Ihren Zugangsdaten legitimieren und die Zahlungsanweisung best\u00e4tigen. Die Zahlungstransaktion wird durch PayPal unmittelbar nach Abgabe der Bestellung durchgef\u00fchrt.<\/p>\n<p>PayPal kann registrierten und nach eigenen Kriterien ausgew\u00e4hlten PayPal-Kunden weitere Zahlungsmodalit\u00e4ten im Kundenkonto anbieten. Auf das Anbieten dieser Modalit\u00e4ten haben wir allerdings keinen Einfluss; weitere individuell angebotene Zahlungsmodalit\u00e4ten betreffen Ihr Rechtsverh\u00e4ltnis mit PayPal. Weitere Informationen hierzu finden Sie in Ihrem PayPal-Konto.<\/p>\n<p><strong>Kreditkarte \u00fcber PayPal<\/strong><br \/>\nIhre Karte wird durch PayPal nach Versendung der Ware belastet.<\/p>\n<p><strong>Rechnung<\/strong><br \/>\nDer Rechnungsbetrag ist 30 Tage nach Erhalt der Rechnung und der Ware per \u00dcberweisung auf das in der Rechnung angegebene Bankkonto f\u00e4llig. Wir behalten uns vor, den Kauf auf Rechnung nur nach einer erfolgreichen Bonit\u00e4tspr\u00fcfung anzubieten.<\/p>\n<p>Ihnen steht ein Aufrechnungsrecht nur dann zu, wenn Ihre Gegenforderung aus demselben Vertragsverh\u00e4ltnis stammt oder in einem Gegenseitigkeitsverh\u00e4ltnis mit unserer Hauptforderung steht, von uns nicht bestritten wird oder rechtskr\u00e4ftig festgestellt wurde.<\/p>\n<p>Ihnen steht ein Zur\u00fcckbehaltungsrecht nur dann zu, wenn Ihre Gegenforderung auf demselben Vertragsverh\u00e4ltnis beruht.<\/p>\n<h2 id=\"eigentumsvorbehalt\">8.\u00a0Eigentumsvorbehalt<\/h2>\n<p>Wir behalten uns das Eigentum an der Ware bis zur vollst\u00e4ndigen Begleichung aller Forderungen aus einer laufenden Gesch\u00e4ftsbeziehung vor. Sie d\u00fcrfen die Vorbehaltsware im ordentlichen Gesch\u00e4ftsbetrieb weiterver\u00e4u\u00dfern; s\u00e4mtliche aus diesem Weiterverkauf entstehenden Forderungen treten Sie \u2013 unabh\u00e4ngig von einer Verbindung oder Vermischung der Vorbehaltsware mit einer neuen Sache &#8211; in H\u00f6he des Rechnungsbetrages an uns im Voraus ab und wir nehmen diese Abtretung an. Sie bleiben zur Einziehung der Forderungen erm\u00e4chtigt, wir d\u00fcrfen Forderungen jedoch auch selbst einziehen, soweit Sie Ihren Zahlungsverpflichtungen nicht nachkommen.<br \/>\nWenn Sie die Vorbehaltssache mit anderen Gegenst\u00e4nden verbinden, vermischen oder diese verarbeiten, erwerben wir Miteigentum an der neuen Sache im Verh\u00e4ltnis des Wertes der Vorbehaltsware zu den anderen verarbeiteten Gegenst\u00e4nden zur Zeit der Verbindung bzw. Vermischung oder Verarbeitung. Ist Ihre Sache als Hauptsache anzusehen, so haben Sie uns anteilsm\u00e4\u00dfig Miteigentum zu \u00fcbertragen. Die uns zustehenden Sicherheiten werden wir auf Ihr Verlangen insoweit freigeben, als der realisierbare Wert der Sicherheiten die zu sichernden Forderungen um mehr als 10 % \u00fcbersteigt.<\/p>\n<h2 id=\"transportsch\u00e4den\">9.\u00a0Transportsch\u00e4den<\/h2>\n<p>Die Gefahr des zuf\u00e4lligen Untergangs und der zuf\u00e4lligen Verschlechterung geht auf Sie \u00fcber, sobald wir die Sache dem Spediteur, dem Frachtf\u00fchrer oder der sonst zur Ausf\u00fchrung der Versendung bestimmten Person oder Anstalt ausgeliefert haben.<\/p>\n<h2 id=\"datensicherung\">10.\u00a0Datensicherung<\/h2>\n<p>Sie sind zur ordnungsgem\u00e4\u00dfen und regelm\u00e4\u00dfigen Sicherung Ihrer Daten verantwortlich. Bei Sch\u00e4den aus dem Verlust von Daten, haften wir nicht, soweit Sie den Datenverlust durch eine regelm\u00e4\u00dfige und vollst\u00e4ndige Datensicherung h\u00e4tten vermeiden k\u00f6nnen.<\/p>\n<p>Die vorstehende Einschr\u00e4nkung gilt nicht f\u00fcr Anspr\u00fcche aufgrund von Sch\u00e4den, die durch uns, unsere gesetzlichen Vertreter oder Erf\u00fcllungsgehilfen verursacht wurden<\/p>\n<ul>\n<li>bei Verletzung des Lebens, des K\u00f6rpers oder der Gesundheit<\/li>\n<li>bei vors\u00e4tzlicher oder grob fahrl\u00e4ssiger Pflichtverletzung sowie Arglist<\/li>\n<li>bei Verletzung wesentlicher Vertragspflichten, deren Erf\u00fcllung die ordnungsgem\u00e4\u00dfe Durchf\u00fchrung des Vertrages \u00fcberhaupt erst erm\u00f6glicht und auf deren Einhaltung der Vertragspartner regelm\u00e4\u00dfig vertrauen darf (Kardinalpflichten)<\/li>\n<li>im Rahmen eines Garantieversprechens, soweit vereinbart, oder<\/li>\n<li>soweit der Anwendungsbereich des Produkthaftungsgesetzes er\u00f6ffnet ist.<\/li>\n<\/ul>\n<h2 id=\"gew\u00e4hrleistung_und_garantien\">11.\u00a0Gew\u00e4hrleistung und Garantien<\/h2>\n<h3 id=\"m\u00e4ngelhaftungsrecht\">11.1\u00a0M\u00e4ngelhaftungsrecht<\/h3>\n<p>Soweit nicht nachstehend ausdr\u00fccklich anders vereinbart, gilt das gesetzliche M\u00e4ngelhaftungsrecht.<\/p>\n<p>Die nachstehenden Einschr\u00e4nkungen und Fristverk\u00fcrzungen gelten nicht f\u00fcr Anspr\u00fcche aufgrund von Sch\u00e4den, die durch uns, unsere gesetzlichen Vertreter oder Erf\u00fcllungsgehilfen verursacht wurden<\/p>\n<ul>\n<li>bei Verletzung des Lebens, des K\u00f6rpers oder der Gesundheit<\/li>\n<li>bei vors\u00e4tzlicher oder grob fahrl\u00e4ssiger Pflichtverletzung sowie Arglist<\/li>\n<li>bei Verletzung wesentlicher Vertragspflichten, deren Erf\u00fcllung die ordnungsgem\u00e4\u00dfe Durchf\u00fchrung des Vertrages \u00fcberhaupt erst erm\u00f6glicht und auf deren Einhaltung der Vertragspartner regelm\u00e4\u00dfig vertrauen darf (Kardinalpflichten)<\/li>\n<li>im Rahmen eines Garantieversprechens, soweit vereinbart, oder<\/li>\n<li>soweit der Anwendungsbereich des Produkthaftungsgesetzes er\u00f6ffnet ist.<\/li>\n<\/ul>\n<p><strong>Beschr\u00e4nkungen gegen\u00fcber Unternehmern<\/strong><\/p>\n<p>Gegen\u00fcber Unternehmern gelten als Vereinbarung \u00fcber die Beschaffenheit der Ware nur unsere eigenen Angaben und die Produktbeschreibungen des Herstellers, die in den Vertrag einbezogen wurden; f\u00fcr \u00f6ffentliche \u00c4u\u00dferungen des Herstellers oder sonstige Werbeaussagen \u00fcbernehmen wir keine Haftung. F\u00fcr Unternehmer betr\u00e4gt die Verj\u00e4hrungsfrist f\u00fcr M\u00e4ngelanspr\u00fcche bei neu hergestellten Sachen ein Jahr ab Gefahr\u00fcbergang. Der vorige Satz gilt nicht bei einer Sache, die entsprechend ihrer \u00fcblichen Verwendungsweise f\u00fcr ein Bauwerk verwendet worden ist und dessen Mangelhaftigkeit verursacht hat. Der Verkauf gebrauchter Waren erfolgt unter Ausschluss jeglicher Gew\u00e4hrleistung.<\/p>\n<p>Die gesetzlichen Verj\u00e4hrungsfristen f\u00fcr den R\u00fcckgriffsanspruch nach \u00a7 445a BGB bleiben unber\u00fchrt.<\/p>\n<p><strong>Regelungen gegen\u00fcber Kaufleuten<\/strong><\/p>\n<p>Unter Kaufleuten gilt die in \u00a7 377 HGB geregelte Untersuchungs- und R\u00fcgepflicht. Unterlassen Sie die dort geregelte Anzeige, so gilt die Ware als genehmigt, es sei denn, dass es sich um einen Mangel handelt, der bei der Untersuchung nicht erkennbar war. Dies gilt nicht, falls wir einen Mangel arglistig verschwiegen haben.<\/p>\n<h3 id=\"garantien_und_kundendienst\">11.2\u00a0Garantien und Kundendienst<\/h3>\n<p>Informationen zu gegebenenfalls geltenden zus\u00e4tzlichen Garantien und deren genaue Bedingungen finden Sie jeweils beim Produkt und auf besonderen Informationsseiten im Online-Shop.<\/p>\n<p><strong>Kundendienst<\/strong>: Sie erreichen unseren Kundendienst f\u00fcr Fragen, Reklamationen und Beanstandungen werktags von bis unter der Telefonnummer sowie per E-Mail unter<\/p>\n<h2 id=\"haftung\">12.\u00a0Haftung<\/h2>\n<p>F\u00fcr Anspr\u00fcche aufgrund von Sch\u00e4den, die durch uns, unsere gesetzlichen Vertreter oder Erf\u00fcllungsgehilfen verursacht wurden, haften wir stets unbeschr\u00e4nkt<br \/>\n\u2022 bei Verletzung des Lebens, des K\u00f6rpers oder der Gesundheit<br \/>\n\u2022 bei vors\u00e4tzlicher oder grob fahrl\u00e4ssiger Pflichtverletzung<br \/>\n\u2022 bei Garantieversprechen, soweit vereinbart, oder<br \/>\n\u2022 soweit der Anwendungsbereich des Produkthaftungsgesetzes er\u00f6ffnet ist.<br \/>\nBei Verletzung wesentlicher Vertragspflichten, deren Erf\u00fcllung die ordnungsgem\u00e4\u00dfe Durchf\u00fchrung des Vertrages \u00fcberhaupt erst erm\u00f6glicht und auf deren Einhaltung der Vertragspartner regelm\u00e4\u00dfig vertrauen darf, (Kardinalpflichten) durch leichte Fahrl\u00e4ssigkeit von uns, unseren gesetzlichen Vertretern oder Erf\u00fcllungsgehilfen ist die Haftung der H\u00f6he nach auf den bei Vertragsschluss vorhersehbaren Schaden begrenzt, mit dessen Entstehung typischerweise gerechnet werden muss.<br \/>\nIm \u00dcbrigen sind Anspr\u00fcche auf Schadensersatz ausgeschlossen.<\/p>\n<h2 id=\"jugendschutz\">13.\u00a0Jugendschutz<\/h2>\n<p>Eine Zustellung an Packstationen ist in diesem Fall nicht m\u00f6glich.<\/p>\n<p>Sofern Ihre Bestellung Waren umfasst, deren Verkauf Altersbeschr\u00e4nkungen unterliegt, stellen wir durch den Einsatz eines zuverl\u00e4ssigen Verfahrens unter Einbeziehung einer pers\u00f6nlichen Identit\u00e4ts- und Alterspr\u00fcfung sicher, dass der Besteller das erforderliche Mindestalter erreicht hat. Der Zusteller \u00fcbergibt die Ware erst nach erfolgter Alterspr\u00fcfung und nur an den Besteller pers\u00f6nlich.<\/p>\n<h2 id=\"schlussbestimmungen\">14.\u00a0Schlussbestimmungen<\/h2>\n<p>Es gilt deutsches Recht unter Ausschluss des UN-Kaufrechts.<\/p>\n<p>Sind Sie Kaufmann im Sinne des Handelsgesetzbuches, juristische Person des \u00f6ffentlichen Rechts oder \u00f6ffentlich-rechtliches Sonderverm\u00f6gen, ist ausschlie\u00dflicher Gerichtsstand f\u00fcr alle Streitigkeiten aus Vertragsverh\u00e4ltnissen zwischen uns und Ihnen unser Gesch\u00e4ftssitz.<\/p>\n<p>Sollten einzelne Klauseln dieser AGB ganz oder teilweise unwirksam sein, so bleibt der Vertrag im \u00dcbrigen wirksam. Soweit einzelne Klauseln unwirksam sind, richtet sich der Inhalt des Vertrags nach den gesetzlichen Vorschriften.<\/p>\n","protected":false},"excerpt":{"rendered":"<p>Allgemeine Gesch\u00e4ftsbedingungen 1.\u00a0Geltungsbereich 2.\u00a0Vertragspartner, Vertragsschluss, Korrekturm\u00f6glichkeiten 3.\u00a0Vertragssprache, Vertragstextspeicherung 4.\u00a0Vertragsgegenstand 5.\u00a0Lieferbedingungen 6.\u00a0Teillieferungsvorbehalt 7.\u00a0Bezahlung 8.\u00a0Eigentumsvorbehalt 9.\u00a0Transportsch\u00e4den 10.\u00a0Datensicherung 11.\u00a0Gew\u00e4hrleistung und Garantien 12.\u00a0Haftung 13.\u00a0Jugendschutz 14.\u00a0Schlussbestimmungen 1.\u00a0Geltungsbereich Unser Online-Shop richtet sich ausschlie\u00dflich an Unternehmer. Verbraucher k\u00f6nnen in unserem Online-Shop www.loet-shop.com bestellen. Unternehmer ist eine nat\u00fcrliche oder juristische Person oder eine rechtsf\u00e4hige Personengesellschaft, die bei Abschluss eines Rechtsgesch\u00e4fts in Aus\u00fcbung ihrer [&hellip;]<\/p>\n","protected":false},"author":1,"featured_media":0,"parent":0,"menu_order":0,"comment_status":"closed","ping_status":"closed","template":"no-sidebar-card.php","meta":{"ep_exclude_from_search":false,"footnotes":""},"class_list":["post-29","page","type-page","status-publish","hentry"],"_links":{"self":[{"href":"https:\/\/www.gallun-shop.com\/en\/wp-json\/wp\/v2\/pages\/29"}],"collection":[{"href":"https:\/\/www.gallun-shop.com\/en\/wp-json\/wp\/v2\/pages"}],"about":[{"href":"https:\/\/www.gallun-shop.com\/en\/wp-json\/wp\/v2\/types\/page"}],"author":[{"embeddable":true,"href":"https:\/\/www.gallun-shop.com\/en\/wp-json\/wp\/v2\/users\/1"}],"replies":[{"embeddable":true,"href":"https:\/\/www.gallun-shop.com\/en\/wp-json\/wp\/v2\/comments?post=29"}],"version-history":[{"count":12,"href":"https:\/\/www.gallun-shop.com\/en\/wp-json\/wp\/v2\/pages\/29\/revisions"}],"predecessor-version":[{"id":79828,"href":"https:\/\/www.gallun-shop.com\/en\/wp-json\/wp\/v2\/pages\/29\/revisions\/79828"}],"wp:attachment":[{"href":"https:\/\/www.gallun-shop.com\/en\/wp-json\/wp\/v2\/media?parent=29"}],"curies":[{"name":"wp","href":"https:\/\/api.w.org\/{rel}","templated":true}]}}